{"id":1001,"date":"2026-02-01T14:41:02","date_gmt":"2026-02-01T13:41:02","guid":{"rendered":"http:\/\/hitrecords.digesthub.com\/proizvod\/top-hits\/"},"modified":"2026-02-01T14:41:02","modified_gmt":"2026-02-01T13:41:02","slug":"top-hits","status":"publish","type":"product","link":"https:\/\/webshop.hitrecords.hr\/?product=top-hits","title":{"rendered":"TOP HITS"},"content":{"rendered":"<p>Popis pjesama:<br \/>\n1.\tKad \u017eena zavoli &#8211; Tony Cetinski<br \/>\n2.\tNe mogu ti re\u0107i \u0161to je tuga &#8211; Hari Mata Hari &amp; Nina Badri\u0107<br \/>\n3.\tNisam ti ja bilo tko &#8211; Neda Ukraden<br \/>\n4.\tNemoj se udavati &#8211; Jasmin Stavros<br \/>\n5.\tSamac  &#8211; Jole<br \/>\n6.\tLedena &#8211; To\u0161e Proeski<br \/>\n7.\tDu\u0161o moja nije meni lako &#8211; Baruni<br \/>\n8.\tDa me barem mrzi\u0161 &#8211; Leo<br \/>\n9.\tPrazan stan &#8211; ET<br \/>\n10.\tRodit \u0107u ti &#8216;\u0107er i sina &#8211; Jelena Rozga<br \/>\n11.\tSedam godina &#8211; Dra\u017een Ze\u010di\u0107<br \/>\n12.\tLjubavna adresa &#8211; \u017deljko Samard\u017ei\u0107<br \/>\n13.\tNe mogu ti to oprostiti &#8211; Sini\u0161a Vuco<br \/>\n14.\tZa\u010daran\t &#8211; Lana<br \/>\n15.\tGdje mi ljubav spava &#8211; Armin<br \/>\n16.\tVoda te\u010de  &#8211; Magazin<\/p>\n","protected":false},"excerpt":{"rendered":"<p>Popis pjesama: 1. Kad \u017eena zavoli &#8211; Tony Cetinski 2. Ne mogu ti re\u0107i \u0161to je tuga &#8211; Hari Mata Hari &amp; Nina Badri\u0107 3. Nisam ti ja bilo tko &#8211; Neda Ukraden 4. Nemoj se udavati &#8211; Jasmin Stavros 5. Samac &#8211; Jole 6. Ledena &#8211; To\u0161e Proeski 7. Du\u0161o moja nije meni lako [&hellip;]<\/p>\n","protected":false},"featured_media":1002,"comment_status":"open","ping_status":"closed","template":"","meta":[],"product_brand":[],"product_cat":[31],"product_tag":[],"class_list":{"0":"post-1001","1":"product","2":"type-product","3":"status-publish","4":"has-post-thumbnail","6":"product_cat-cd","8":"first","9":"instock","10":"shipping-taxable","11":"purchasable","12":"product-type-simple"},"_links":{"self":[{"href":"https:\/\/webshop.hitrecords.hr\/index.php?rest_route=\/wp\/v2\/product\/1001","targetHints":{"allow":["GET"]}}],"collection":[{"href":"https:\/\/webshop.hitrecords.hr\/index.php?rest_route=\/wp\/v2\/product"}],"about":[{"href":"https:\/\/webshop.hitrecords.hr\/index.php?rest_route=\/wp\/v2\/types\/product"}],"replies":[{"embeddable":true,"href":"https:\/\/webshop.hitrecords.hr\/index.php?rest_route=%2Fwp%2Fv2%2Fcomments&post=1001"}],"wp:featuredmedia":[{"embeddable":true,"href":"https:\/\/webshop.hitrecords.hr\/index.php?rest_route=\/wp\/v2\/media\/1002"}],"wp:attachment":[{"href":"https:\/\/webshop.hitrecords.hr\/index.php?rest_route=%2Fwp%2Fv2%2Fmedia&parent=1001"}],"wp:term":[{"taxonomy":"product_brand","embeddable":true,"href":"https:\/\/webshop.hitrecords.hr\/index.php?rest_route=%2Fwp%2Fv2%2Fproduct_brand&post=1001"},{"taxonomy":"product_cat","embeddable":true,"href":"https:\/\/webshop.hitrecords.hr\/index.php?rest_route=%2Fwp%2Fv2%2Fproduct_cat&post=1001"},{"taxonomy":"product_tag","embeddable":true,"href":"https:\/\/webshop.hitrecords.hr\/index.php?rest_route=%2Fwp%2Fv2%2Fproduct_tag&post=1001"}],"curies":[{"name":"wp","href":"https:\/\/api.w.org\/{rel}","templated":true}]}}