{"id":1015,"date":"2026-02-01T14:41:04","date_gmt":"2026-02-01T13:41:04","guid":{"rendered":"http:\/\/hitrecords.digesthub.com\/proizvod\/za-sva-vremena\/"},"modified":"2026-02-01T14:41:04","modified_gmt":"2026-02-01T13:41:04","slug":"za-sva-vremena","status":"publish","type":"product","link":"https:\/\/webshop.hitrecords.hr\/?product=za-sva-vremena","title":{"rendered":"ZA SVA VREMENA"},"content":{"rendered":"<p>Popis pjesama:<br \/>\n1.\tStani stani ibar vodo<br \/>\n2.\t\u010cudna jada od Mostara grada<br \/>\n3.\tPu\u010de pu\u0161ka u dolini Drima<br \/>\n4.\tDanjova mama<br \/>\n5.\tStara staza<br \/>\n6.\tStani mome da zaigra\u0161<br \/>\n7.\tIvanova korita<br \/>\n8.\tBlagujno dejce<br \/>\n9.\tEmina<br \/>\n10.\tJovano, Jovanke<br \/>\n11.\t\u0160to te nema<br \/>\n12.\t\u0160to mi je merak<br \/>\n13.\t\u0110aurko milu<br \/>\n14.\tLipe cvatu<br \/>\n15.\tZajdi, zajdi<br \/>\n16.\tDa te mogu pismom zvati<\/p>\n","protected":false},"excerpt":{"rendered":"<p>Popis pjesama: 1. Stani stani ibar vodo 2. \u010cudna jada od Mostara grada 3. Pu\u010de pu\u0161ka u dolini Drima 4. Danjova mama 5. Stara staza 6. Stani mome da zaigra\u0161 7. Ivanova korita 8. Blagujno dejce 9. Emina 10. Jovano, Jovanke 11. \u0160to te nema 12. \u0160to mi je merak 13. \u0110aurko milu 14. Lipe [&hellip;]<\/p>\n","protected":false},"featured_media":1017,"comment_status":"open","ping_status":"closed","template":"","meta":[],"product_brand":[],"product_cat":[31],"product_tag":[],"class_list":{"0":"post-1015","1":"product","2":"type-product","3":"status-publish","4":"has-post-thumbnail","6":"product_cat-cd","8":"first","9":"instock","10":"shipping-taxable","11":"purchasable","12":"product-type-simple"},"_links":{"self":[{"href":"https:\/\/webshop.hitrecords.hr\/index.php?rest_route=\/wp\/v2\/product\/1015","targetHints":{"allow":["GET"]}}],"collection":[{"href":"https:\/\/webshop.hitrecords.hr\/index.php?rest_route=\/wp\/v2\/product"}],"about":[{"href":"https:\/\/webshop.hitrecords.hr\/index.php?rest_route=\/wp\/v2\/types\/product"}],"replies":[{"embeddable":true,"href":"https:\/\/webshop.hitrecords.hr\/index.php?rest_route=%2Fwp%2Fv2%2Fcomments&post=1015"}],"wp:featuredmedia":[{"embeddable":true,"href":"https:\/\/webshop.hitrecords.hr\/index.php?rest_route=\/wp\/v2\/media\/1017"}],"wp:attachment":[{"href":"https:\/\/webshop.hitrecords.hr\/index.php?rest_route=%2Fwp%2Fv2%2Fmedia&parent=1015"}],"wp:term":[{"taxonomy":"product_brand","embeddable":true,"href":"https:\/\/webshop.hitrecords.hr\/index.php?rest_route=%2Fwp%2Fv2%2Fproduct_brand&post=1015"},{"taxonomy":"product_cat","embeddable":true,"href":"https:\/\/webshop.hitrecords.hr\/index.php?rest_route=%2Fwp%2Fv2%2Fproduct_cat&post=1015"},{"taxonomy":"product_tag","embeddable":true,"href":"https:\/\/webshop.hitrecords.hr\/index.php?rest_route=%2Fwp%2Fv2%2Fproduct_tag&post=1015"}],"curies":[{"name":"wp","href":"https:\/\/api.w.org\/{rel}","templated":true}]}}