{"id":1037,"date":"2026-02-01T14:41:06","date_gmt":"2026-02-01T13:41:06","guid":{"rendered":"http:\/\/hitrecords.digesthub.com\/proizvod\/zavela-me-dakovo-dakovo-grade\/"},"modified":"2026-02-01T14:41:06","modified_gmt":"2026-02-01T13:41:06","slug":"zavela-me-dakovo-dakovo-grade","status":"publish","type":"product","link":"https:\/\/webshop.hitrecords.hr\/?product=zavela-me-dakovo-dakovo-grade","title":{"rendered":"ZAVELA ME &amp; \u0110AKOVO, \u0110AKOVO GRADE"},"content":{"rendered":"<p>Popis pjesama:<br \/>\nCD1<br \/>\n1.\tSeljak boy<br \/>\n2.\tZavela me<br \/>\n3.\tDalmatinac ljubi slavonku<br \/>\n4.\tIspovjed tambura\u0161a<br \/>\n5.\tLola i frajla<br \/>\n6.\tSrce drugog ljubit ne\u0107e<br \/>\n7.\tHej Hrvati<br \/>\n8.\tLijepom na\u0161om<br \/>\n9.\tMe\u0111a\u0161i<br \/>\n10.\tNe damo vam na\u0161e Lipicance<br \/>\n11.\t\u0160aka ljubavi<br \/>\n12.\tPjesma o misaru<br \/>\n13.\t\u0160okci veseljaci<br \/>\n14.\tBosnu nisam prebolio<br \/>\n15.\tBunjeva\u010dko kolo<\/p>\n<p>CD 2<br \/>\n1.\t\u0160oka\u010dki narodni be\u0107arac<br \/>\n2.\t\u0110akovo, \u0110akovo grade<br \/>\n3.\tSvi se momci o\u017eeni\u0161e\/Hej mati<br \/>\n4.\tSino\u0107 bila mise\u010dina<br \/>\n5.\t\u0160oka\u010dko narodno kolo<br \/>\n6.\tPe\u010de \u010di\u010da rakiju<br \/>\n7.\tVesela je \u0161okadija<br \/>\n8.\tNe\u0107e Dado da me \u017eeni<br \/>\n9.\tSeoska sam lola<br \/>\n10.\tCrne o\u010di dobro vide<br \/>\n11.\tHaj, ca, vinca, ca!<\/p>\n","protected":false},"excerpt":{"rendered":"<p>Popis pjesama: CD1 1. Seljak boy 2. Zavela me 3. Dalmatinac ljubi slavonku 4. Ispovjed tambura\u0161a 5. Lola i frajla 6. Srce drugog ljubit ne\u0107e 7. Hej Hrvati 8. Lijepom na\u0161om 9. Me\u0111a\u0161i 10. Ne damo vam na\u0161e Lipicance 11. \u0160aka ljubavi 12. Pjesma o misaru 13. \u0160okci veseljaci 14. Bosnu nisam prebolio 15. Bunjeva\u010dko [&hellip;]<\/p>\n","protected":false},"featured_media":1038,"comment_status":"open","ping_status":"closed","template":"","meta":[],"product_brand":[],"product_cat":[31],"product_tag":[],"class_list":{"0":"post-1037","1":"product","2":"type-product","3":"status-publish","4":"has-post-thumbnail","6":"product_cat-cd","8":"first","9":"instock","10":"shipping-taxable","11":"purchasable","12":"product-type-simple"},"_links":{"self":[{"href":"https:\/\/webshop.hitrecords.hr\/index.php?rest_route=\/wp\/v2\/product\/1037","targetHints":{"allow":["GET"]}}],"collection":[{"href":"https:\/\/webshop.hitrecords.hr\/index.php?rest_route=\/wp\/v2\/product"}],"about":[{"href":"https:\/\/webshop.hitrecords.hr\/index.php?rest_route=\/wp\/v2\/types\/product"}],"replies":[{"embeddable":true,"href":"https:\/\/webshop.hitrecords.hr\/index.php?rest_route=%2Fwp%2Fv2%2Fcomments&post=1037"}],"wp:featuredmedia":[{"embeddable":true,"href":"https:\/\/webshop.hitrecords.hr\/index.php?rest_route=\/wp\/v2\/media\/1038"}],"wp:attachment":[{"href":"https:\/\/webshop.hitrecords.hr\/index.php?rest_route=%2Fwp%2Fv2%2Fmedia&parent=1037"}],"wp:term":[{"taxonomy":"product_brand","embeddable":true,"href":"https:\/\/webshop.hitrecords.hr\/index.php?rest_route=%2Fwp%2Fv2%2Fproduct_brand&post=1037"},{"taxonomy":"product_cat","embeddable":true,"href":"https:\/\/webshop.hitrecords.hr\/index.php?rest_route=%2Fwp%2Fv2%2Fproduct_cat&post=1037"},{"taxonomy":"product_tag","embeddable":true,"href":"https:\/\/webshop.hitrecords.hr\/index.php?rest_route=%2Fwp%2Fv2%2Fproduct_tag&post=1037"}],"curies":[{"name":"wp","href":"https:\/\/api.w.org\/{rel}","templated":true}]}}