{"id":1042,"date":"2026-02-01T14:41:06","date_gmt":"2026-02-01T13:41:06","guid":{"rendered":"http:\/\/hitrecords.digesthub.com\/proizvod\/iz-starogradske-riznice\/"},"modified":"2026-02-01T14:41:06","modified_gmt":"2026-02-01T13:41:06","slug":"iz-starogradske-riznice","status":"publish","type":"product","link":"https:\/\/webshop.hitrecords.hr\/?product=iz-starogradske-riznice","title":{"rendered":"IZ STAROGRADSKE RIZNICE"},"content":{"rendered":"<p>Popis pjesama:<br \/>\n1.\tU ba\u0161\u0107ici mladog kapelana<br \/>\n2.\tGledam bajnu zoru<br \/>\n3.\tO, gdje su dani ti<br \/>\n4.\tKraj kapele Svete Ane<br \/>\n5.\tPlakao je mlado mom\u010de<br \/>\n6.\tPrimi ove ru\u017ee<br \/>\n7.\tAj \u0161to \u0107u nane boluje mi dika\/An\u010dice Ban\u010dice\/\u0110uvegije<br \/>\n8.\tJa nekoga volim\/Na kraju sela ku\u0107a mala<br \/>\n9.\tSomborske ro\u017ee<br \/>\n10.\tVoljelo se dvoje mladih u gradi\u0107u malenom(Volga, Volga)<br \/>\n11.\tNisu mene slomile daljine<br \/>\n12.\tSomborske ro\u017ee-Instrumental<br \/>\n13.\tSpavale bi plave o\u010di<\/p>\n","protected":false},"excerpt":{"rendered":"<p>Popis pjesama: 1. U ba\u0161\u0107ici mladog kapelana 2. Gledam bajnu zoru 3. O, gdje su dani ti 4. Kraj kapele Svete Ane 5. Plakao je mlado mom\u010de 6. Primi ove ru\u017ee 7. Aj \u0161to \u0107u nane boluje mi dika\/An\u010dice Ban\u010dice\/\u0110uvegije 8. Ja nekoga volim\/Na kraju sela ku\u0107a mala 9. Somborske ro\u017ee 10. Voljelo se dvoje [&hellip;]<\/p>\n","protected":false},"featured_media":1043,"comment_status":"open","ping_status":"closed","template":"","meta":[],"product_brand":[],"product_cat":[31],"product_tag":[],"class_list":{"0":"post-1042","1":"product","2":"type-product","3":"status-publish","4":"has-post-thumbnail","6":"product_cat-cd","8":"first","9":"instock","10":"shipping-taxable","11":"purchasable","12":"product-type-simple"},"_links":{"self":[{"href":"https:\/\/webshop.hitrecords.hr\/index.php?rest_route=\/wp\/v2\/product\/1042","targetHints":{"allow":["GET"]}}],"collection":[{"href":"https:\/\/webshop.hitrecords.hr\/index.php?rest_route=\/wp\/v2\/product"}],"about":[{"href":"https:\/\/webshop.hitrecords.hr\/index.php?rest_route=\/wp\/v2\/types\/product"}],"replies":[{"embeddable":true,"href":"https:\/\/webshop.hitrecords.hr\/index.php?rest_route=%2Fwp%2Fv2%2Fcomments&post=1042"}],"wp:featuredmedia":[{"embeddable":true,"href":"https:\/\/webshop.hitrecords.hr\/index.php?rest_route=\/wp\/v2\/media\/1043"}],"wp:attachment":[{"href":"https:\/\/webshop.hitrecords.hr\/index.php?rest_route=%2Fwp%2Fv2%2Fmedia&parent=1042"}],"wp:term":[{"taxonomy":"product_brand","embeddable":true,"href":"https:\/\/webshop.hitrecords.hr\/index.php?rest_route=%2Fwp%2Fv2%2Fproduct_brand&post=1042"},{"taxonomy":"product_cat","embeddable":true,"href":"https:\/\/webshop.hitrecords.hr\/index.php?rest_route=%2Fwp%2Fv2%2Fproduct_cat&post=1042"},{"taxonomy":"product_tag","embeddable":true,"href":"https:\/\/webshop.hitrecords.hr\/index.php?rest_route=%2Fwp%2Fv2%2Fproduct_tag&post=1042"}],"curies":[{"name":"wp","href":"https:\/\/api.w.org\/{rel}","templated":true}]}}