{"id":1049,"date":"2026-02-01T14:41:08","date_gmt":"2026-02-01T13:41:08","guid":{"rendered":"http:\/\/hitrecords.digesthub.com\/proizvod\/u-sredini\/"},"modified":"2026-02-01T14:41:08","modified_gmt":"2026-02-01T13:41:08","slug":"u-sredini","status":"publish","type":"product","link":"https:\/\/webshop.hitrecords.hr\/?product=u-sredini","title":{"rendered":"U SREDINI"},"content":{"rendered":"<p>Popis pjesama:<br \/>\n1.\tNe pitaj za mene<br \/>\n2.\t\u010covjek bez slobode<br \/>\n3.\tVa\u017eni razgovori<br \/>\n4.\tNa drugoj strain<br \/>\n5.\tDjevojka sa stanice<br \/>\n6.\tDo kraja<br \/>\n7.\tMi smo u sredini<br \/>\n8.\tU ovom baru<br \/>\n9.\t\u010cekaonica<br \/>\n10.\tLjeto u gradu<\/p>\n","protected":false},"excerpt":{"rendered":"<p>Popis pjesama: 1. Ne pitaj za mene 2. \u010covjek bez slobode 3. Va\u017eni razgovori 4. Na drugoj strain 5. Djevojka sa stanice 6. Do kraja 7. Mi smo u sredini 8. U ovom baru 9. \u010cekaonica 10. Ljeto u gradu<\/p>\n","protected":false},"featured_media":1051,"comment_status":"open","ping_status":"closed","template":"","meta":[],"product_brand":[],"product_cat":[31],"product_tag":[],"class_list":{"0":"post-1049","1":"product","2":"type-product","3":"status-publish","4":"has-post-thumbnail","6":"product_cat-cd","8":"first","9":"instock","10":"shipping-taxable","11":"purchasable","12":"product-type-simple"},"_links":{"self":[{"href":"https:\/\/webshop.hitrecords.hr\/index.php?rest_route=\/wp\/v2\/product\/1049","targetHints":{"allow":["GET"]}}],"collection":[{"href":"https:\/\/webshop.hitrecords.hr\/index.php?rest_route=\/wp\/v2\/product"}],"about":[{"href":"https:\/\/webshop.hitrecords.hr\/index.php?rest_route=\/wp\/v2\/types\/product"}],"replies":[{"embeddable":true,"href":"https:\/\/webshop.hitrecords.hr\/index.php?rest_route=%2Fwp%2Fv2%2Fcomments&post=1049"}],"wp:featuredmedia":[{"embeddable":true,"href":"https:\/\/webshop.hitrecords.hr\/index.php?rest_route=\/wp\/v2\/media\/1051"}],"wp:attachment":[{"href":"https:\/\/webshop.hitrecords.hr\/index.php?rest_route=%2Fwp%2Fv2%2Fmedia&parent=1049"}],"wp:term":[{"taxonomy":"product_brand","embeddable":true,"href":"https:\/\/webshop.hitrecords.hr\/index.php?rest_route=%2Fwp%2Fv2%2Fproduct_brand&post=1049"},{"taxonomy":"product_cat","embeddable":true,"href":"https:\/\/webshop.hitrecords.hr\/index.php?rest_route=%2Fwp%2Fv2%2Fproduct_cat&post=1049"},{"taxonomy":"product_tag","embeddable":true,"href":"https:\/\/webshop.hitrecords.hr\/index.php?rest_route=%2Fwp%2Fv2%2Fproduct_tag&post=1049"}],"curies":[{"name":"wp","href":"https:\/\/api.w.org\/{rel}","templated":true}]}}