{"id":1057,"date":"2026-02-01T14:41:08","date_gmt":"2026-02-01T13:41:08","guid":{"rendered":"http:\/\/hitrecords.digesthub.com\/proizvod\/imam-te-tu\/"},"modified":"2026-02-01T14:41:08","modified_gmt":"2026-02-01T13:41:08","slug":"imam-te-tu","status":"publish","type":"product","link":"https:\/\/webshop.hitrecords.hr\/?product=imam-te-tu","title":{"rendered":"IMAM TE TU&#8230;"},"content":{"rendered":"<p>Popis pjesama:<br \/>\n1.\tAoj, Dada<br \/>\n2.\tZaklinjem se pred svima<br \/>\n3.\tMi smo \u0161okci<br \/>\n4.\t\u010cija li je livada<br \/>\n5.\tImam te tu?<br \/>\n6.\tStipa<br \/>\n7.\tIdi<br \/>\n8.\tSve dok si mi u mislima<br \/>\n9.\tIvana<br \/>\n10.\tNe tra\u017ei od mene<br \/>\n11.\tKo da voli bekriju<br \/>\n12.\tNe kuni majko<br \/>\n13.\tSedam no\u0107i, sedam dana<\/p>\n","protected":false},"excerpt":{"rendered":"<p>Popis pjesama: 1. Aoj, Dada 2. Zaklinjem se pred svima 3. Mi smo \u0161okci 4. \u010cija li je livada 5. Imam te tu? 6. Stipa 7. Idi 8. Sve dok si mi u mislima 9. Ivana 10. Ne tra\u017ei od mene 11. Ko da voli bekriju 12. Ne kuni majko 13. Sedam no\u0107i, sedam dana<\/p>\n","protected":false},"featured_media":1059,"comment_status":"open","ping_status":"closed","template":"","meta":[],"product_brand":[],"product_cat":[31],"product_tag":[],"class_list":{"0":"post-1057","1":"product","2":"type-product","3":"status-publish","4":"has-post-thumbnail","6":"product_cat-cd","8":"first","9":"instock","10":"shipping-taxable","11":"purchasable","12":"product-type-simple"},"_links":{"self":[{"href":"https:\/\/webshop.hitrecords.hr\/index.php?rest_route=\/wp\/v2\/product\/1057","targetHints":{"allow":["GET"]}}],"collection":[{"href":"https:\/\/webshop.hitrecords.hr\/index.php?rest_route=\/wp\/v2\/product"}],"about":[{"href":"https:\/\/webshop.hitrecords.hr\/index.php?rest_route=\/wp\/v2\/types\/product"}],"replies":[{"embeddable":true,"href":"https:\/\/webshop.hitrecords.hr\/index.php?rest_route=%2Fwp%2Fv2%2Fcomments&post=1057"}],"wp:featuredmedia":[{"embeddable":true,"href":"https:\/\/webshop.hitrecords.hr\/index.php?rest_route=\/wp\/v2\/media\/1059"}],"wp:attachment":[{"href":"https:\/\/webshop.hitrecords.hr\/index.php?rest_route=%2Fwp%2Fv2%2Fmedia&parent=1057"}],"wp:term":[{"taxonomy":"product_brand","embeddable":true,"href":"https:\/\/webshop.hitrecords.hr\/index.php?rest_route=%2Fwp%2Fv2%2Fproduct_brand&post=1057"},{"taxonomy":"product_cat","embeddable":true,"href":"https:\/\/webshop.hitrecords.hr\/index.php?rest_route=%2Fwp%2Fv2%2Fproduct_cat&post=1057"},{"taxonomy":"product_tag","embeddable":true,"href":"https:\/\/webshop.hitrecords.hr\/index.php?rest_route=%2Fwp%2Fv2%2Fproduct_tag&post=1057"}],"curies":[{"name":"wp","href":"https:\/\/api.w.org\/{rel}","templated":true}]}}