{"id":1069,"date":"2026-02-01T14:41:10","date_gmt":"2026-02-01T13:41:10","guid":{"rendered":"http:\/\/hitrecords.digesthub.com\/proizvod\/vruce-80\/"},"modified":"2026-02-01T14:41:10","modified_gmt":"2026-02-01T13:41:10","slug":"vruce-80","status":"publish","type":"product","link":"https:\/\/webshop.hitrecords.hr\/?product=vruce-80","title":{"rendered":"VRU\u0106E&#8217; 80"},"content":{"rendered":"<p>Popis pjesama:<br \/>\n1.\tBalkan -Azra<br \/>\n2.\tA \u0161ta da radim &#8211; Azra<br \/>\n3.\tOna je tako prokleto mlada &#8211; Parni valjak<br \/>\n4.\tNeda &#8211; Parni valjak<br \/>\n5.\tSkidam te pogledom &#8211; ITD bend<br \/>\n6.\tMajko zemljo &#8211; ITD bend<br \/>\n7.\tMi ple\u0161emo &#8211; Prljavo kazali\u0161te<br \/>\n8.\tSla\u017ei mi &#8211; Prljavo kazali\u0161te<br \/>\n9.\tKad si mlad &#8211; Film<br \/>\n10.\tZajedno &#8211; Film<br \/>\n11.\tPi\u0161i mi &#8211; Drugi na\u010din<br \/>\n12.\tPobjegni ve\u0107 jednom &#8211; Drugi na\u010din<br \/>\n13.\tTako lijepa &#8211; Boa<br \/>\n14.\tSvi moji poljupci &#8211; Boa<\/p>\n","protected":false},"excerpt":{"rendered":"<p>Popis pjesama: 1. Balkan -Azra 2. A \u0161ta da radim &#8211; Azra 3. Ona je tako prokleto mlada &#8211; Parni valjak 4. Neda &#8211; Parni valjak 5. Skidam te pogledom &#8211; ITD bend 6. Majko zemljo &#8211; ITD bend 7. Mi ple\u0161emo &#8211; Prljavo kazali\u0161te 8. Sla\u017ei mi &#8211; Prljavo kazali\u0161te 9. Kad si mlad [&hellip;]<\/p>\n","protected":false},"featured_media":1070,"comment_status":"open","ping_status":"closed","template":"","meta":[],"product_brand":[],"product_cat":[31],"product_tag":[],"class_list":{"0":"post-1069","1":"product","2":"type-product","3":"status-publish","4":"has-post-thumbnail","6":"product_cat-cd","8":"first","9":"instock","10":"shipping-taxable","11":"purchasable","12":"product-type-simple"},"_links":{"self":[{"href":"https:\/\/webshop.hitrecords.hr\/index.php?rest_route=\/wp\/v2\/product\/1069","targetHints":{"allow":["GET"]}}],"collection":[{"href":"https:\/\/webshop.hitrecords.hr\/index.php?rest_route=\/wp\/v2\/product"}],"about":[{"href":"https:\/\/webshop.hitrecords.hr\/index.php?rest_route=\/wp\/v2\/types\/product"}],"replies":[{"embeddable":true,"href":"https:\/\/webshop.hitrecords.hr\/index.php?rest_route=%2Fwp%2Fv2%2Fcomments&post=1069"}],"wp:featuredmedia":[{"embeddable":true,"href":"https:\/\/webshop.hitrecords.hr\/index.php?rest_route=\/wp\/v2\/media\/1070"}],"wp:attachment":[{"href":"https:\/\/webshop.hitrecords.hr\/index.php?rest_route=%2Fwp%2Fv2%2Fmedia&parent=1069"}],"wp:term":[{"taxonomy":"product_brand","embeddable":true,"href":"https:\/\/webshop.hitrecords.hr\/index.php?rest_route=%2Fwp%2Fv2%2Fproduct_brand&post=1069"},{"taxonomy":"product_cat","embeddable":true,"href":"https:\/\/webshop.hitrecords.hr\/index.php?rest_route=%2Fwp%2Fv2%2Fproduct_cat&post=1069"},{"taxonomy":"product_tag","embeddable":true,"href":"https:\/\/webshop.hitrecords.hr\/index.php?rest_route=%2Fwp%2Fv2%2Fproduct_tag&post=1069"}],"curies":[{"name":"wp","href":"https:\/\/api.w.org\/{rel}","templated":true}]}}