{"id":1074,"date":"2026-02-01T14:41:10","date_gmt":"2026-02-01T13:41:10","guid":{"rendered":"http:\/\/hitrecords.digesthub.com\/proizvod\/na-dohvat-ruke\/"},"modified":"2026-02-01T14:41:10","modified_gmt":"2026-02-01T13:41:10","slug":"na-dohvat-ruke","status":"publish","type":"product","link":"https:\/\/webshop.hitrecords.hr\/?product=na-dohvat-ruke","title":{"rendered":"NA DOHVAT RUKE"},"content":{"rendered":"<p>Popis pjesama:<br \/>\n1.\tNa dohvat ruke<br \/>\n2.\tRuke su mi vezane<br \/>\n3.\tPrelijepo da bi trajalo<br \/>\n4.\tNetko mora re\u0107i dosta<br \/>\n5.\tOna<br \/>\n6.\tPusti me da odem<br \/>\n7.\t\u0160to si me u\u010dinio takvom<br \/>\n8.\tPoslije nas<br \/>\n9.\tKap ki\u0161e<br \/>\n10.\tJa te dobro znam<\/p>\n","protected":false},"excerpt":{"rendered":"<p>Popis pjesama: 1. Na dohvat ruke 2. Ruke su mi vezane 3. Prelijepo da bi trajalo 4. Netko mora re\u0107i dosta 5. Ona 6. Pusti me da odem 7. \u0160to si me u\u010dinio takvom 8. Poslije nas 9. Kap ki\u0161e 10. Ja te dobro znam<\/p>\n","protected":false},"featured_media":1076,"comment_status":"open","ping_status":"closed","template":"","meta":[],"product_brand":[],"product_cat":[31],"product_tag":[],"class_list":{"0":"post-1074","1":"product","2":"type-product","3":"status-publish","4":"has-post-thumbnail","6":"product_cat-cd","8":"first","9":"instock","10":"shipping-taxable","11":"purchasable","12":"product-type-simple"},"_links":{"self":[{"href":"https:\/\/webshop.hitrecords.hr\/index.php?rest_route=\/wp\/v2\/product\/1074","targetHints":{"allow":["GET"]}}],"collection":[{"href":"https:\/\/webshop.hitrecords.hr\/index.php?rest_route=\/wp\/v2\/product"}],"about":[{"href":"https:\/\/webshop.hitrecords.hr\/index.php?rest_route=\/wp\/v2\/types\/product"}],"replies":[{"embeddable":true,"href":"https:\/\/webshop.hitrecords.hr\/index.php?rest_route=%2Fwp%2Fv2%2Fcomments&post=1074"}],"wp:featuredmedia":[{"embeddable":true,"href":"https:\/\/webshop.hitrecords.hr\/index.php?rest_route=\/wp\/v2\/media\/1076"}],"wp:attachment":[{"href":"https:\/\/webshop.hitrecords.hr\/index.php?rest_route=%2Fwp%2Fv2%2Fmedia&parent=1074"}],"wp:term":[{"taxonomy":"product_brand","embeddable":true,"href":"https:\/\/webshop.hitrecords.hr\/index.php?rest_route=%2Fwp%2Fv2%2Fproduct_brand&post=1074"},{"taxonomy":"product_cat","embeddable":true,"href":"https:\/\/webshop.hitrecords.hr\/index.php?rest_route=%2Fwp%2Fv2%2Fproduct_cat&post=1074"},{"taxonomy":"product_tag","embeddable":true,"href":"https:\/\/webshop.hitrecords.hr\/index.php?rest_route=%2Fwp%2Fv2%2Fproduct_tag&post=1074"}],"curies":[{"name":"wp","href":"https:\/\/api.w.org\/{rel}","templated":true}]}}