{"id":1080,"date":"2026-02-01T14:41:10","date_gmt":"2026-02-01T13:41:10","guid":{"rendered":"http:\/\/hitrecords.digesthub.com\/proizvod\/peti\/"},"modified":"2026-02-01T14:41:10","modified_gmt":"2026-02-01T13:41:10","slug":"peti","status":"publish","type":"product","link":"https:\/\/webshop.hitrecords.hr\/?product=peti","title":{"rendered":"PETI"},"content":{"rendered":"<p>Popis pjesama:<br \/>\n1.\tHypohondar<br \/>\n2.\tOvo nije moje vrijeme<br \/>\n3.\tNeka ljudi govore<br \/>\n4.\tLomi\u0161 mi krila<br \/>\n5.\tTako mi nedostaje\u0161<br \/>\n6.\tTi nezna\u0161 \u0161to je ljubav<br \/>\n7.\tProbudi mi ljubav<br \/>\n8.\tTi si kriv<br \/>\n9.\tZa\u0161to me gleda\u0161?<br \/>\n10.\tSrela sam an\u0111ela<br \/>\n11.\tStranac<br \/>\n12.\tTako mi nedostaje\u0161(club version)<br \/>\n13.\tSrela sam an\u0111ela(club version)<\/p>\n","protected":false},"excerpt":{"rendered":"<p>Popis pjesama: 1. Hypohondar 2. Ovo nije moje vrijeme 3. Neka ljudi govore 4. Lomi\u0161 mi krila 5. Tako mi nedostaje\u0161 6. Ti nezna\u0161 \u0161to je ljubav 7. Probudi mi ljubav 8. Ti si kriv 9. Za\u0161to me gleda\u0161? 10. Srela sam an\u0111ela 11. Stranac 12. Tako mi nedostaje\u0161(club version) 13. Srela sam an\u0111ela(club version)<\/p>\n","protected":false},"featured_media":1081,"comment_status":"open","ping_status":"closed","template":"","meta":[],"product_brand":[],"product_cat":[31],"product_tag":[],"class_list":{"0":"post-1080","1":"product","2":"type-product","3":"status-publish","4":"has-post-thumbnail","6":"product_cat-cd","8":"first","9":"instock","10":"shipping-taxable","11":"purchasable","12":"product-type-simple"},"_links":{"self":[{"href":"https:\/\/webshop.hitrecords.hr\/index.php?rest_route=\/wp\/v2\/product\/1080","targetHints":{"allow":["GET"]}}],"collection":[{"href":"https:\/\/webshop.hitrecords.hr\/index.php?rest_route=\/wp\/v2\/product"}],"about":[{"href":"https:\/\/webshop.hitrecords.hr\/index.php?rest_route=\/wp\/v2\/types\/product"}],"replies":[{"embeddable":true,"href":"https:\/\/webshop.hitrecords.hr\/index.php?rest_route=%2Fwp%2Fv2%2Fcomments&post=1080"}],"wp:featuredmedia":[{"embeddable":true,"href":"https:\/\/webshop.hitrecords.hr\/index.php?rest_route=\/wp\/v2\/media\/1081"}],"wp:attachment":[{"href":"https:\/\/webshop.hitrecords.hr\/index.php?rest_route=%2Fwp%2Fv2%2Fmedia&parent=1080"}],"wp:term":[{"taxonomy":"product_brand","embeddable":true,"href":"https:\/\/webshop.hitrecords.hr\/index.php?rest_route=%2Fwp%2Fv2%2Fproduct_brand&post=1080"},{"taxonomy":"product_cat","embeddable":true,"href":"https:\/\/webshop.hitrecords.hr\/index.php?rest_route=%2Fwp%2Fv2%2Fproduct_cat&post=1080"},{"taxonomy":"product_tag","embeddable":true,"href":"https:\/\/webshop.hitrecords.hr\/index.php?rest_route=%2Fwp%2Fv2%2Fproduct_tag&post=1080"}],"curies":[{"name":"wp","href":"https:\/\/api.w.org\/{rel}","templated":true}]}}