{"id":1084,"date":"2026-02-01T14:41:10","date_gmt":"2026-02-01T13:41:10","guid":{"rendered":"http:\/\/hitrecords.digesthub.com\/proizvod\/koncert-gradski-stadion-skopje-05-10-2007\/"},"modified":"2026-02-01T14:41:10","modified_gmt":"2026-02-01T13:41:10","slug":"koncert-gradski-stadion-skopje-05-10-2007","status":"publish","type":"product","link":"https:\/\/webshop.hitrecords.hr\/?product=koncert-gradski-stadion-skopje-05-10-2007","title":{"rendered":"KONCERT &#8211; GRADSKI STADION SKOPJE 05.10.2007."},"content":{"rendered":"<p>Popis pjesama:<br \/>\n1.\tIgri bez granici<br \/>\n2.\tNikoj kako tebe ne baknuva<br \/>\n3.\tBo\u017ee \u010duvaj ja od zlo<br \/>\n4.\tDu\u0161o ostana<br \/>\n5.\tMese\u010dina<br \/>\n6.\tGromovi na du\u0161a<br \/>\n7.\tVolim osmijeh tvoj<br \/>\n8.\tNothing else matters<br \/>\n9.\tCre\u0161a<br \/>\n10.\tPo tebe<br \/>\n11.\tRani na usnite<br \/>\n12.\tSoba za taga<br \/>\n13.\tAko me pogledne\u0161 vo o\u010di<br \/>\n14.\tTajno moja<br \/>\n15.\tLagala nas mala<br \/>\n16.\tSrce nije kamen<br \/>\n17.\tLedena<br \/>\n18.\tVe\u017ei me za sebe<br \/>\n19.\tKoj li ti brize obrazi<br \/>\n20.\tSrekna li si ti<br \/>\n21.\tReka bez imena<br \/>\n22.\tSimply the best<br \/>\n23.\tLjubena<br \/>\n24.\tTvoite bakne\u017ei<br \/>\n25.\tSam se la\u017eem<br \/>\n26.\tVo kosi da ti spijam<br \/>\n27.\tNajdraga moja<br \/>\n28.\tNesanica<br \/>\n29.\tMajka na Marika<\/p>\n","protected":false},"excerpt":{"rendered":"<p>Popis pjesama: 1. Igri bez granici 2. Nikoj kako tebe ne baknuva 3. Bo\u017ee \u010duvaj ja od zlo 4. Du\u0161o ostana 5. Mese\u010dina 6. Gromovi na du\u0161a 7. Volim osmijeh tvoj 8. Nothing else matters 9. Cre\u0161a 10. Po tebe 11. Rani na usnite 12. Soba za taga 13. Ako me pogledne\u0161 vo o\u010di 14. [&hellip;]<\/p>\n","protected":false},"featured_media":1085,"comment_status":"open","ping_status":"closed","template":"","meta":[],"product_brand":[],"product_cat":[31],"product_tag":[],"class_list":{"0":"post-1084","1":"product","2":"type-product","3":"status-publish","4":"has-post-thumbnail","6":"product_cat-cd","8":"first","9":"instock","10":"shipping-taxable","11":"purchasable","12":"product-type-simple"},"_links":{"self":[{"href":"https:\/\/webshop.hitrecords.hr\/index.php?rest_route=\/wp\/v2\/product\/1084","targetHints":{"allow":["GET"]}}],"collection":[{"href":"https:\/\/webshop.hitrecords.hr\/index.php?rest_route=\/wp\/v2\/product"}],"about":[{"href":"https:\/\/webshop.hitrecords.hr\/index.php?rest_route=\/wp\/v2\/types\/product"}],"replies":[{"embeddable":true,"href":"https:\/\/webshop.hitrecords.hr\/index.php?rest_route=%2Fwp%2Fv2%2Fcomments&post=1084"}],"wp:featuredmedia":[{"embeddable":true,"href":"https:\/\/webshop.hitrecords.hr\/index.php?rest_route=\/wp\/v2\/media\/1085"}],"wp:attachment":[{"href":"https:\/\/webshop.hitrecords.hr\/index.php?rest_route=%2Fwp%2Fv2%2Fmedia&parent=1084"}],"wp:term":[{"taxonomy":"product_brand","embeddable":true,"href":"https:\/\/webshop.hitrecords.hr\/index.php?rest_route=%2Fwp%2Fv2%2Fproduct_brand&post=1084"},{"taxonomy":"product_cat","embeddable":true,"href":"https:\/\/webshop.hitrecords.hr\/index.php?rest_route=%2Fwp%2Fv2%2Fproduct_cat&post=1084"},{"taxonomy":"product_tag","embeddable":true,"href":"https:\/\/webshop.hitrecords.hr\/index.php?rest_route=%2Fwp%2Fv2%2Fproduct_tag&post=1084"}],"curies":[{"name":"wp","href":"https:\/\/api.w.org\/{rel}","templated":true}]}}