{"id":1086,"date":"2026-02-01T14:41:11","date_gmt":"2026-02-01T13:41:11","guid":{"rendered":"http:\/\/hitrecords.digesthub.com\/proizvod\/ako-me-pogledas-u-oci\/"},"modified":"2026-02-01T14:41:11","modified_gmt":"2026-02-01T13:41:11","slug":"ako-me-pogledas-u-oci","status":"publish","type":"product","link":"https:\/\/webshop.hitrecords.hr\/?product=ako-me-pogledas-u-oci","title":{"rendered":"AKO ME POGLEDA\u0160 U O\u010cI"},"content":{"rendered":"<p>Popis pjesama:<br \/>\n1.\tAko me pogleda\u0161 u o\u010di<br \/>\n2.\tSoba za tugu<br \/>\n3.\t\u010cini<br \/>\n4.\tHold me tight<br \/>\n5.\tJo\u0161 jedan stepenik<br \/>\n6.\tNa mesto zlo\u010dina<br \/>\n7.\tLimenka<br \/>\n8.\tLedena<br \/>\n9.\tMeni hvala nijedno<br \/>\n10.\tLuda mala<\/p>\n","protected":false},"excerpt":{"rendered":"<p>Popis pjesama: 1. Ako me pogleda\u0161 u o\u010di 2. Soba za tugu 3. \u010cini 4. Hold me tight 5. Jo\u0161 jedan stepenik 6. Na mesto zlo\u010dina 7. Limenka 8. Ledena 9. Meni hvala nijedno 10. Luda mala<\/p>\n","protected":false},"featured_media":1087,"comment_status":"open","ping_status":"closed","template":"","meta":[],"product_brand":[],"product_cat":[31],"product_tag":[],"class_list":{"0":"post-1086","1":"product","2":"type-product","3":"status-publish","4":"has-post-thumbnail","6":"product_cat-cd","8":"first","9":"instock","10":"shipping-taxable","11":"purchasable","12":"product-type-simple"},"_links":{"self":[{"href":"https:\/\/webshop.hitrecords.hr\/index.php?rest_route=\/wp\/v2\/product\/1086","targetHints":{"allow":["GET"]}}],"collection":[{"href":"https:\/\/webshop.hitrecords.hr\/index.php?rest_route=\/wp\/v2\/product"}],"about":[{"href":"https:\/\/webshop.hitrecords.hr\/index.php?rest_route=\/wp\/v2\/types\/product"}],"replies":[{"embeddable":true,"href":"https:\/\/webshop.hitrecords.hr\/index.php?rest_route=%2Fwp%2Fv2%2Fcomments&post=1086"}],"wp:featuredmedia":[{"embeddable":true,"href":"https:\/\/webshop.hitrecords.hr\/index.php?rest_route=\/wp\/v2\/media\/1087"}],"wp:attachment":[{"href":"https:\/\/webshop.hitrecords.hr\/index.php?rest_route=%2Fwp%2Fv2%2Fmedia&parent=1086"}],"wp:term":[{"taxonomy":"product_brand","embeddable":true,"href":"https:\/\/webshop.hitrecords.hr\/index.php?rest_route=%2Fwp%2Fv2%2Fproduct_brand&post=1086"},{"taxonomy":"product_cat","embeddable":true,"href":"https:\/\/webshop.hitrecords.hr\/index.php?rest_route=%2Fwp%2Fv2%2Fproduct_cat&post=1086"},{"taxonomy":"product_tag","embeddable":true,"href":"https:\/\/webshop.hitrecords.hr\/index.php?rest_route=%2Fwp%2Fv2%2Fproduct_tag&post=1086"}],"curies":[{"name":"wp","href":"https:\/\/api.w.org\/{rel}","templated":true}]}}