{"id":1088,"date":"2026-02-01T14:41:11","date_gmt":"2026-02-01T13:41:11","guid":{"rendered":"http:\/\/hitrecords.digesthub.com\/proizvod\/igra-bez-granica\/"},"modified":"2026-02-01T14:41:11","modified_gmt":"2026-02-01T13:41:11","slug":"igra-bez-granica","status":"publish","type":"product","link":"https:\/\/webshop.hitrecords.hr\/?product=igra-bez-granica","title":{"rendered":"IGRA BEZ GRANICA"},"content":{"rendered":"<p>Popis pjesama:<br \/>\n1.\tPola du\u0161e, pola srca<br \/>\n2.\tVe\u017ei me za sebe<br \/>\n3.\tUbija\u0161 me usnama<br \/>\n4.\tBo\u017ee brani je od zla<br \/>\n5.\tMjese\u010dina<br \/>\n6.\tIgra bez granica<br \/>\n7.\tDal` si nsretnija<br \/>\n8.\tNajljep\u0161e moje<br \/>\n9.\tSre\u0107o ne krivi me<br \/>\n10.\tVolim osmijeh tvoj<br \/>\n11.\tJo\u0161 i danas zamiri\u0161i tre\u0161nja<br \/>\n12.\tOstala si uvijek ista<br \/>\n13.\tSrce nije kamen<br \/>\n14.\tNesanica<br \/>\n15.\tNesanica(Remix)<br \/>\n16.\tIgri bez granici<br \/>\n17.\tCre\u0161a<\/p>\n","protected":false},"excerpt":{"rendered":"<p>Popis pjesama: 1. Pola du\u0161e, pola srca 2. Ve\u017ei me za sebe 3. Ubija\u0161 me usnama 4. Bo\u017ee brani je od zla 5. Mjese\u010dina 6. Igra bez granica 7. Dal` si nsretnija 8. Najljep\u0161e moje 9. Sre\u0107o ne krivi me 10. Volim osmijeh tvoj 11. Jo\u0161 i danas zamiri\u0161i tre\u0161nja 12. Ostala si uvijek ista [&hellip;]<\/p>\n","protected":false},"featured_media":1089,"comment_status":"open","ping_status":"closed","template":"","meta":[],"product_brand":[],"product_cat":[31],"product_tag":[],"class_list":{"0":"post-1088","1":"product","2":"type-product","3":"status-publish","4":"has-post-thumbnail","6":"product_cat-cd","8":"first","9":"instock","10":"shipping-taxable","11":"purchasable","12":"product-type-simple"},"_links":{"self":[{"href":"https:\/\/webshop.hitrecords.hr\/index.php?rest_route=\/wp\/v2\/product\/1088","targetHints":{"allow":["GET"]}}],"collection":[{"href":"https:\/\/webshop.hitrecords.hr\/index.php?rest_route=\/wp\/v2\/product"}],"about":[{"href":"https:\/\/webshop.hitrecords.hr\/index.php?rest_route=\/wp\/v2\/types\/product"}],"replies":[{"embeddable":true,"href":"https:\/\/webshop.hitrecords.hr\/index.php?rest_route=%2Fwp%2Fv2%2Fcomments&post=1088"}],"wp:featuredmedia":[{"embeddable":true,"href":"https:\/\/webshop.hitrecords.hr\/index.php?rest_route=\/wp\/v2\/media\/1089"}],"wp:attachment":[{"href":"https:\/\/webshop.hitrecords.hr\/index.php?rest_route=%2Fwp%2Fv2%2Fmedia&parent=1088"}],"wp:term":[{"taxonomy":"product_brand","embeddable":true,"href":"https:\/\/webshop.hitrecords.hr\/index.php?rest_route=%2Fwp%2Fv2%2Fproduct_brand&post=1088"},{"taxonomy":"product_cat","embeddable":true,"href":"https:\/\/webshop.hitrecords.hr\/index.php?rest_route=%2Fwp%2Fv2%2Fproduct_cat&post=1088"},{"taxonomy":"product_tag","embeddable":true,"href":"https:\/\/webshop.hitrecords.hr\/index.php?rest_route=%2Fwp%2Fv2%2Fproduct_tag&post=1088"}],"curies":[{"name":"wp","href":"https:\/\/api.w.org\/{rel}","templated":true}]}}