{"id":1092,"date":"2026-02-01T14:41:12","date_gmt":"2026-02-01T13:41:12","guid":{"rendered":"http:\/\/hitrecords.digesthub.com\/proizvod\/live-2007\/"},"modified":"2026-02-01T14:41:12","modified_gmt":"2026-02-01T13:41:12","slug":"live-2007","status":"publish","type":"product","link":"https:\/\/webshop.hitrecords.hr\/?product=live-2007","title":{"rendered":"LIVE 2007"},"content":{"rendered":"<p>Popis pjesama:<br \/>\nDVD1<br \/>\n1.\tPratim te<br \/>\n2.\tRane na usnama<br \/>\n3.\tOprosti<br \/>\n4.\tKa\u017eem Lady<br \/>\n5.\tMala<br \/>\n6.\tDan za nas<br \/>\n7.\tKo ti to grize obraze<br \/>\n8.\tMesto zlo\u010dina<br \/>\n9.\tTajno moja<br \/>\n10.\t1200 milja<br \/>\n11.\tJovano Jovanke<br \/>\n12.\tMore sokol pie voda na Vardarot<br \/>\n13.\tNesanica<br \/>\n14. \tJedina<br \/>\n15.\tSoba za tugu<br \/>\n16.\t\u010cuje\u0161 li<br \/>\n17.\tPoljsko cvije\u0107e<br \/>\n18.\tAria<br \/>\n19.\tSei Nell` Anima<br \/>\n20.\tLo\u0161e ti stoji<br \/>\n21.\t\u017dao mi je<br \/>\n22.\tJo\u0161 jedan stepenik<br \/>\n23.\tLedena<br \/>\n24.\tAko me pogleda\u0161 u o\u010di<br \/>\n25.\tLagala nas mala<br \/>\n26.\tKao kakao<br \/>\n27.\tSrce nije kamen<br \/>\n28.\t\u010cija si<br \/>\n29.\tFragile<br \/>\n30.\tNothing else matters<br \/>\n31.\tPratim te<\/p>\n<p>DVD2<br \/>\n1.\tNajljep\u0161e moje<br \/>\n2.\tDal ` si sretnija<br \/>\n3.\tMjese\u010dina<br \/>\n4.\tJo\u0161 i danas zamiri\u0161e tre\u0161nja<br \/>\n5.\tUbija\u0161 me usnama<br \/>\n6.\tVe\u017ei me za sebe<br \/>\n7.\tIgra bez granica<br \/>\n8.\tVolim osmijeh tvoj<br \/>\n9.\tOstala si uvijek ista<br \/>\n10.\tMoja<\/p>\n","protected":false},"excerpt":{"rendered":"<p>Popis pjesama: DVD1 1. Pratim te 2. Rane na usnama 3. Oprosti 4. Ka\u017eem Lady 5. Mala 6. Dan za nas 7. Ko ti to grize obraze 8. Mesto zlo\u010dina 9. Tajno moja 10. 1200 milja 11. Jovano Jovanke 12. More sokol pie voda na Vardarot 13. Nesanica 14. Jedina 15. Soba za tugu 16. [&hellip;]<\/p>\n","protected":false},"featured_media":1093,"comment_status":"open","ping_status":"closed","template":"","meta":[],"product_brand":[],"product_cat":[],"product_tag":[],"class_list":{"0":"post-1092","1":"product","2":"type-product","3":"status-publish","4":"has-post-thumbnail","7":"first","8":"instock","9":"shipping-taxable","10":"purchasable","11":"product-type-simple"},"_links":{"self":[{"href":"https:\/\/webshop.hitrecords.hr\/index.php?rest_route=\/wp\/v2\/product\/1092","targetHints":{"allow":["GET"]}}],"collection":[{"href":"https:\/\/webshop.hitrecords.hr\/index.php?rest_route=\/wp\/v2\/product"}],"about":[{"href":"https:\/\/webshop.hitrecords.hr\/index.php?rest_route=\/wp\/v2\/types\/product"}],"replies":[{"embeddable":true,"href":"https:\/\/webshop.hitrecords.hr\/index.php?rest_route=%2Fwp%2Fv2%2Fcomments&post=1092"}],"wp:featuredmedia":[{"embeddable":true,"href":"https:\/\/webshop.hitrecords.hr\/index.php?rest_route=\/wp\/v2\/media\/1093"}],"wp:attachment":[{"href":"https:\/\/webshop.hitrecords.hr\/index.php?rest_route=%2Fwp%2Fv2%2Fmedia&parent=1092"}],"wp:term":[{"taxonomy":"product_brand","embeddable":true,"href":"https:\/\/webshop.hitrecords.hr\/index.php?rest_route=%2Fwp%2Fv2%2Fproduct_brand&post=1092"},{"taxonomy":"product_cat","embeddable":true,"href":"https:\/\/webshop.hitrecords.hr\/index.php?rest_route=%2Fwp%2Fv2%2Fproduct_cat&post=1092"},{"taxonomy":"product_tag","embeddable":true,"href":"https:\/\/webshop.hitrecords.hr\/index.php?rest_route=%2Fwp%2Fv2%2Fproduct_tag&post=1092"}],"curies":[{"name":"wp","href":"https:\/\/api.w.org\/{rel}","templated":true}]}}