{"id":1094,"date":"2026-02-01T14:41:12","date_gmt":"2026-02-01T13:41:12","guid":{"rendered":"http:\/\/hitrecords.digesthub.com\/proizvod\/live-skopje\/"},"modified":"2026-02-01T14:41:12","modified_gmt":"2026-02-01T13:41:12","slug":"live-skopje","status":"publish","type":"product","link":"https:\/\/webshop.hitrecords.hr\/?product=live-skopje","title":{"rendered":"LIVE SKOPJE"},"content":{"rendered":"<p>Popis pjesama:<br \/>\nDVD1<br \/>\n1.\tIluzija<br \/>\n2.\tGo la\u017eam sekoj nov refren<br \/>\n3.\tU\u0161te edna skala<br \/>\n4.\tDen za nas<br \/>\n5.\tLjubena<br \/>\n6.\tEh da sum zlato<br \/>\n7.\tSkr\u0161i me<br \/>\n8.\tAko me pogleda\u0161 vo o\u010di<br \/>\n9.\tHold me tight<br \/>\n10.\tAngel si ti<br \/>\n11.\t\u017dena balkanska<br \/>\n12.\tOj, devoj\u010de, devoj\u010de<br \/>\n13.\tSix angels-life<br \/>\n14.\tEj sinooka, ej bosonoga<br \/>\n15.\tVelam lady<br \/>\n16.\tSoba za taga<br \/>\n17.\tSon egzoti\u010den<br \/>\n18.\tRuski rulet<br \/>\n19.\tIzla\u017ei me<br \/>\n20.\tVo kosi da ti spijam<br \/>\n21.\tStudena<br \/>\n22.\t\u010cija si<br \/>\n23.\tSonce vo tvoite kosi<br \/>\n24.\tTvoite bakne\u017ei na moite beli ko\u0161uli<br \/>\n25.\tFragile<br \/>\n26.\tLife<br \/>\n27.\tTajno moja<br \/>\n28.\tIzla\u017ei me<br \/>\n29.\t\u010cija si<\/p>\n<p>DVD2<br \/>\n1.\tPo tebe<br \/>\n2.\tRani na usnite<br \/>\n3.\tGromovi na du\u0161a<br \/>\n4.\tZo\u0161to otide<br \/>\n5.\tMale\u010dka<br \/>\n6.\tDen za nas<br \/>\n7.\tKoj li ti grize obrazi<br \/>\n8.\tAko me pogleda\u0161 vo o\u010di<br \/>\n9.\tU\u0161te edna skala<br \/>\n10.\tYou can leave your hat on<br \/>\n11.\tJovano, Jovanke<br \/>\n12.\tSonce vo tvoite rusi kosi<br \/>\n13.\tLo\u0161o ti stoi<br \/>\n14.\tMesto na zlostorot<br \/>\n15.\tVo kosi da ti spijam<br \/>\n16.\t\u010cija si<br \/>\n17.\tSrce nije kamen<br \/>\n18.\tTajno moja<br \/>\n19.\tNothing else matters<\/p>\n","protected":false},"excerpt":{"rendered":"<p>Popis pjesama: DVD1 1. Iluzija 2. Go la\u017eam sekoj nov refren 3. U\u0161te edna skala 4. Den za nas 5. Ljubena 6. Eh da sum zlato 7. Skr\u0161i me 8. Ako me pogleda\u0161 vo o\u010di 9. Hold me tight 10. Angel si ti 11. \u017dena balkanska 12. Oj, devoj\u010de, devoj\u010de 13. Six angels-life 14. Ej [&hellip;]<\/p>\n","protected":false},"featured_media":1095,"comment_status":"open","ping_status":"closed","template":"","meta":[],"product_brand":[],"product_cat":[],"product_tag":[],"class_list":{"0":"post-1094","1":"product","2":"type-product","3":"status-publish","4":"has-post-thumbnail","7":"first","8":"instock","9":"shipping-taxable","10":"purchasable","11":"product-type-simple"},"_links":{"self":[{"href":"https:\/\/webshop.hitrecords.hr\/index.php?rest_route=\/wp\/v2\/product\/1094","targetHints":{"allow":["GET"]}}],"collection":[{"href":"https:\/\/webshop.hitrecords.hr\/index.php?rest_route=\/wp\/v2\/product"}],"about":[{"href":"https:\/\/webshop.hitrecords.hr\/index.php?rest_route=\/wp\/v2\/types\/product"}],"replies":[{"embeddable":true,"href":"https:\/\/webshop.hitrecords.hr\/index.php?rest_route=%2Fwp%2Fv2%2Fcomments&post=1094"}],"wp:featuredmedia":[{"embeddable":true,"href":"https:\/\/webshop.hitrecords.hr\/index.php?rest_route=\/wp\/v2\/media\/1095"}],"wp:attachment":[{"href":"https:\/\/webshop.hitrecords.hr\/index.php?rest_route=%2Fwp%2Fv2%2Fmedia&parent=1094"}],"wp:term":[{"taxonomy":"product_brand","embeddable":true,"href":"https:\/\/webshop.hitrecords.hr\/index.php?rest_route=%2Fwp%2Fv2%2Fproduct_brand&post=1094"},{"taxonomy":"product_cat","embeddable":true,"href":"https:\/\/webshop.hitrecords.hr\/index.php?rest_route=%2Fwp%2Fv2%2Fproduct_cat&post=1094"},{"taxonomy":"product_tag","embeddable":true,"href":"https:\/\/webshop.hitrecords.hr\/index.php?rest_route=%2Fwp%2Fv2%2Fproduct_tag&post=1094"}],"curies":[{"name":"wp","href":"https:\/\/api.w.org\/{rel}","templated":true}]}}