{"id":1106,"date":"2026-02-01T14:41:14","date_gmt":"2026-02-01T13:41:14","guid":{"rendered":"http:\/\/hitrecords.digesthub.com\/proizvod\/sretan-bozic\/"},"modified":"2026-02-01T14:41:14","modified_gmt":"2026-02-01T13:41:14","slug":"sretan-bozic","status":"publish","type":"product","link":"https:\/\/webshop.hitrecords.hr\/?product=sretan-bozic","title":{"rendered":"SRETAN BO\u017dI\u0106"},"content":{"rendered":"<p>Popis pjesama:<br \/>\n1.\tHappy Christmas (War is over) &#8211; Tony Cetinski<br \/>\n2.\tChristmas song &#8211; Nina Badri\u0107<br \/>\n3.\tJingle bells &#8211; To\u0161e Proeski<br \/>\n4.\tBijeli Bo\u017ei\u0107 &#8211; Miroslav \u0160koro<br \/>\n5.\tTiha no\u0107 &#8211; Franka<br \/>\n6.\tNarodi nam se &#8211; Jasmin Stavros<br \/>\n7.\tSvim na zemlji, mir, veselje &#8211; Baruni<br \/>\n8.\tRadujte se narodi &#8211; Jole<br \/>\n9.\tVeselje ti navje\u0161\u0107ujem &#8211; Jelena Rozga<br \/>\n10.\tDjete\u0161ce nam se rodilo &#8211; Lana Jur\u010devi\u0107<br \/>\n11.\tKyrie Eleison &#8211; Jelena Domazet<br \/>\n12.\tOj, pastiri \u010dudo novo &#8211; Blanka Do\u0161en<br \/>\n13.\tAve Maria (instrumental) &#8211; by Mato Do\u0161en<\/p>\n","protected":false},"excerpt":{"rendered":"<p>Popis pjesama: 1. Happy Christmas (War is over) &#8211; Tony Cetinski 2. Christmas song &#8211; Nina Badri\u0107 3. Jingle bells &#8211; To\u0161e Proeski 4. Bijeli Bo\u017ei\u0107 &#8211; Miroslav \u0160koro 5. Tiha no\u0107 &#8211; Franka 6. Narodi nam se &#8211; Jasmin Stavros 7. Svim na zemlji, mir, veselje &#8211; Baruni 8. Radujte se narodi &#8211; Jole [&hellip;]<\/p>\n","protected":false},"featured_media":1107,"comment_status":"open","ping_status":"closed","template":"","meta":[],"product_brand":[],"product_cat":[31],"product_tag":[],"class_list":{"0":"post-1106","1":"product","2":"type-product","3":"status-publish","4":"has-post-thumbnail","6":"product_cat-cd","8":"first","9":"instock","10":"shipping-taxable","11":"purchasable","12":"product-type-simple"},"_links":{"self":[{"href":"https:\/\/webshop.hitrecords.hr\/index.php?rest_route=\/wp\/v2\/product\/1106","targetHints":{"allow":["GET"]}}],"collection":[{"href":"https:\/\/webshop.hitrecords.hr\/index.php?rest_route=\/wp\/v2\/product"}],"about":[{"href":"https:\/\/webshop.hitrecords.hr\/index.php?rest_route=\/wp\/v2\/types\/product"}],"replies":[{"embeddable":true,"href":"https:\/\/webshop.hitrecords.hr\/index.php?rest_route=%2Fwp%2Fv2%2Fcomments&post=1106"}],"wp:featuredmedia":[{"embeddable":true,"href":"https:\/\/webshop.hitrecords.hr\/index.php?rest_route=\/wp\/v2\/media\/1107"}],"wp:attachment":[{"href":"https:\/\/webshop.hitrecords.hr\/index.php?rest_route=%2Fwp%2Fv2%2Fmedia&parent=1106"}],"wp:term":[{"taxonomy":"product_brand","embeddable":true,"href":"https:\/\/webshop.hitrecords.hr\/index.php?rest_route=%2Fwp%2Fv2%2Fproduct_brand&post=1106"},{"taxonomy":"product_cat","embeddable":true,"href":"https:\/\/webshop.hitrecords.hr\/index.php?rest_route=%2Fwp%2Fv2%2Fproduct_cat&post=1106"},{"taxonomy":"product_tag","embeddable":true,"href":"https:\/\/webshop.hitrecords.hr\/index.php?rest_route=%2Fwp%2Fv2%2Fproduct_tag&post=1106"}],"curies":[{"name":"wp","href":"https:\/\/api.w.org\/{rel}","templated":true}]}}