{"id":1108,"date":"2026-02-01T14:41:14","date_gmt":"2026-02-01T13:41:14","guid":{"rendered":"http:\/\/hitrecords.digesthub.com\/proizvod\/dobro-dosla-tugo\/"},"modified":"2026-02-01T14:41:14","modified_gmt":"2026-02-01T13:41:14","slug":"dobro-dosla-tugo","status":"publish","type":"product","link":"https:\/\/webshop.hitrecords.hr\/?product=dobro-dosla-tugo","title":{"rendered":"DOBRO DO\u0160LA TUGO"},"content":{"rendered":"<p>Popis pjesama:<br \/>\n1.\tDobro do\u0161la tugo<br \/>\n2.\tTi<br \/>\n3.\tDo bola<br \/>\n4.\tKako mi nedostaje\u0161<br \/>\n5.\tZa koga ove suze padaju<br \/>\n6.\tO\u010di u o\u010di<br \/>\n7.\tOtkad nismo zajedno<br \/>\n8.\tMoja ulica<br \/>\n9.\tTi i ja<br \/>\n10.\tDo bola<br \/>\n11.\tIdi<br \/>\n12.\tS vremena na vrijeme<br \/>\n13.\tKada ti potonu sve la\u0111e<br \/>\n14.\tJedina na svijetu<\/p>\n","protected":false},"excerpt":{"rendered":"<p>Popis pjesama: 1. Dobro do\u0161la tugo 2. Ti 3. Do bola 4. Kako mi nedostaje\u0161 5. Za koga ove suze padaju 6. O\u010di u o\u010di 7. Otkad nismo zajedno 8. Moja ulica 9. Ti i ja 10. Do bola 11. Idi 12. S vremena na vrijeme 13. Kada ti potonu sve la\u0111e 14. Jedina na [&hellip;]<\/p>\n","protected":false},"featured_media":1110,"comment_status":"open","ping_status":"closed","template":"","meta":[],"product_brand":[],"product_cat":[31],"product_tag":[],"class_list":{"0":"post-1108","1":"product","2":"type-product","3":"status-publish","4":"has-post-thumbnail","6":"product_cat-cd","8":"first","9":"instock","10":"shipping-taxable","11":"purchasable","12":"product-type-simple"},"_links":{"self":[{"href":"https:\/\/webshop.hitrecords.hr\/index.php?rest_route=\/wp\/v2\/product\/1108","targetHints":{"allow":["GET"]}}],"collection":[{"href":"https:\/\/webshop.hitrecords.hr\/index.php?rest_route=\/wp\/v2\/product"}],"about":[{"href":"https:\/\/webshop.hitrecords.hr\/index.php?rest_route=\/wp\/v2\/types\/product"}],"replies":[{"embeddable":true,"href":"https:\/\/webshop.hitrecords.hr\/index.php?rest_route=%2Fwp%2Fv2%2Fcomments&post=1108"}],"wp:featuredmedia":[{"embeddable":true,"href":"https:\/\/webshop.hitrecords.hr\/index.php?rest_route=\/wp\/v2\/media\/1110"}],"wp:attachment":[{"href":"https:\/\/webshop.hitrecords.hr\/index.php?rest_route=%2Fwp%2Fv2%2Fmedia&parent=1108"}],"wp:term":[{"taxonomy":"product_brand","embeddable":true,"href":"https:\/\/webshop.hitrecords.hr\/index.php?rest_route=%2Fwp%2Fv2%2Fproduct_brand&post=1108"},{"taxonomy":"product_cat","embeddable":true,"href":"https:\/\/webshop.hitrecords.hr\/index.php?rest_route=%2Fwp%2Fv2%2Fproduct_cat&post=1108"},{"taxonomy":"product_tag","embeddable":true,"href":"https:\/\/webshop.hitrecords.hr\/index.php?rest_route=%2Fwp%2Fv2%2Fproduct_tag&post=1108"}],"curies":[{"name":"wp","href":"https:\/\/api.w.org\/{rel}","templated":true}]}}