{"id":1120,"date":"2026-02-01T14:41:15","date_gmt":"2026-02-01T13:41:15","guid":{"rendered":"http:\/\/hitrecords.digesthub.com\/proizvod\/sve-najbolje-4\/"},"modified":"2026-02-01T14:41:15","modified_gmt":"2026-02-01T13:41:15","slug":"sve-najbolje-4","status":"publish","type":"product","link":"https:\/\/webshop.hitrecords.hr\/?product=sve-najbolje-4","title":{"rendered":"SVE NAJBOLJE"},"content":{"rendered":"<p>Popis pjesama:<br \/>\n1.\tSkitnica<br \/>\n2.\tBreza<br \/>\n3.\tNeka meni nas<br \/>\n4.\tPismo prijatelju<br \/>\n5.\tBio sam budala<br \/>\n6.\tSamo kad bih znao<br \/>\n7.\tZa neki sretniji par<br \/>\n8.\tDoktor<br \/>\n9.\tZakuni se<br \/>\n10.\tTrideseti februar<br \/>\n11.\tIdi djevoj\u010dice<br \/>\n12.\tLejla<br \/>\n13.\t\u017dena u tu\u0111oj avliji<br \/>\n14.\tI neka zna<br \/>\n15.\tKako da je krivim<\/p>\n","protected":false},"excerpt":{"rendered":"<p>Popis pjesama: 1. Skitnica 2. Breza 3. Neka meni nas 4. Pismo prijatelju 5. Bio sam budala 6. Samo kad bih znao 7. Za neki sretniji par 8. Doktor 9. Zakuni se 10. Trideseti februar 11. Idi djevoj\u010dice 12. Lejla 13. \u017dena u tu\u0111oj avliji 14. I neka zna 15. Kako da je krivim<\/p>\n","protected":false},"featured_media":1122,"comment_status":"open","ping_status":"closed","template":"","meta":[],"product_brand":[],"product_cat":[31],"product_tag":[],"class_list":{"0":"post-1120","1":"product","2":"type-product","3":"status-publish","4":"has-post-thumbnail","6":"product_cat-cd","8":"first","9":"instock","10":"shipping-taxable","11":"purchasable","12":"product-type-simple"},"_links":{"self":[{"href":"https:\/\/webshop.hitrecords.hr\/index.php?rest_route=\/wp\/v2\/product\/1120","targetHints":{"allow":["GET"]}}],"collection":[{"href":"https:\/\/webshop.hitrecords.hr\/index.php?rest_route=\/wp\/v2\/product"}],"about":[{"href":"https:\/\/webshop.hitrecords.hr\/index.php?rest_route=\/wp\/v2\/types\/product"}],"replies":[{"embeddable":true,"href":"https:\/\/webshop.hitrecords.hr\/index.php?rest_route=%2Fwp%2Fv2%2Fcomments&post=1120"}],"wp:featuredmedia":[{"embeddable":true,"href":"https:\/\/webshop.hitrecords.hr\/index.php?rest_route=\/wp\/v2\/media\/1122"}],"wp:attachment":[{"href":"https:\/\/webshop.hitrecords.hr\/index.php?rest_route=%2Fwp%2Fv2%2Fmedia&parent=1120"}],"wp:term":[{"taxonomy":"product_brand","embeddable":true,"href":"https:\/\/webshop.hitrecords.hr\/index.php?rest_route=%2Fwp%2Fv2%2Fproduct_brand&post=1120"},{"taxonomy":"product_cat","embeddable":true,"href":"https:\/\/webshop.hitrecords.hr\/index.php?rest_route=%2Fwp%2Fv2%2Fproduct_cat&post=1120"},{"taxonomy":"product_tag","embeddable":true,"href":"https:\/\/webshop.hitrecords.hr\/index.php?rest_route=%2Fwp%2Fv2%2Fproduct_tag&post=1120"}],"curies":[{"name":"wp","href":"https:\/\/api.w.org\/{rel}","templated":true}]}}