{"id":1123,"date":"2026-02-01T14:41:15","date_gmt":"2026-02-01T13:41:15","guid":{"rendered":"http:\/\/hitrecords.digesthub.com\/proizvod\/sve-sto-imam-best-of\/"},"modified":"2026-02-01T14:41:15","modified_gmt":"2026-02-01T13:41:15","slug":"sve-sto-imam-best-of","status":"publish","type":"product","link":"https:\/\/webshop.hitrecords.hr\/?product=sve-sto-imam-best-of","title":{"rendered":"SVE \u0160TO IMAM BEST OF"},"content":{"rendered":"<p>Popis pjesama:<br \/>\n1.\tSve \u0161to imam<br \/>\n2.\tMalena<br \/>\n3.\tMarija<br \/>\n4.\tZbog jedne Lane<br \/>\n5.\t\u017dena budi mi ti<br \/>\n6.\tBranka<br \/>\n7.\tTo si htjela<br \/>\n8.\tPjevaj sve<br \/>\n9.\tJa ne znam kako<br \/>\n10.\tE, da mi je<br \/>\n11.\tPre\u0161uti (pijana budalo)<\/p>\n","protected":false},"excerpt":{"rendered":"<p>Popis pjesama: 1. Sve \u0161to imam 2. Malena 3. Marija 4. Zbog jedne Lane 5. \u017dena budi mi ti 6. Branka 7. To si htjela 8. Pjevaj sve 9. Ja ne znam kako 10. E, da mi je 11. Pre\u0161uti (pijana budalo)<\/p>\n","protected":false},"featured_media":1124,"comment_status":"open","ping_status":"closed","template":"","meta":[],"product_brand":[],"product_cat":[31],"product_tag":[],"class_list":{"0":"post-1123","1":"product","2":"type-product","3":"status-publish","4":"has-post-thumbnail","6":"product_cat-cd","8":"first","9":"instock","10":"shipping-taxable","11":"purchasable","12":"product-type-simple"},"_links":{"self":[{"href":"https:\/\/webshop.hitrecords.hr\/index.php?rest_route=\/wp\/v2\/product\/1123","targetHints":{"allow":["GET"]}}],"collection":[{"href":"https:\/\/webshop.hitrecords.hr\/index.php?rest_route=\/wp\/v2\/product"}],"about":[{"href":"https:\/\/webshop.hitrecords.hr\/index.php?rest_route=\/wp\/v2\/types\/product"}],"replies":[{"embeddable":true,"href":"https:\/\/webshop.hitrecords.hr\/index.php?rest_route=%2Fwp%2Fv2%2Fcomments&post=1123"}],"wp:featuredmedia":[{"embeddable":true,"href":"https:\/\/webshop.hitrecords.hr\/index.php?rest_route=\/wp\/v2\/media\/1124"}],"wp:attachment":[{"href":"https:\/\/webshop.hitrecords.hr\/index.php?rest_route=%2Fwp%2Fv2%2Fmedia&parent=1123"}],"wp:term":[{"taxonomy":"product_brand","embeddable":true,"href":"https:\/\/webshop.hitrecords.hr\/index.php?rest_route=%2Fwp%2Fv2%2Fproduct_brand&post=1123"},{"taxonomy":"product_cat","embeddable":true,"href":"https:\/\/webshop.hitrecords.hr\/index.php?rest_route=%2Fwp%2Fv2%2Fproduct_cat&post=1123"},{"taxonomy":"product_tag","embeddable":true,"href":"https:\/\/webshop.hitrecords.hr\/index.php?rest_route=%2Fwp%2Fv2%2Fproduct_tag&post=1123"}],"curies":[{"name":"wp","href":"https:\/\/api.w.org\/{rel}","templated":true}]}}