{"id":1127,"date":"2026-02-01T14:41:15","date_gmt":"2026-02-01T13:41:15","guid":{"rendered":"http:\/\/hitrecords.digesthub.com\/proizvod\/kojim-dobrom-mila-moja\/"},"modified":"2026-02-01T14:41:15","modified_gmt":"2026-02-01T13:41:15","slug":"kojim-dobrom-mila-moja","status":"publish","type":"product","link":"https:\/\/webshop.hitrecords.hr\/?product=kojim-dobrom-mila-moja","title":{"rendered":"KOJIM DOBROM MILA MOJA"},"content":{"rendered":"<p>Popis pjesama:<br \/>\n1.\tKojim dobrom mila moja<br \/>\n2.\tNe \u017ealim<br \/>\n3.\tNije moje da znam<br \/>\n4.\tZaljubi se u mene<br \/>\n5.\tLjubav je sudbina<br \/>\n6.\t\u017divi bili, pa vidjeli<br \/>\n7.\tLjubavna adresa<br \/>\n8.\tNije on ono \u0161to ti treba<br \/>\n9.\tNisam bio dobar prema njoj<br \/>\n10.\tNije za te<br \/>\n11.\tTebi je najte\u017ee<br \/>\n12.\tNek \u017eivi \u017eivot<br \/>\n13.\tJa kunem se u ljubav<br \/>\n14.\tStani mi na crtu<br \/>\n15.\tPetak uve\u010de<\/p>\n","protected":false},"excerpt":{"rendered":"<p>Popis pjesama: 1. Kojim dobrom mila moja 2. Ne \u017ealim 3. Nije moje da znam 4. Zaljubi se u mene 5. Ljubav je sudbina 6. \u017divi bili, pa vidjeli 7. Ljubavna adresa 8. Nije on ono \u0161to ti treba 9. Nisam bio dobar prema njoj 10. Nije za te 11. Tebi je najte\u017ee 12. Nek [&hellip;]<\/p>\n","protected":false},"featured_media":1129,"comment_status":"open","ping_status":"closed","template":"","meta":[],"product_brand":[],"product_cat":[31],"product_tag":[],"class_list":{"0":"post-1127","1":"product","2":"type-product","3":"status-publish","4":"has-post-thumbnail","6":"product_cat-cd","8":"first","9":"instock","10":"shipping-taxable","11":"purchasable","12":"product-type-simple"},"_links":{"self":[{"href":"https:\/\/webshop.hitrecords.hr\/index.php?rest_route=\/wp\/v2\/product\/1127","targetHints":{"allow":["GET"]}}],"collection":[{"href":"https:\/\/webshop.hitrecords.hr\/index.php?rest_route=\/wp\/v2\/product"}],"about":[{"href":"https:\/\/webshop.hitrecords.hr\/index.php?rest_route=\/wp\/v2\/types\/product"}],"replies":[{"embeddable":true,"href":"https:\/\/webshop.hitrecords.hr\/index.php?rest_route=%2Fwp%2Fv2%2Fcomments&post=1127"}],"wp:featuredmedia":[{"embeddable":true,"href":"https:\/\/webshop.hitrecords.hr\/index.php?rest_route=\/wp\/v2\/media\/1129"}],"wp:attachment":[{"href":"https:\/\/webshop.hitrecords.hr\/index.php?rest_route=%2Fwp%2Fv2%2Fmedia&parent=1127"}],"wp:term":[{"taxonomy":"product_brand","embeddable":true,"href":"https:\/\/webshop.hitrecords.hr\/index.php?rest_route=%2Fwp%2Fv2%2Fproduct_brand&post=1127"},{"taxonomy":"product_cat","embeddable":true,"href":"https:\/\/webshop.hitrecords.hr\/index.php?rest_route=%2Fwp%2Fv2%2Fproduct_cat&post=1127"},{"taxonomy":"product_tag","embeddable":true,"href":"https:\/\/webshop.hitrecords.hr\/index.php?rest_route=%2Fwp%2Fv2%2Fproduct_tag&post=1127"}],"curies":[{"name":"wp","href":"https:\/\/api.w.org\/{rel}","templated":true}]}}