{"id":1132,"date":"2026-02-01T14:41:16","date_gmt":"2026-02-01T13:41:16","guid":{"rendered":"http:\/\/hitrecords.digesthub.com\/proizvod\/za-jedan-casak-radosti\/"},"modified":"2026-02-01T14:41:16","modified_gmt":"2026-02-01T13:41:16","slug":"za-jedan-casak-radosti","status":"publish","type":"product","link":"https:\/\/webshop.hitrecords.hr\/?product=za-jedan-casak-radosti","title":{"rendered":"ZA JEDAN \u010cASAK RADOSTI"},"content":{"rendered":"<p>Popis pjesama:<br \/>\n1.\tZa jedan \u010dasak radosti-Tiho no\u0107i<br \/>\n2.\tZeleni se gaj<br \/>\n3.\tBlijedi mjesec-Neko\u0107 si meni rekla<br \/>\n4.\tVe\u010dernji zvon<br \/>\n5.\tKad bi ove ru\u017ee male-\u0160to se bore misli moje<br \/>\n6.\tRibara starog k\u0107i<br \/>\n7.\tNekada sam i ja volio-Ja bi htio pjesmom da ti ka\u017eem<br \/>\n8.\tKraj kapele Svete Ane<br \/>\n9.\tStavi svjetiljku u prozor<br \/>\n10.\tU plavom podrumu<br \/>\n11.\tBijele ru\u017ee<\/p>\n","protected":false},"excerpt":{"rendered":"<p>Popis pjesama: 1. Za jedan \u010dasak radosti-Tiho no\u0107i 2. Zeleni se gaj 3. Blijedi mjesec-Neko\u0107 si meni rekla 4. Ve\u010dernji zvon 5. Kad bi ove ru\u017ee male-\u0160to se bore misli moje 6. Ribara starog k\u0107i 7. Nekada sam i ja volio-Ja bi htio pjesmom da ti ka\u017eem 8. Kraj kapele Svete Ane 9. Stavi svjetiljku [&hellip;]<\/p>\n","protected":false},"featured_media":1134,"comment_status":"open","ping_status":"closed","template":"","meta":[],"product_brand":[],"product_cat":[31],"product_tag":[],"class_list":{"0":"post-1132","1":"product","2":"type-product","3":"status-publish","4":"has-post-thumbnail","6":"product_cat-cd","8":"first","9":"instock","10":"shipping-taxable","11":"purchasable","12":"product-type-simple"},"_links":{"self":[{"href":"https:\/\/webshop.hitrecords.hr\/index.php?rest_route=\/wp\/v2\/product\/1132","targetHints":{"allow":["GET"]}}],"collection":[{"href":"https:\/\/webshop.hitrecords.hr\/index.php?rest_route=\/wp\/v2\/product"}],"about":[{"href":"https:\/\/webshop.hitrecords.hr\/index.php?rest_route=\/wp\/v2\/types\/product"}],"replies":[{"embeddable":true,"href":"https:\/\/webshop.hitrecords.hr\/index.php?rest_route=%2Fwp%2Fv2%2Fcomments&post=1132"}],"wp:featuredmedia":[{"embeddable":true,"href":"https:\/\/webshop.hitrecords.hr\/index.php?rest_route=\/wp\/v2\/media\/1134"}],"wp:attachment":[{"href":"https:\/\/webshop.hitrecords.hr\/index.php?rest_route=%2Fwp%2Fv2%2Fmedia&parent=1132"}],"wp:term":[{"taxonomy":"product_brand","embeddable":true,"href":"https:\/\/webshop.hitrecords.hr\/index.php?rest_route=%2Fwp%2Fv2%2Fproduct_brand&post=1132"},{"taxonomy":"product_cat","embeddable":true,"href":"https:\/\/webshop.hitrecords.hr\/index.php?rest_route=%2Fwp%2Fv2%2Fproduct_cat&post=1132"},{"taxonomy":"product_tag","embeddable":true,"href":"https:\/\/webshop.hitrecords.hr\/index.php?rest_route=%2Fwp%2Fv2%2Fproduct_tag&post=1132"}],"curies":[{"name":"wp","href":"https:\/\/api.w.org\/{rel}","templated":true}]}}