{"id":1153,"date":"2026-02-01T14:41:19","date_gmt":"2026-02-01T13:41:19","guid":{"rendered":"http:\/\/hitrecords.digesthub.com\/proizvod\/koncentrat\/"},"modified":"2026-02-01T14:41:19","modified_gmt":"2026-02-01T13:41:19","slug":"koncentrat","status":"publish","type":"product","link":"https:\/\/webshop.hitrecords.hr\/?product=koncentrat","title":{"rendered":"KONCENTRAT"},"content":{"rendered":"<p>Popis pjesama:<br \/>\n1.\tLutka za bal<br \/>\n2.\tStranica dnevnika<br \/>\n3.\tOna je tako prokleto mlada<br \/>\n4.\tJavi se<br \/>\n5.\tHvala ti<br \/>\n6.\tNeda<br \/>\n7.\tSamo sje\u010danja<br \/>\n8.\tTi povuci prvi potez<br \/>\n9.\tVe\u010deras trebam dru\u0161tvo<br \/>\n10.\tMoje dnevne paranoje<br \/>\n11.\tSta\u0161ka<br \/>\n12.\tKao ti<br \/>\n13.\tVrijeme je na na\u0161oj strani<br \/>\n14.\tGlavnom ulicom<br \/>\n15.\tKao prije<br \/>\n16.\tHajde ka\u017ei po\u0161teno<br \/>\n17.\tNe zovi<br \/>\n18.\tMa ajde(Gledaj stvari mojim o\u010dima)<br \/>\n19.\tKa\u017ei mi<br \/>\n20.\tNata\u0161a<br \/>\n21.\tA ja bih sa vragom<br \/>\n22.\tUli\u010dne tu\u010de<\/p>\n","protected":false},"excerpt":{"rendered":"<p>Popis pjesama: 1. Lutka za bal 2. Stranica dnevnika 3. Ona je tako prokleto mlada 4. Javi se 5. Hvala ti 6. Neda 7. Samo sje\u010danja 8. Ti povuci prvi potez 9. Ve\u010deras trebam dru\u0161tvo 10. Moje dnevne paranoje 11. Sta\u0161ka 12. Kao ti 13. Vrijeme je na na\u0161oj strani 14. Glavnom ulicom 15. Kao [&hellip;]<\/p>\n","protected":false},"featured_media":1154,"comment_status":"open","ping_status":"closed","template":"","meta":[],"product_brand":[],"product_cat":[31],"product_tag":[],"class_list":{"0":"post-1153","1":"product","2":"type-product","3":"status-publish","4":"has-post-thumbnail","6":"product_cat-cd","8":"first","9":"instock","10":"shipping-taxable","11":"purchasable","12":"product-type-simple"},"_links":{"self":[{"href":"https:\/\/webshop.hitrecords.hr\/index.php?rest_route=\/wp\/v2\/product\/1153","targetHints":{"allow":["GET"]}}],"collection":[{"href":"https:\/\/webshop.hitrecords.hr\/index.php?rest_route=\/wp\/v2\/product"}],"about":[{"href":"https:\/\/webshop.hitrecords.hr\/index.php?rest_route=\/wp\/v2\/types\/product"}],"replies":[{"embeddable":true,"href":"https:\/\/webshop.hitrecords.hr\/index.php?rest_route=%2Fwp%2Fv2%2Fcomments&post=1153"}],"wp:featuredmedia":[{"embeddable":true,"href":"https:\/\/webshop.hitrecords.hr\/index.php?rest_route=\/wp\/v2\/media\/1154"}],"wp:attachment":[{"href":"https:\/\/webshop.hitrecords.hr\/index.php?rest_route=%2Fwp%2Fv2%2Fmedia&parent=1153"}],"wp:term":[{"taxonomy":"product_brand","embeddable":true,"href":"https:\/\/webshop.hitrecords.hr\/index.php?rest_route=%2Fwp%2Fv2%2Fproduct_brand&post=1153"},{"taxonomy":"product_cat","embeddable":true,"href":"https:\/\/webshop.hitrecords.hr\/index.php?rest_route=%2Fwp%2Fv2%2Fproduct_cat&post=1153"},{"taxonomy":"product_tag","embeddable":true,"href":"https:\/\/webshop.hitrecords.hr\/index.php?rest_route=%2Fwp%2Fv2%2Fproduct_tag&post=1153"}],"curies":[{"name":"wp","href":"https:\/\/api.w.org\/{rel}","templated":true}]}}