{"id":1155,"date":"2026-02-01T14:41:19","date_gmt":"2026-02-01T13:41:19","guid":{"rendered":"http:\/\/hitrecords.digesthub.com\/proizvod\/erotika\/"},"modified":"2026-02-01T14:41:19","modified_gmt":"2026-02-01T13:41:19","slug":"erotika","status":"publish","type":"product","link":"https:\/\/webshop.hitrecords.hr\/?product=erotika","title":{"rendered":"EROTIKA"},"content":{"rendered":"<p>Popis pjesama:<br \/>\n1.\tMedo, brundo<br \/>\n2.\tP\u010delica<br \/>\n3.\tZmija I \u017eaba<br \/>\n4.\t\u0160tala<br \/>\n5.\tCici mici<br \/>\n6.\tDva drugara<br \/>\n7.\tGeto<br \/>\n8.\tRomansa<br \/>\n9.\tZmija i \u017eaba-remix<br \/>\n10.\tSuperstar<br \/>\n11.\tUspavanka<\/p>\n","protected":false},"excerpt":{"rendered":"<p>Popis pjesama: 1. Medo, brundo 2. P\u010delica 3. Zmija I \u017eaba 4. \u0160tala 5. Cici mici 6. Dva drugara 7. Geto 8. Romansa 9. Zmija i \u017eaba-remix 10. Superstar 11. Uspavanka<\/p>\n","protected":false},"featured_media":1157,"comment_status":"open","ping_status":"closed","template":"","meta":[],"product_brand":[],"product_cat":[31],"product_tag":[],"class_list":{"0":"post-1155","1":"product","2":"type-product","3":"status-publish","4":"has-post-thumbnail","6":"product_cat-cd","8":"first","9":"instock","10":"shipping-taxable","11":"purchasable","12":"product-type-simple"},"_links":{"self":[{"href":"https:\/\/webshop.hitrecords.hr\/index.php?rest_route=\/wp\/v2\/product\/1155","targetHints":{"allow":["GET"]}}],"collection":[{"href":"https:\/\/webshop.hitrecords.hr\/index.php?rest_route=\/wp\/v2\/product"}],"about":[{"href":"https:\/\/webshop.hitrecords.hr\/index.php?rest_route=\/wp\/v2\/types\/product"}],"replies":[{"embeddable":true,"href":"https:\/\/webshop.hitrecords.hr\/index.php?rest_route=%2Fwp%2Fv2%2Fcomments&post=1155"}],"wp:featuredmedia":[{"embeddable":true,"href":"https:\/\/webshop.hitrecords.hr\/index.php?rest_route=\/wp\/v2\/media\/1157"}],"wp:attachment":[{"href":"https:\/\/webshop.hitrecords.hr\/index.php?rest_route=%2Fwp%2Fv2%2Fmedia&parent=1155"}],"wp:term":[{"taxonomy":"product_brand","embeddable":true,"href":"https:\/\/webshop.hitrecords.hr\/index.php?rest_route=%2Fwp%2Fv2%2Fproduct_brand&post=1155"},{"taxonomy":"product_cat","embeddable":true,"href":"https:\/\/webshop.hitrecords.hr\/index.php?rest_route=%2Fwp%2Fv2%2Fproduct_cat&post=1155"},{"taxonomy":"product_tag","embeddable":true,"href":"https:\/\/webshop.hitrecords.hr\/index.php?rest_route=%2Fwp%2Fv2%2Fproduct_tag&post=1155"}],"curies":[{"name":"wp","href":"https:\/\/api.w.org\/{rel}","templated":true}]}}