{"id":1158,"date":"2026-02-01T14:41:19","date_gmt":"2026-02-01T13:41:19","guid":{"rendered":"http:\/\/hitrecords.digesthub.com\/proizvod\/zivim-i-ljubim-narod-svoj\/"},"modified":"2026-02-01T14:41:19","modified_gmt":"2026-02-01T13:41:19","slug":"zivim-i-ljubim-narod-svoj","status":"publish","type":"product","link":"https:\/\/webshop.hitrecords.hr\/?product=zivim-i-ljubim-narod-svoj","title":{"rendered":"\u017dIVIM I LJUBIM NAROD SVOJ"},"content":{"rendered":"<p>Popis pjesama:<br \/>\n1.\tCrna mi je u divojke kosa<br \/>\n2.\tZapjevaj<br \/>\n3.\t\u017divim i ljubim narod svoj<br \/>\n4.\tGolubica<br \/>\n5.\tBo\u017ee zdravlja<br \/>\n6.\tZovi<br \/>\n7.\tMoj kume kuma\u0161ine<br \/>\n8.\tVila<br \/>\n9.\tBudio sam se<br \/>\n10.\tDva drugara<\/p>\n","protected":false},"excerpt":{"rendered":"<p>Popis pjesama: 1. Crna mi je u divojke kosa 2. Zapjevaj 3. \u017divim i ljubim narod svoj 4. Golubica 5. Bo\u017ee zdravlja 6. Zovi 7. Moj kume kuma\u0161ine 8. Vila 9. Budio sam se 10. Dva drugara<\/p>\n","protected":false},"featured_media":1160,"comment_status":"open","ping_status":"closed","template":"","meta":[],"product_brand":[],"product_cat":[31],"product_tag":[],"class_list":{"0":"post-1158","1":"product","2":"type-product","3":"status-publish","4":"has-post-thumbnail","6":"product_cat-cd","8":"first","9":"instock","10":"shipping-taxable","11":"purchasable","12":"product-type-simple"},"_links":{"self":[{"href":"https:\/\/webshop.hitrecords.hr\/index.php?rest_route=\/wp\/v2\/product\/1158","targetHints":{"allow":["GET"]}}],"collection":[{"href":"https:\/\/webshop.hitrecords.hr\/index.php?rest_route=\/wp\/v2\/product"}],"about":[{"href":"https:\/\/webshop.hitrecords.hr\/index.php?rest_route=\/wp\/v2\/types\/product"}],"replies":[{"embeddable":true,"href":"https:\/\/webshop.hitrecords.hr\/index.php?rest_route=%2Fwp%2Fv2%2Fcomments&post=1158"}],"wp:featuredmedia":[{"embeddable":true,"href":"https:\/\/webshop.hitrecords.hr\/index.php?rest_route=\/wp\/v2\/media\/1160"}],"wp:attachment":[{"href":"https:\/\/webshop.hitrecords.hr\/index.php?rest_route=%2Fwp%2Fv2%2Fmedia&parent=1158"}],"wp:term":[{"taxonomy":"product_brand","embeddable":true,"href":"https:\/\/webshop.hitrecords.hr\/index.php?rest_route=%2Fwp%2Fv2%2Fproduct_brand&post=1158"},{"taxonomy":"product_cat","embeddable":true,"href":"https:\/\/webshop.hitrecords.hr\/index.php?rest_route=%2Fwp%2Fv2%2Fproduct_cat&post=1158"},{"taxonomy":"product_tag","embeddable":true,"href":"https:\/\/webshop.hitrecords.hr\/index.php?rest_route=%2Fwp%2Fv2%2Fproduct_tag&post=1158"}],"curies":[{"name":"wp","href":"https:\/\/api.w.org\/{rel}","templated":true}]}}