{"id":1170,"date":"2026-02-01T14:41:20","date_gmt":"2026-02-01T13:41:20","guid":{"rendered":"http:\/\/hitrecords.digesthub.com\/proizvod\/nakon-svih-ovih-godina\/"},"modified":"2026-02-01T14:41:20","modified_gmt":"2026-02-01T13:41:20","slug":"nakon-svih-ovih-godina","status":"publish","type":"product","link":"https:\/\/webshop.hitrecords.hr\/?product=nakon-svih-ovih-godina","title":{"rendered":"NAKON SVIH OVIH GODINA"},"content":{"rendered":"<p>Popis pjesama:<br \/>\n1.\tNe spavaj mala moja &#8211; Bijelo Dugme<br \/>\n2.\tMoj bijeli labude &#8211; Prljavo Kazali\u0161te<br \/>\n3.\tRijeka ljubavi &#8211; Tony Cetinski<br \/>\n4.\tNakon svih ovih godina &#8211; Alen Islamovi\u0107<br \/>\n5.\tKao ti &#8211; Parni Valjak<br \/>\n6.\tKlin\u010dek stoji pod oblokom &#8211; Azra<br \/>\n7.\tSonja &#8211; ITD Band<br \/>\n8.\tOdlazim &#8211; \u017deljko Bebek<br \/>\n9.\tZamisli \u017eivot u ritmu muzike za ples &#8211; Film<br \/>\n10.\tTebe nisam bio vrijedan &#8211; Gibonni<br \/>\n11.\tA tko \u0107e pitat` ti\u0161inu &#8211; Miroslav Rus<br \/>\n12.\tAndrija &#8211; Dado Topi\u0107<br \/>\n13.\tVerba, nade\u017e, ljubov &#8211; Vlatko Stefanovski &amp; Gibonni<br \/>\n14.\tPi\u0161i mi &#8211; Drugi Na\u010din<br \/>\n15.\tKao nekad &#8211; Boa<br \/>\n16.\tNe pitaj za mene &#8211; Patrola<\/p>\n","protected":false},"excerpt":{"rendered":"<p>Popis pjesama: 1. Ne spavaj mala moja &#8211; Bijelo Dugme 2. Moj bijeli labude &#8211; Prljavo Kazali\u0161te 3. Rijeka ljubavi &#8211; Tony Cetinski 4. Nakon svih ovih godina &#8211; Alen Islamovi\u0107 5. Kao ti &#8211; Parni Valjak 6. Klin\u010dek stoji pod oblokom &#8211; Azra 7. Sonja &#8211; ITD Band 8. Odlazim &#8211; \u017deljko Bebek 9. [&hellip;]<\/p>\n","protected":false},"featured_media":1171,"comment_status":"open","ping_status":"closed","template":"","meta":[],"product_brand":[],"product_cat":[31],"product_tag":[],"class_list":{"0":"post-1170","1":"product","2":"type-product","3":"status-publish","4":"has-post-thumbnail","6":"product_cat-cd","8":"first","9":"instock","10":"shipping-taxable","11":"purchasable","12":"product-type-simple"},"_links":{"self":[{"href":"https:\/\/webshop.hitrecords.hr\/index.php?rest_route=\/wp\/v2\/product\/1170","targetHints":{"allow":["GET"]}}],"collection":[{"href":"https:\/\/webshop.hitrecords.hr\/index.php?rest_route=\/wp\/v2\/product"}],"about":[{"href":"https:\/\/webshop.hitrecords.hr\/index.php?rest_route=\/wp\/v2\/types\/product"}],"replies":[{"embeddable":true,"href":"https:\/\/webshop.hitrecords.hr\/index.php?rest_route=%2Fwp%2Fv2%2Fcomments&post=1170"}],"wp:featuredmedia":[{"embeddable":true,"href":"https:\/\/webshop.hitrecords.hr\/index.php?rest_route=\/wp\/v2\/media\/1171"}],"wp:attachment":[{"href":"https:\/\/webshop.hitrecords.hr\/index.php?rest_route=%2Fwp%2Fv2%2Fmedia&parent=1170"}],"wp:term":[{"taxonomy":"product_brand","embeddable":true,"href":"https:\/\/webshop.hitrecords.hr\/index.php?rest_route=%2Fwp%2Fv2%2Fproduct_brand&post=1170"},{"taxonomy":"product_cat","embeddable":true,"href":"https:\/\/webshop.hitrecords.hr\/index.php?rest_route=%2Fwp%2Fv2%2Fproduct_cat&post=1170"},{"taxonomy":"product_tag","embeddable":true,"href":"https:\/\/webshop.hitrecords.hr\/index.php?rest_route=%2Fwp%2Fv2%2Fproduct_tag&post=1170"}],"curies":[{"name":"wp","href":"https:\/\/api.w.org\/{rel}","templated":true}]}}