{"id":1174,"date":"2026-02-01T14:41:20","date_gmt":"2026-02-01T13:41:20","guid":{"rendered":"http:\/\/hitrecords.digesthub.com\/proizvod\/romski-zivot\/"},"modified":"2026-02-01T14:41:20","modified_gmt":"2026-02-01T13:41:20","slug":"romski-zivot","status":"publish","type":"product","link":"https:\/\/webshop.hitrecords.hr\/?product=romski-zivot","title":{"rendered":"ROMSKI \u017dIVOT"},"content":{"rendered":"<p>Popis pjesama:<br \/>\n1.\tAjde tu ku minja kase(Hajde ti sa mnom ku\u0107i)<br \/>\n2.\tZa njega je \u017eivot kazna<br \/>\n3.\tAuz injima mja(\u010cuje\u0161 moje srce)<br \/>\n4.\tSvi smo mi djeca bo\u017eja<br \/>\n5.\tRomski svatovi<br \/>\n6.\tAjde a kase mndrulje(Ajde ku\u0107u ljepotane)<br \/>\n7.\tFate kare nare(Djevojka koja nema)<br \/>\n8.\tPutevi Roma<br \/>\n9.\tTot la \u0111alu(Sve od brda do brda)<br \/>\n10.\tJone, Jone(Ivane, Ivane)<br \/>\n11.\tSve me boli<br \/>\n12.\t\u0110elem, \u0111elem<\/p>\n","protected":false},"excerpt":{"rendered":"<p>Popis pjesama: 1. Ajde tu ku minja kase(Hajde ti sa mnom ku\u0107i) 2. Za njega je \u017eivot kazna 3. Auz injima mja(\u010cuje\u0161 moje srce) 4. Svi smo mi djeca bo\u017eja 5. Romski svatovi 6. Ajde a kase mndrulje(Ajde ku\u0107u ljepotane) 7. Fate kare nare(Djevojka koja nema) 8. Putevi Roma 9. Tot la \u0111alu(Sve od brda [&hellip;]<\/p>\n","protected":false},"featured_media":1176,"comment_status":"open","ping_status":"closed","template":"","meta":[],"product_brand":[],"product_cat":[31],"product_tag":[],"class_list":{"0":"post-1174","1":"product","2":"type-product","3":"status-publish","4":"has-post-thumbnail","6":"product_cat-cd","8":"first","9":"instock","10":"shipping-taxable","11":"purchasable","12":"product-type-simple"},"_links":{"self":[{"href":"https:\/\/webshop.hitrecords.hr\/index.php?rest_route=\/wp\/v2\/product\/1174","targetHints":{"allow":["GET"]}}],"collection":[{"href":"https:\/\/webshop.hitrecords.hr\/index.php?rest_route=\/wp\/v2\/product"}],"about":[{"href":"https:\/\/webshop.hitrecords.hr\/index.php?rest_route=\/wp\/v2\/types\/product"}],"replies":[{"embeddable":true,"href":"https:\/\/webshop.hitrecords.hr\/index.php?rest_route=%2Fwp%2Fv2%2Fcomments&post=1174"}],"wp:featuredmedia":[{"embeddable":true,"href":"https:\/\/webshop.hitrecords.hr\/index.php?rest_route=\/wp\/v2\/media\/1176"}],"wp:attachment":[{"href":"https:\/\/webshop.hitrecords.hr\/index.php?rest_route=%2Fwp%2Fv2%2Fmedia&parent=1174"}],"wp:term":[{"taxonomy":"product_brand","embeddable":true,"href":"https:\/\/webshop.hitrecords.hr\/index.php?rest_route=%2Fwp%2Fv2%2Fproduct_brand&post=1174"},{"taxonomy":"product_cat","embeddable":true,"href":"https:\/\/webshop.hitrecords.hr\/index.php?rest_route=%2Fwp%2Fv2%2Fproduct_cat&post=1174"},{"taxonomy":"product_tag","embeddable":true,"href":"https:\/\/webshop.hitrecords.hr\/index.php?rest_route=%2Fwp%2Fv2%2Fproduct_tag&post=1174"}],"curies":[{"name":"wp","href":"https:\/\/api.w.org\/{rel}","templated":true}]}}