{"id":1184,"date":"2026-02-01T14:41:21","date_gmt":"2026-02-01T13:41:21","guid":{"rendered":"http:\/\/hitrecords.digesthub.com\/proizvod\/moja-kancona\/"},"modified":"2026-02-01T14:41:21","modified_gmt":"2026-02-01T13:41:21","slug":"moja-kancona","status":"publish","type":"product","link":"https:\/\/webshop.hitrecords.hr\/?product=moja-kancona","title":{"rendered":"MOJA KANCONA"},"content":{"rendered":"<p>Popis pjesama:<br \/>\n1.\tMoja kancona<br \/>\n2.\tKada se vratim moru<br \/>\n3.\tLipi dani mladosti na\u0161e<br \/>\n4.\tKamo gre\u0161 ma kamo gre\u0161<br \/>\n5.\tKad stara klapa zakanta<br \/>\n6.\tJa gren doma<br \/>\n7.\tZa tvoju teplu ruku<br \/>\n8.\tStara ura<br \/>\n9.\tJa te volit ne smin<br \/>\n10.\tPokora od mornara<br \/>\n11.\tVali ljubavi<br \/>\n12.\tTebi \u0107u do\u0107<br \/>\n13.\tOpet skupa<br \/>\n14.\tPro\u0161e\u0107i se z manun po Kvarneru<\/p>\n","protected":false},"excerpt":{"rendered":"<p>Popis pjesama: 1. Moja kancona 2. Kada se vratim moru 3. Lipi dani mladosti na\u0161e 4. Kamo gre\u0161 ma kamo gre\u0161 5. Kad stara klapa zakanta 6. Ja gren doma 7. Za tvoju teplu ruku 8. Stara ura 9. Ja te volit ne smin 10. Pokora od mornara 11. Vali ljubavi 12. Tebi \u0107u do\u0107 [&hellip;]<\/p>\n","protected":false},"featured_media":1186,"comment_status":"open","ping_status":"closed","template":"","meta":[],"product_brand":[],"product_cat":[31],"product_tag":[],"class_list":{"0":"post-1184","1":"product","2":"type-product","3":"status-publish","4":"has-post-thumbnail","6":"product_cat-cd","8":"first","9":"instock","10":"shipping-taxable","11":"purchasable","12":"product-type-simple"},"_links":{"self":[{"href":"https:\/\/webshop.hitrecords.hr\/index.php?rest_route=\/wp\/v2\/product\/1184","targetHints":{"allow":["GET"]}}],"collection":[{"href":"https:\/\/webshop.hitrecords.hr\/index.php?rest_route=\/wp\/v2\/product"}],"about":[{"href":"https:\/\/webshop.hitrecords.hr\/index.php?rest_route=\/wp\/v2\/types\/product"}],"replies":[{"embeddable":true,"href":"https:\/\/webshop.hitrecords.hr\/index.php?rest_route=%2Fwp%2Fv2%2Fcomments&post=1184"}],"wp:featuredmedia":[{"embeddable":true,"href":"https:\/\/webshop.hitrecords.hr\/index.php?rest_route=\/wp\/v2\/media\/1186"}],"wp:attachment":[{"href":"https:\/\/webshop.hitrecords.hr\/index.php?rest_route=%2Fwp%2Fv2%2Fmedia&parent=1184"}],"wp:term":[{"taxonomy":"product_brand","embeddable":true,"href":"https:\/\/webshop.hitrecords.hr\/index.php?rest_route=%2Fwp%2Fv2%2Fproduct_brand&post=1184"},{"taxonomy":"product_cat","embeddable":true,"href":"https:\/\/webshop.hitrecords.hr\/index.php?rest_route=%2Fwp%2Fv2%2Fproduct_cat&post=1184"},{"taxonomy":"product_tag","embeddable":true,"href":"https:\/\/webshop.hitrecords.hr\/index.php?rest_route=%2Fwp%2Fv2%2Fproduct_tag&post=1184"}],"curies":[{"name":"wp","href":"https:\/\/api.w.org\/{rel}","templated":true}]}}