{"id":1195,"date":"2026-02-01T14:41:22","date_gmt":"2026-02-01T13:41:22","guid":{"rendered":"http:\/\/hitrecords.digesthub.com\/proizvod\/cocktail-hitovi-za-tulume\/"},"modified":"2026-02-01T14:41:22","modified_gmt":"2026-02-01T13:41:22","slug":"cocktail-hitovi-za-tulume","status":"publish","type":"product","link":"https:\/\/webshop.hitrecords.hr\/?product=cocktail-hitovi-za-tulume","title":{"rendered":"COCKTAIL HITOVI ZA TULUME"},"content":{"rendered":"<p>Popis pjesama:<br \/>\n1.\tDaj \u0161ta da\u0161 &#8211; Jelena Rozga<br \/>\n2.\tVoda te\u010de &#8211; Magazin<br \/>\n3.\tSvit ne more znat &#8211; Doris Dragovi\u0107<br \/>\n4.\tOtvori mi draga &#8211; Jole<br \/>\n5.\tLijepa Tena &#8211; Igor Cukrov feat. Andrea \u0160u\u0161njara<br \/>\n6.\tSvega ima al&#8217; bi jo\u0161 &#8211; Jelena Rozga<br \/>\n7.\tMigrena &#8211; Magazin<br \/>\n8.\tMjese\u010dar &#8211; Igor Cukrov<br \/>\n9.\tRodit \u0107u ti &#8216;\u0107er i sina &#8211; Jelena Rozga<br \/>\n10.\tNo\u0107na smjena &#8211; Jole<br \/>\n11.\tNe tra\u017ei od mene &#8211; Magazin<br \/>\n12.\tDva broja manja &#8211; Jole<br \/>\n13.\tDjevica &#8211; Jelena Rozga<br \/>\n14.\t\u0160to Bog mi o\u010di da &#8211; Magazin<br \/>\n15.\tSamac &#8211; Jole<\/p>\n","protected":false},"excerpt":{"rendered":"<p>Popis pjesama: 1. Daj \u0161ta da\u0161 &#8211; Jelena Rozga 2. Voda te\u010de &#8211; Magazin 3. Svit ne more znat &#8211; Doris Dragovi\u0107 4. Otvori mi draga &#8211; Jole 5. Lijepa Tena &#8211; Igor Cukrov feat. Andrea \u0160u\u0161njara 6. Svega ima al&#8217; bi jo\u0161 &#8211; Jelena Rozga 7. Migrena &#8211; Magazin 8. Mjese\u010dar &#8211; Igor Cukrov [&hellip;]<\/p>\n","protected":false},"featured_media":1196,"comment_status":"open","ping_status":"closed","template":"","meta":[],"product_brand":[],"product_cat":[31],"product_tag":[],"class_list":{"0":"post-1195","1":"product","2":"type-product","3":"status-publish","4":"has-post-thumbnail","6":"product_cat-cd","8":"first","9":"instock","10":"shipping-taxable","11":"purchasable","12":"product-type-simple"},"_links":{"self":[{"href":"https:\/\/webshop.hitrecords.hr\/index.php?rest_route=\/wp\/v2\/product\/1195","targetHints":{"allow":["GET"]}}],"collection":[{"href":"https:\/\/webshop.hitrecords.hr\/index.php?rest_route=\/wp\/v2\/product"}],"about":[{"href":"https:\/\/webshop.hitrecords.hr\/index.php?rest_route=\/wp\/v2\/types\/product"}],"replies":[{"embeddable":true,"href":"https:\/\/webshop.hitrecords.hr\/index.php?rest_route=%2Fwp%2Fv2%2Fcomments&post=1195"}],"wp:featuredmedia":[{"embeddable":true,"href":"https:\/\/webshop.hitrecords.hr\/index.php?rest_route=\/wp\/v2\/media\/1196"}],"wp:attachment":[{"href":"https:\/\/webshop.hitrecords.hr\/index.php?rest_route=%2Fwp%2Fv2%2Fmedia&parent=1195"}],"wp:term":[{"taxonomy":"product_brand","embeddable":true,"href":"https:\/\/webshop.hitrecords.hr\/index.php?rest_route=%2Fwp%2Fv2%2Fproduct_brand&post=1195"},{"taxonomy":"product_cat","embeddable":true,"href":"https:\/\/webshop.hitrecords.hr\/index.php?rest_route=%2Fwp%2Fv2%2Fproduct_cat&post=1195"},{"taxonomy":"product_tag","embeddable":true,"href":"https:\/\/webshop.hitrecords.hr\/index.php?rest_route=%2Fwp%2Fv2%2Fproduct_tag&post=1195"}],"curies":[{"name":"wp","href":"https:\/\/api.w.org\/{rel}","templated":true}]}}