{"id":1197,"date":"2026-02-01T14:41:22","date_gmt":"2026-02-01T13:41:22","guid":{"rendered":"http:\/\/hitrecords.digesthub.com\/proizvod\/ponovo-na-putu\/"},"modified":"2026-02-01T14:41:22","modified_gmt":"2026-02-01T13:41:22","slug":"ponovo-na-putu","status":"publish","type":"product","link":"https:\/\/webshop.hitrecords.hr\/?product=ponovo-na-putu","title":{"rendered":"PONOVO NA PUTU"},"content":{"rendered":"<p>Popis pjesama:<br \/>\n1.\tPobjegni ve\u0107 jednom<br \/>\n2.\tNajbolje bi bilo da promijenim grad<br \/>\n3.\tPrave rije\u010di<br \/>\n4.\tBijeg iz tre\u0107eg \u010dina<br \/>\n5.\tNo\u0107as si stra\u0161no sama<br \/>\n6.\tStoperi<br \/>\n7.\tRingi\u0161pil<br \/>\n8.\tDo\u0111i do nas<br \/>\n9.\tDileme<br \/>\n10.\tNa svoj na\u010din<br \/>\n11.\tPi\u0161i mi<br \/>\n12.\tNapoleon<br \/>\n13.\tHtio bih vratiti<\/p>\n","protected":false},"excerpt":{"rendered":"<p>Popis pjesama: 1. Pobjegni ve\u0107 jednom 2. Najbolje bi bilo da promijenim grad 3. Prave rije\u010di 4. Bijeg iz tre\u0107eg \u010dina 5. No\u0107as si stra\u0161no sama 6. Stoperi 7. Ringi\u0161pil 8. Do\u0111i do nas 9. Dileme 10. Na svoj na\u010din 11. Pi\u0161i mi 12. Napoleon 13. Htio bih vratiti<\/p>\n","protected":false},"featured_media":1199,"comment_status":"open","ping_status":"closed","template":"","meta":[],"product_brand":[],"product_cat":[31],"product_tag":[],"class_list":{"0":"post-1197","1":"product","2":"type-product","3":"status-publish","4":"has-post-thumbnail","6":"product_cat-cd","8":"first","9":"instock","10":"shipping-taxable","11":"purchasable","12":"product-type-simple"},"_links":{"self":[{"href":"https:\/\/webshop.hitrecords.hr\/index.php?rest_route=\/wp\/v2\/product\/1197","targetHints":{"allow":["GET"]}}],"collection":[{"href":"https:\/\/webshop.hitrecords.hr\/index.php?rest_route=\/wp\/v2\/product"}],"about":[{"href":"https:\/\/webshop.hitrecords.hr\/index.php?rest_route=\/wp\/v2\/types\/product"}],"replies":[{"embeddable":true,"href":"https:\/\/webshop.hitrecords.hr\/index.php?rest_route=%2Fwp%2Fv2%2Fcomments&post=1197"}],"wp:featuredmedia":[{"embeddable":true,"href":"https:\/\/webshop.hitrecords.hr\/index.php?rest_route=\/wp\/v2\/media\/1199"}],"wp:attachment":[{"href":"https:\/\/webshop.hitrecords.hr\/index.php?rest_route=%2Fwp%2Fv2%2Fmedia&parent=1197"}],"wp:term":[{"taxonomy":"product_brand","embeddable":true,"href":"https:\/\/webshop.hitrecords.hr\/index.php?rest_route=%2Fwp%2Fv2%2Fproduct_brand&post=1197"},{"taxonomy":"product_cat","embeddable":true,"href":"https:\/\/webshop.hitrecords.hr\/index.php?rest_route=%2Fwp%2Fv2%2Fproduct_cat&post=1197"},{"taxonomy":"product_tag","embeddable":true,"href":"https:\/\/webshop.hitrecords.hr\/index.php?rest_route=%2Fwp%2Fv2%2Fproduct_tag&post=1197"}],"curies":[{"name":"wp","href":"https:\/\/api.w.org\/{rel}","templated":true}]}}