{"id":1200,"date":"2026-02-01T14:41:22","date_gmt":"2026-02-01T13:41:22","guid":{"rendered":"http:\/\/hitrecords.digesthub.com\/proizvod\/serenada\/"},"modified":"2026-02-01T14:41:22","modified_gmt":"2026-02-01T13:41:22","slug":"serenada","status":"publish","type":"product","link":"https:\/\/webshop.hitrecords.hr\/?product=serenada","title":{"rendered":"SERENADA"},"content":{"rendered":"<p>Popis pjesama:<br \/>\n1.\tSerenada<br \/>\n2.\tSmilje<br \/>\n3.\tGaleb<br \/>\n4.\tKu\u017eina stare ku\u0107e<br \/>\n5.\tNadimci<br \/>\n6.\tKoliko je \u0160ibenik<br \/>\n7.\tBalada o Fakinu<br \/>\n8.\tFuncutica<br \/>\n9.\tPridajem ti du\u0161u<br \/>\n10.\tO, milo prolje\u0107e<br \/>\n11.\tDobra ve\u010der \u0160ibeni\u010de<\/p>\n","protected":false},"excerpt":{"rendered":"<p>Popis pjesama: 1. Serenada 2. Smilje 3. Galeb 4. Ku\u017eina stare ku\u0107e 5. Nadimci 6. Koliko je \u0160ibenik 7. Balada o Fakinu 8. Funcutica 9. Pridajem ti du\u0161u 10. O, milo prolje\u0107e 11. Dobra ve\u010der \u0160ibeni\u010de<\/p>\n","protected":false},"featured_media":1202,"comment_status":"open","ping_status":"closed","template":"","meta":[],"product_brand":[],"product_cat":[31],"product_tag":[],"class_list":{"0":"post-1200","1":"product","2":"type-product","3":"status-publish","4":"has-post-thumbnail","6":"product_cat-cd","8":"first","9":"instock","10":"shipping-taxable","11":"purchasable","12":"product-type-simple"},"_links":{"self":[{"href":"https:\/\/webshop.hitrecords.hr\/index.php?rest_route=\/wp\/v2\/product\/1200","targetHints":{"allow":["GET"]}}],"collection":[{"href":"https:\/\/webshop.hitrecords.hr\/index.php?rest_route=\/wp\/v2\/product"}],"about":[{"href":"https:\/\/webshop.hitrecords.hr\/index.php?rest_route=\/wp\/v2\/types\/product"}],"replies":[{"embeddable":true,"href":"https:\/\/webshop.hitrecords.hr\/index.php?rest_route=%2Fwp%2Fv2%2Fcomments&post=1200"}],"wp:featuredmedia":[{"embeddable":true,"href":"https:\/\/webshop.hitrecords.hr\/index.php?rest_route=\/wp\/v2\/media\/1202"}],"wp:attachment":[{"href":"https:\/\/webshop.hitrecords.hr\/index.php?rest_route=%2Fwp%2Fv2%2Fmedia&parent=1200"}],"wp:term":[{"taxonomy":"product_brand","embeddable":true,"href":"https:\/\/webshop.hitrecords.hr\/index.php?rest_route=%2Fwp%2Fv2%2Fproduct_brand&post=1200"},{"taxonomy":"product_cat","embeddable":true,"href":"https:\/\/webshop.hitrecords.hr\/index.php?rest_route=%2Fwp%2Fv2%2Fproduct_cat&post=1200"},{"taxonomy":"product_tag","embeddable":true,"href":"https:\/\/webshop.hitrecords.hr\/index.php?rest_route=%2Fwp%2Fv2%2Fproduct_tag&post=1200"}],"curies":[{"name":"wp","href":"https:\/\/api.w.org\/{rel}","templated":true}]}}