{"id":1205,"date":"2026-02-01T14:41:23","date_gmt":"2026-02-01T13:41:23","guid":{"rendered":"http:\/\/hitrecords.digesthub.com\/proizvod\/vruce-igre\/"},"modified":"2026-02-01T14:41:23","modified_gmt":"2026-02-01T13:41:23","slug":"vruce-igre","status":"publish","type":"product","link":"https:\/\/webshop.hitrecords.hr\/?product=vruce-igre","title":{"rendered":"VRU\u0106E IGRE"},"content":{"rendered":"<p>Popis pjesama:<br \/>\n1.\tKada no\u0107 umije\u0161a prste u grad<br \/>\n2.\tJo\u0161 jedna o hrastu<br \/>\n3.\tOna je tako prokleto mlada<br \/>\n4.\tKad Miki ka\u017ee da se boji<br \/>\n5.\tJavi se<br \/>\n6.\tHvala ti<br \/>\n7.\tNeda<br \/>\n8.\tPartneri za ples<br \/>\n9.\tNe udaraj me nisko<br \/>\n10.\tVru\u0107e igre<br \/>\n11.\tSamo sje\u0107anje<br \/>\n12.\tTi povuci prvi potez<\/p>\n","protected":false},"excerpt":{"rendered":"<p>Popis pjesama: 1. Kada no\u0107 umije\u0161a prste u grad 2. Jo\u0161 jedna o hrastu 3. Ona je tako prokleto mlada 4. Kad Miki ka\u017ee da se boji 5. Javi se 6. Hvala ti 7. Neda 8. Partneri za ples 9. Ne udaraj me nisko 10. Vru\u0107e igre 11. Samo sje\u0107anje 12. Ti povuci prvi potez<\/p>\n","protected":false},"featured_media":1206,"comment_status":"open","ping_status":"closed","template":"","meta":[],"product_brand":[],"product_cat":[31],"product_tag":[],"class_list":{"0":"post-1205","1":"product","2":"type-product","3":"status-publish","4":"has-post-thumbnail","6":"product_cat-cd","8":"first","9":"instock","10":"shipping-taxable","11":"purchasable","12":"product-type-simple"},"_links":{"self":[{"href":"https:\/\/webshop.hitrecords.hr\/index.php?rest_route=\/wp\/v2\/product\/1205","targetHints":{"allow":["GET"]}}],"collection":[{"href":"https:\/\/webshop.hitrecords.hr\/index.php?rest_route=\/wp\/v2\/product"}],"about":[{"href":"https:\/\/webshop.hitrecords.hr\/index.php?rest_route=\/wp\/v2\/types\/product"}],"replies":[{"embeddable":true,"href":"https:\/\/webshop.hitrecords.hr\/index.php?rest_route=%2Fwp%2Fv2%2Fcomments&post=1205"}],"wp:featuredmedia":[{"embeddable":true,"href":"https:\/\/webshop.hitrecords.hr\/index.php?rest_route=\/wp\/v2\/media\/1206"}],"wp:attachment":[{"href":"https:\/\/webshop.hitrecords.hr\/index.php?rest_route=%2Fwp%2Fv2%2Fmedia&parent=1205"}],"wp:term":[{"taxonomy":"product_brand","embeddable":true,"href":"https:\/\/webshop.hitrecords.hr\/index.php?rest_route=%2Fwp%2Fv2%2Fproduct_brand&post=1205"},{"taxonomy":"product_cat","embeddable":true,"href":"https:\/\/webshop.hitrecords.hr\/index.php?rest_route=%2Fwp%2Fv2%2Fproduct_cat&post=1205"},{"taxonomy":"product_tag","embeddable":true,"href":"https:\/\/webshop.hitrecords.hr\/index.php?rest_route=%2Fwp%2Fv2%2Fproduct_tag&post=1205"}],"curies":[{"name":"wp","href":"https:\/\/api.w.org\/{rel}","templated":true}]}}