{"id":1207,"date":"2026-02-01T14:41:23","date_gmt":"2026-02-01T13:41:23","guid":{"rendered":"http:\/\/hitrecords.digesthub.com\/proizvod\/krecem-ponovo\/"},"modified":"2026-02-01T14:41:23","modified_gmt":"2026-02-01T13:41:23","slug":"krecem-ponovo","status":"publish","type":"product","link":"https:\/\/webshop.hitrecords.hr\/?product=krecem-ponovo","title":{"rendered":"KRE\u0106EM PONOVO"},"content":{"rendered":"<p>Popis pjesama:<br \/>\n1.\tKre\u0107em ponovo<br \/>\n2.\tPozdravimo se<br \/>\n3.\tBez tebe<br \/>\n4.\tGlava ili pismo<br \/>\n5.\tMarija<br \/>\n6.\tBepo smokvica<br \/>\n7.\tDani<br \/>\n8.\tNe grije\u0161i tko ne voli<br \/>\n9.\tRane stare<br \/>\n10.\tZa di\u0161pet<\/p>\n","protected":false},"excerpt":{"rendered":"<p>Popis pjesama: 1. Kre\u0107em ponovo 2. Pozdravimo se 3. Bez tebe 4. Glava ili pismo 5. Marija 6. Bepo smokvica 7. Dani 8. Ne grije\u0161i tko ne voli 9. Rane stare 10. Za di\u0161pet<\/p>\n","protected":false},"featured_media":0,"comment_status":"open","ping_status":"closed","template":"","meta":[],"product_brand":[],"product_cat":[31],"product_tag":[],"class_list":{"0":"post-1207","1":"product","2":"type-product","3":"status-publish","5":"product_cat-cd","7":"first","8":"instock","9":"shipping-taxable","10":"purchasable","11":"product-type-simple"},"_links":{"self":[{"href":"https:\/\/webshop.hitrecords.hr\/index.php?rest_route=\/wp\/v2\/product\/1207","targetHints":{"allow":["GET"]}}],"collection":[{"href":"https:\/\/webshop.hitrecords.hr\/index.php?rest_route=\/wp\/v2\/product"}],"about":[{"href":"https:\/\/webshop.hitrecords.hr\/index.php?rest_route=\/wp\/v2\/types\/product"}],"replies":[{"embeddable":true,"href":"https:\/\/webshop.hitrecords.hr\/index.php?rest_route=%2Fwp%2Fv2%2Fcomments&post=1207"}],"wp:attachment":[{"href":"https:\/\/webshop.hitrecords.hr\/index.php?rest_route=%2Fwp%2Fv2%2Fmedia&parent=1207"}],"wp:term":[{"taxonomy":"product_brand","embeddable":true,"href":"https:\/\/webshop.hitrecords.hr\/index.php?rest_route=%2Fwp%2Fv2%2Fproduct_brand&post=1207"},{"taxonomy":"product_cat","embeddable":true,"href":"https:\/\/webshop.hitrecords.hr\/index.php?rest_route=%2Fwp%2Fv2%2Fproduct_cat&post=1207"},{"taxonomy":"product_tag","embeddable":true,"href":"https:\/\/webshop.hitrecords.hr\/index.php?rest_route=%2Fwp%2Fv2%2Fproduct_tag&post=1207"}],"curies":[{"name":"wp","href":"https:\/\/api.w.org\/{rel}","templated":true}]}}