{"id":1209,"date":"2026-02-01T14:41:23","date_gmt":"2026-02-01T13:41:23","guid":{"rendered":"http:\/\/hitrecords.digesthub.com\/proizvod\/nemoj-se-udavati\/"},"modified":"2026-02-01T14:41:23","modified_gmt":"2026-02-01T13:41:23","slug":"nemoj-se-udavati","status":"publish","type":"product","link":"https:\/\/webshop.hitrecords.hr\/?product=nemoj-se-udavati","title":{"rendered":"NEMOJ SE UDAVATI"},"content":{"rendered":"<p>Popis pjesama:<br \/>\n1.\tNemoj se udavati<br \/>\n2.\tJa sam kriv<br \/>\n3.\tNeka je \u0161arala<br \/>\n4.\tSamo jednom<br \/>\n5.\tEmilija<br \/>\n6.\tDoma je amerika<br \/>\n7.\tTe\u0161ko je<br \/>\n8.\tKad s ekipom krenem<br \/>\n9.\tDok sam ja motao \u0161kiju<br \/>\n10.\tIdem u Sloveniju<br \/>\n11.\tKad zbrojim dva i dva<br \/>\n12.\tRujan<br \/>\n13.\tUmoran 2005.<\/p>\n","protected":false},"excerpt":{"rendered":"<p>Popis pjesama: 1. Nemoj se udavati 2. Ja sam kriv 3. Neka je \u0161arala 4. Samo jednom 5. Emilija 6. Doma je amerika 7. Te\u0161ko je 8. Kad s ekipom krenem 9. Dok sam ja motao \u0161kiju 10. Idem u Sloveniju 11. Kad zbrojim dva i dva 12. Rujan 13. Umoran 2005.<\/p>\n","protected":false},"featured_media":1210,"comment_status":"open","ping_status":"closed","template":"","meta":[],"product_brand":[],"product_cat":[31],"product_tag":[],"class_list":{"0":"post-1209","1":"product","2":"type-product","3":"status-publish","4":"has-post-thumbnail","6":"product_cat-cd","8":"first","9":"instock","10":"shipping-taxable","11":"purchasable","12":"product-type-simple"},"_links":{"self":[{"href":"https:\/\/webshop.hitrecords.hr\/index.php?rest_route=\/wp\/v2\/product\/1209","targetHints":{"allow":["GET"]}}],"collection":[{"href":"https:\/\/webshop.hitrecords.hr\/index.php?rest_route=\/wp\/v2\/product"}],"about":[{"href":"https:\/\/webshop.hitrecords.hr\/index.php?rest_route=\/wp\/v2\/types\/product"}],"replies":[{"embeddable":true,"href":"https:\/\/webshop.hitrecords.hr\/index.php?rest_route=%2Fwp%2Fv2%2Fcomments&post=1209"}],"wp:featuredmedia":[{"embeddable":true,"href":"https:\/\/webshop.hitrecords.hr\/index.php?rest_route=\/wp\/v2\/media\/1210"}],"wp:attachment":[{"href":"https:\/\/webshop.hitrecords.hr\/index.php?rest_route=%2Fwp%2Fv2%2Fmedia&parent=1209"}],"wp:term":[{"taxonomy":"product_brand","embeddable":true,"href":"https:\/\/webshop.hitrecords.hr\/index.php?rest_route=%2Fwp%2Fv2%2Fproduct_brand&post=1209"},{"taxonomy":"product_cat","embeddable":true,"href":"https:\/\/webshop.hitrecords.hr\/index.php?rest_route=%2Fwp%2Fv2%2Fproduct_cat&post=1209"},{"taxonomy":"product_tag","embeddable":true,"href":"https:\/\/webshop.hitrecords.hr\/index.php?rest_route=%2Fwp%2Fv2%2Fproduct_tag&post=1209"}],"curies":[{"name":"wp","href":"https:\/\/api.w.org\/{rel}","templated":true}]}}