{"id":1214,"date":"2026-02-01T14:41:23","date_gmt":"2026-02-01T13:41:23","guid":{"rendered":"http:\/\/hitrecords.digesthub.com\/proizvod\/nema-boljeg-1\/"},"modified":"2026-02-01T14:41:23","modified_gmt":"2026-02-01T13:41:23","slug":"nema-boljeg-1","status":"publish","type":"product","link":"https:\/\/webshop.hitrecords.hr\/?product=nema-boljeg-1","title":{"rendered":"NEMA BOLJEG 1"},"content":{"rendered":"<p>Popis pjesama:<br \/>\n1.\tMiljacka &#8211; Halid Be\u0161li\u0107<br \/>\n2.\t\u010cardak &#8211; Halid Be\u0161li\u0107<br \/>\n3.\tMu\u0161tuluk &#8211; Haris D\u017einovi\u0107<br \/>\n4.\tTra\u017ei, tra\u017ei &#8211; Haris D\u017einovi\u0107<br \/>\n5.\tLjubavna adresa &#8211; \u017deljko Samard\u017ei\u0107<br \/>\n6.\tNe \u017ealim &#8211; Ljubavna adresa<br \/>\n7.\tLjubavi &#8211; \u017deljko Joksimovi\u0107<br \/>\n8.\t\u017dena za sva vremena &#8211; \u017deljko Joksimovi\u0107<br \/>\n9.\tNije \u017eivot jedna \u017eena &#8211; Miroslav Ili\u0107<br \/>\n10.\tPolomi\u0107u \u010da\u0161e od kristala &#8211; Miroslav Ili\u0107<br \/>\n11.\tJa se ne predajem &#8211; Sa\u0161a Mati\u0107<br \/>\n12.\tUstajem, ustajem &#8211; Sa\u0161a Mati\u0107<br \/>\n13.\tAli pamtim jo\u0161 &#8211; Hanka Paldum<br \/>\n14.\tSkitnica &#8211; Sarr-E-Roma<br \/>\n15.\tNesanica &#8211; To\u0161e Proeski<\/p>\n","protected":false},"excerpt":{"rendered":"<p>Popis pjesama: 1. Miljacka &#8211; Halid Be\u0161li\u0107 2. \u010cardak &#8211; Halid Be\u0161li\u0107 3. Mu\u0161tuluk &#8211; Haris D\u017einovi\u0107 4. Tra\u017ei, tra\u017ei &#8211; Haris D\u017einovi\u0107 5. Ljubavna adresa &#8211; \u017deljko Samard\u017ei\u0107 6. Ne \u017ealim &#8211; Ljubavna adresa 7. Ljubavi &#8211; \u017deljko Joksimovi\u0107 8. \u017dena za sva vremena &#8211; \u017deljko Joksimovi\u0107 9. Nije \u017eivot jedna \u017eena &#8211; Miroslav [&hellip;]<\/p>\n","protected":false},"featured_media":1215,"comment_status":"open","ping_status":"closed","template":"","meta":[],"product_brand":[],"product_cat":[31],"product_tag":[],"class_list":{"0":"post-1214","1":"product","2":"type-product","3":"status-publish","4":"has-post-thumbnail","6":"product_cat-cd","8":"first","9":"instock","10":"shipping-taxable","11":"purchasable","12":"product-type-simple"},"_links":{"self":[{"href":"https:\/\/webshop.hitrecords.hr\/index.php?rest_route=\/wp\/v2\/product\/1214","targetHints":{"allow":["GET"]}}],"collection":[{"href":"https:\/\/webshop.hitrecords.hr\/index.php?rest_route=\/wp\/v2\/product"}],"about":[{"href":"https:\/\/webshop.hitrecords.hr\/index.php?rest_route=\/wp\/v2\/types\/product"}],"replies":[{"embeddable":true,"href":"https:\/\/webshop.hitrecords.hr\/index.php?rest_route=%2Fwp%2Fv2%2Fcomments&post=1214"}],"wp:featuredmedia":[{"embeddable":true,"href":"https:\/\/webshop.hitrecords.hr\/index.php?rest_route=\/wp\/v2\/media\/1215"}],"wp:attachment":[{"href":"https:\/\/webshop.hitrecords.hr\/index.php?rest_route=%2Fwp%2Fv2%2Fmedia&parent=1214"}],"wp:term":[{"taxonomy":"product_brand","embeddable":true,"href":"https:\/\/webshop.hitrecords.hr\/index.php?rest_route=%2Fwp%2Fv2%2Fproduct_brand&post=1214"},{"taxonomy":"product_cat","embeddable":true,"href":"https:\/\/webshop.hitrecords.hr\/index.php?rest_route=%2Fwp%2Fv2%2Fproduct_cat&post=1214"},{"taxonomy":"product_tag","embeddable":true,"href":"https:\/\/webshop.hitrecords.hr\/index.php?rest_route=%2Fwp%2Fv2%2Fproduct_tag&post=1214"}],"curies":[{"name":"wp","href":"https:\/\/api.w.org\/{rel}","templated":true}]}}