{"id":1216,"date":"2026-02-01T14:41:24","date_gmt":"2026-02-01T13:41:24","guid":{"rendered":"http:\/\/hitrecords.digesthub.com\/proizvod\/zajedno-20-godina\/"},"modified":"2026-02-01T14:41:24","modified_gmt":"2026-02-01T13:41:24","slug":"zajedno-20-godina","status":"publish","type":"product","link":"https:\/\/webshop.hitrecords.hr\/?product=zajedno-20-godina","title":{"rendered":"ZAJEDNO 20 GODINA"},"content":{"rendered":"<p>Popis pjesama:<br \/>\nCD<br \/>\n1.\tSjaj<br \/>\n2.\tLjubav putuje pod la\u017enim imenom<br \/>\n3.\tIspod istog neba<br \/>\n4.\tHrabra kao prije<br \/>\n5.\t7 minuta<br \/>\n6.\tPamtim<br \/>\n7.\tNe tra\u017ei ljubav<br \/>\n8.\tLedeno doba<br \/>\n9.\tKa&#8217; Vanna<br \/>\n10.\tRijeka snova<br \/>\n11.\tKao rijeka<br \/>\n12.\tSvakodnevna \u017eena<br \/>\n13.\tDaj mi jedan dobar razlog<br \/>\n14.\tDa ti nisam bila dovoljna<br \/>\n15.\tJedina<br \/>\n16.\tKad \u017eena zavoli<br \/>\n17.\tTotalno sam lud<br \/>\n18.\tKao da me nema<br \/>\n19.\tAko je vrijedilo i\u0161ta<br \/>\n20.\tTek je 12 sati <\/p>\n<p>DVD<\/p>\n<p>1.\tMolitva za mir<br \/>\n2.\tSjaj<br \/>\n3.\tLjubav putuje pod la\u017enim imenom<br \/>\n4.\tPo\u010detak i kraj<br \/>\n5.\tIvana<br \/>\n6.\tIspod istog neba<br \/>\n7.\tHrabra kao prije<br \/>\n8.\t7 minuta<br \/>\n9.\tJa \u0107u budna sanjati<br \/>\n10.\tProbudi me<br \/>\n11.\tPamtim<br \/>\n12.\tSve bih dala da znam<br \/>\n13.\tNe tra\u017ei ljubav<br \/>\n14.\tJa ti priznajem<br \/>\n15.\tLedeno doba<br \/>\n16.\tNe govori sve na glas<br \/>\n17.\tKa&#8217; Vanna<br \/>\n18.\tRijeka snova<br \/>\n19.\tKao rijeka<br \/>\n20.\tSvakodnevna \u017eena<br \/>\n21.\tDaj mi jedan dobar razlog<br \/>\n22.\tDa ti nisam bila dovoljna<br \/>\n23.\tJedina<br \/>\n24.\tAko me voli\u0161<br \/>\n25.\tKad \u017eena zavoli<br \/>\n26.\tTotalno sam lud<br \/>\n27.\tKao da me nema<br \/>\n28.\tAko je vrijedilo i\u0161ta<br \/>\n29.\tTek je 12 sati<\/p>\n","protected":false},"excerpt":{"rendered":"<p>Popis pjesama: CD 1. Sjaj 2. Ljubav putuje pod la\u017enim imenom 3. Ispod istog neba 4. Hrabra kao prije 5. 7 minuta 6. Pamtim 7. Ne tra\u017ei ljubav 8. Ledeno doba 9. Ka&#8217; Vanna 10. Rijeka snova 11. Kao rijeka 12. Svakodnevna \u017eena 13. Daj mi jedan dobar razlog 14. Da ti nisam bila dovoljna [&hellip;]<\/p>\n","protected":false},"featured_media":1218,"comment_status":"open","ping_status":"closed","template":"","meta":[],"product_brand":[],"product_cat":[],"product_tag":[],"class_list":{"0":"post-1216","1":"product","2":"type-product","3":"status-publish","4":"has-post-thumbnail","7":"first","8":"instock","9":"shipping-taxable","10":"purchasable","11":"product-type-simple"},"_links":{"self":[{"href":"https:\/\/webshop.hitrecords.hr\/index.php?rest_route=\/wp\/v2\/product\/1216","targetHints":{"allow":["GET"]}}],"collection":[{"href":"https:\/\/webshop.hitrecords.hr\/index.php?rest_route=\/wp\/v2\/product"}],"about":[{"href":"https:\/\/webshop.hitrecords.hr\/index.php?rest_route=\/wp\/v2\/types\/product"}],"replies":[{"embeddable":true,"href":"https:\/\/webshop.hitrecords.hr\/index.php?rest_route=%2Fwp%2Fv2%2Fcomments&post=1216"}],"wp:featuredmedia":[{"embeddable":true,"href":"https:\/\/webshop.hitrecords.hr\/index.php?rest_route=\/wp\/v2\/media\/1218"}],"wp:attachment":[{"href":"https:\/\/webshop.hitrecords.hr\/index.php?rest_route=%2Fwp%2Fv2%2Fmedia&parent=1216"}],"wp:term":[{"taxonomy":"product_brand","embeddable":true,"href":"https:\/\/webshop.hitrecords.hr\/index.php?rest_route=%2Fwp%2Fv2%2Fproduct_brand&post=1216"},{"taxonomy":"product_cat","embeddable":true,"href":"https:\/\/webshop.hitrecords.hr\/index.php?rest_route=%2Fwp%2Fv2%2Fproduct_cat&post=1216"},{"taxonomy":"product_tag","embeddable":true,"href":"https:\/\/webshop.hitrecords.hr\/index.php?rest_route=%2Fwp%2Fv2%2Fproduct_tag&post=1216"}],"curies":[{"name":"wp","href":"https:\/\/api.w.org\/{rel}","templated":true}]}}