{"id":1225,"date":"2026-02-01T14:41:24","date_gmt":"2026-02-01T13:41:24","guid":{"rendered":"http:\/\/hitrecords.digesthub.com\/proizvod\/sevdah-je-ljubav\/"},"modified":"2026-02-01T14:41:24","modified_gmt":"2026-02-01T13:41:24","slug":"sevdah-je-ljubav","status":"publish","type":"product","link":"https:\/\/webshop.hitrecords.hr\/?product=sevdah-je-ljubav","title":{"rendered":"SEVDAH JE LJUBAV"},"content":{"rendered":"<p>Popis pjesama:<br \/>\n1.\tAli pamtim jo\u0161<br \/>\n2.\tIl je vedro il je obla\u010dno<br \/>\n3.\tGrana od bora<br \/>\n4.\tMoj dilbere<br \/>\n5.\tStara staza<br \/>\n6.\tMoj golube<br \/>\n7.\tJa te volim<br \/>\n8.\tKraj tanana \u0161adrvara<br \/>\n9.\tZaplakala \u0161e\u0107er \u0111ula<br \/>\n10.\tZvijezda tjera mjeseca<br \/>\n11.\tMojoj majci<br \/>\n12.\tKad sam mlada da sam voda hladna<br \/>\n13.\tDer asra<br \/>\n14.\tOsman pa\u0161a<\/p>\n","protected":false},"excerpt":{"rendered":"<p>Popis pjesama: 1. Ali pamtim jo\u0161 2. Il je vedro il je obla\u010dno 3. Grana od bora 4. Moj dilbere 5. Stara staza 6. Moj golube 7. Ja te volim 8. Kraj tanana \u0161adrvara 9. Zaplakala \u0161e\u0107er \u0111ula 10. Zvijezda tjera mjeseca 11. Mojoj majci 12. Kad sam mlada da sam voda hladna 13. Der [&hellip;]<\/p>\n","protected":false},"featured_media":1228,"comment_status":"open","ping_status":"closed","template":"","meta":[],"product_brand":[],"product_cat":[31],"product_tag":[],"class_list":{"0":"post-1225","1":"product","2":"type-product","3":"status-publish","4":"has-post-thumbnail","6":"product_cat-cd","8":"first","9":"instock","10":"shipping-taxable","11":"purchasable","12":"product-type-simple"},"_links":{"self":[{"href":"https:\/\/webshop.hitrecords.hr\/index.php?rest_route=\/wp\/v2\/product\/1225","targetHints":{"allow":["GET"]}}],"collection":[{"href":"https:\/\/webshop.hitrecords.hr\/index.php?rest_route=\/wp\/v2\/product"}],"about":[{"href":"https:\/\/webshop.hitrecords.hr\/index.php?rest_route=\/wp\/v2\/types\/product"}],"replies":[{"embeddable":true,"href":"https:\/\/webshop.hitrecords.hr\/index.php?rest_route=%2Fwp%2Fv2%2Fcomments&post=1225"}],"wp:featuredmedia":[{"embeddable":true,"href":"https:\/\/webshop.hitrecords.hr\/index.php?rest_route=\/wp\/v2\/media\/1228"}],"wp:attachment":[{"href":"https:\/\/webshop.hitrecords.hr\/index.php?rest_route=%2Fwp%2Fv2%2Fmedia&parent=1225"}],"wp:term":[{"taxonomy":"product_brand","embeddable":true,"href":"https:\/\/webshop.hitrecords.hr\/index.php?rest_route=%2Fwp%2Fv2%2Fproduct_brand&post=1225"},{"taxonomy":"product_cat","embeddable":true,"href":"https:\/\/webshop.hitrecords.hr\/index.php?rest_route=%2Fwp%2Fv2%2Fproduct_cat&post=1225"},{"taxonomy":"product_tag","embeddable":true,"href":"https:\/\/webshop.hitrecords.hr\/index.php?rest_route=%2Fwp%2Fv2%2Fproduct_tag&post=1225"}],"curies":[{"name":"wp","href":"https:\/\/api.w.org\/{rel}","templated":true}]}}