{"id":1229,"date":"2026-02-01T14:41:25","date_gmt":"2026-02-01T13:41:25","guid":{"rendered":"http:\/\/hitrecords.digesthub.com\/proizvod\/zena-kao-zena\/"},"modified":"2026-02-01T14:41:25","modified_gmt":"2026-02-01T13:41:25","slug":"zena-kao-zena","status":"publish","type":"product","link":"https:\/\/webshop.hitrecords.hr\/?product=zena-kao-zena","title":{"rendered":"\u017dENA KAO \u017dENA"},"content":{"rendered":"<p>Popis pjesama:<br \/>\n1.\t\u0160to da ne<br \/>\n2.\tJa nemam snage<br \/>\n3.\tSamo tebi vjerujem<br \/>\n4.\tDo\u0111i<br \/>\n5.\tPla\u010di zamnom<br \/>\n6.\tHvala<br \/>\n7.\tLjubav<br \/>\n8.\tCrni snijeg<br \/>\n9.\tUspomene<br \/>\n10.\tJa i ti<br \/>\n11.\tKriva<br \/>\n12.\tTragovi<br \/>\n13.\t\u017dena kao \u017eena<br \/>\n14.\tSarajevo<br \/>\n15.\tMojoj majci<br \/>\n16.\tVoljela sam voljela<br \/>\n17.\tZelene o\u010di<\/p>\n","protected":false},"excerpt":{"rendered":"<p>Popis pjesama: 1. \u0160to da ne 2. Ja nemam snage 3. Samo tebi vjerujem 4. Do\u0111i 5. Pla\u010di zamnom 6. Hvala 7. Ljubav 8. Crni snijeg 9. Uspomene 10. Ja i ti 11. Kriva 12. Tragovi 13. \u017dena kao \u017eena 14. Sarajevo 15. Mojoj majci 16. Voljela sam voljela 17. Zelene o\u010di<\/p>\n","protected":false},"featured_media":1230,"comment_status":"open","ping_status":"closed","template":"","meta":[],"product_brand":[],"product_cat":[31],"product_tag":[],"class_list":{"0":"post-1229","1":"product","2":"type-product","3":"status-publish","4":"has-post-thumbnail","6":"product_cat-cd","8":"first","9":"instock","10":"shipping-taxable","11":"purchasable","12":"product-type-simple"},"_links":{"self":[{"href":"https:\/\/webshop.hitrecords.hr\/index.php?rest_route=\/wp\/v2\/product\/1229","targetHints":{"allow":["GET"]}}],"collection":[{"href":"https:\/\/webshop.hitrecords.hr\/index.php?rest_route=\/wp\/v2\/product"}],"about":[{"href":"https:\/\/webshop.hitrecords.hr\/index.php?rest_route=\/wp\/v2\/types\/product"}],"replies":[{"embeddable":true,"href":"https:\/\/webshop.hitrecords.hr\/index.php?rest_route=%2Fwp%2Fv2%2Fcomments&post=1229"}],"wp:featuredmedia":[{"embeddable":true,"href":"https:\/\/webshop.hitrecords.hr\/index.php?rest_route=\/wp\/v2\/media\/1230"}],"wp:attachment":[{"href":"https:\/\/webshop.hitrecords.hr\/index.php?rest_route=%2Fwp%2Fv2%2Fmedia&parent=1229"}],"wp:term":[{"taxonomy":"product_brand","embeddable":true,"href":"https:\/\/webshop.hitrecords.hr\/index.php?rest_route=%2Fwp%2Fv2%2Fproduct_brand&post=1229"},{"taxonomy":"product_cat","embeddable":true,"href":"https:\/\/webshop.hitrecords.hr\/index.php?rest_route=%2Fwp%2Fv2%2Fproduct_cat&post=1229"},{"taxonomy":"product_tag","embeddable":true,"href":"https:\/\/webshop.hitrecords.hr\/index.php?rest_route=%2Fwp%2Fv2%2Fproduct_tag&post=1229"}],"curies":[{"name":"wp","href":"https:\/\/api.w.org\/{rel}","templated":true}]}}