{"id":1231,"date":"2026-02-01T14:41:25","date_gmt":"2026-02-01T13:41:25","guid":{"rendered":"http:\/\/hitrecords.digesthub.com\/proizvod\/vrijeme-snova\/"},"modified":"2026-02-01T14:41:25","modified_gmt":"2026-02-01T13:41:25","slug":"vrijeme-snova","status":"publish","type":"product","link":"https:\/\/webshop.hitrecords.hr\/?product=vrijeme-snova","title":{"rendered":"VRIJEME SNOVA"},"content":{"rendered":"<p>Popis pjesama:<br \/>\n1.\tDivlja ru\u017ea<br \/>\n2.\tGolubica<br \/>\n3.\tMamurna jutra<br \/>\n4.\tMoja ljubavi<br \/>\n5.\tHladne ki\u0161e<br \/>\n6.\tSamac na bini<br \/>\n7.\tMali od ku\u017eine<br \/>\n8.\tDogodilo se jednom<br \/>\n9.\tAr\u0161anjski vilenjaci<br \/>\n10.\tBodulica<br \/>\n11.\tViktorija<br \/>\n12.\tStara zvona<br \/>\n13.\tNisan ja te sri\u0107e<br \/>\n14.\tOkreni se<br \/>\n15.\tNa pajolu sudbine<br \/>\n16.\tFera bez no\u0107i<br \/>\n17.\tPlavi cvit<br \/>\n18.\tKorak po korak<br \/>\n19.\tNe budi zla<br \/>\n20.\tKonji bijeli<\/p>\n","protected":false},"excerpt":{"rendered":"<p>Popis pjesama: 1. Divlja ru\u017ea 2. Golubica 3. Mamurna jutra 4. Moja ljubavi 5. Hladne ki\u0161e 6. Samac na bini 7. Mali od ku\u017eine 8. Dogodilo se jednom 9. Ar\u0161anjski vilenjaci 10. Bodulica 11. Viktorija 12. Stara zvona 13. Nisan ja te sri\u0107e 14. Okreni se 15. Na pajolu sudbine 16. Fera bez no\u0107i 17. [&hellip;]<\/p>\n","protected":false},"featured_media":1232,"comment_status":"open","ping_status":"closed","template":"","meta":[],"product_brand":[],"product_cat":[31],"product_tag":[],"class_list":{"0":"post-1231","1":"product","2":"type-product","3":"status-publish","4":"has-post-thumbnail","6":"product_cat-cd","8":"first","9":"instock","10":"shipping-taxable","11":"purchasable","12":"product-type-simple"},"_links":{"self":[{"href":"https:\/\/webshop.hitrecords.hr\/index.php?rest_route=\/wp\/v2\/product\/1231","targetHints":{"allow":["GET"]}}],"collection":[{"href":"https:\/\/webshop.hitrecords.hr\/index.php?rest_route=\/wp\/v2\/product"}],"about":[{"href":"https:\/\/webshop.hitrecords.hr\/index.php?rest_route=\/wp\/v2\/types\/product"}],"replies":[{"embeddable":true,"href":"https:\/\/webshop.hitrecords.hr\/index.php?rest_route=%2Fwp%2Fv2%2Fcomments&post=1231"}],"wp:featuredmedia":[{"embeddable":true,"href":"https:\/\/webshop.hitrecords.hr\/index.php?rest_route=\/wp\/v2\/media\/1232"}],"wp:attachment":[{"href":"https:\/\/webshop.hitrecords.hr\/index.php?rest_route=%2Fwp%2Fv2%2Fmedia&parent=1231"}],"wp:term":[{"taxonomy":"product_brand","embeddable":true,"href":"https:\/\/webshop.hitrecords.hr\/index.php?rest_route=%2Fwp%2Fv2%2Fproduct_brand&post=1231"},{"taxonomy":"product_cat","embeddable":true,"href":"https:\/\/webshop.hitrecords.hr\/index.php?rest_route=%2Fwp%2Fv2%2Fproduct_cat&post=1231"},{"taxonomy":"product_tag","embeddable":true,"href":"https:\/\/webshop.hitrecords.hr\/index.php?rest_route=%2Fwp%2Fv2%2Fproduct_tag&post=1231"}],"curies":[{"name":"wp","href":"https:\/\/api.w.org\/{rel}","templated":true}]}}