{"id":1233,"date":"2026-02-01T14:41:25","date_gmt":"2026-02-01T13:41:25","guid":{"rendered":"http:\/\/hitrecords.digesthub.com\/proizvod\/odijelo\/"},"modified":"2026-02-01T14:41:25","modified_gmt":"2026-02-01T13:41:25","slug":"odijelo","status":"publish","type":"product","link":"https:\/\/webshop.hitrecords.hr\/?product=odijelo","title":{"rendered":"ODIJELO"},"content":{"rendered":"<p>Popis pjesama:<br \/>\n1.\tJa sam ispod stola (Ludilo)<br \/>\n2.\tOdijelo<br \/>\n3.\tBagrem bijeli<br \/>\n4.\tBezbolno<br \/>\n5.\tTu\u0111a ku\u0107a<br \/>\n6.\tDva broja manja<br \/>\n7.\tSamac<br \/>\n8.\tNema te tu<br \/>\n9.\tNo\u0107na smjena<br \/>\n10.\tKad li\u0161\u0107e bude \u017euto<br \/>\n11.\tOtvori mi draga<br \/>\n12.\tPtice putuju<br \/>\n13.\tPao sam na tvoju ljepotu<br \/>\n14.\tJa te volim Hrvatska<br \/>\n15.\tPita\u0161 gdje je moja ljubav<\/p>\n","protected":false},"excerpt":{"rendered":"<p>Popis pjesama: 1. Ja sam ispod stola (Ludilo) 2. Odijelo 3. Bagrem bijeli 4. Bezbolno 5. Tu\u0111a ku\u0107a 6. Dva broja manja 7. Samac 8. Nema te tu 9. No\u0107na smjena 10. Kad li\u0161\u0107e bude \u017euto 11. Otvori mi draga 12. Ptice putuju 13. Pao sam na tvoju ljepotu 14. Ja te volim Hrvatska 15. [&hellip;]<\/p>\n","protected":false},"featured_media":1234,"comment_status":"open","ping_status":"closed","template":"","meta":[],"product_brand":[],"product_cat":[31],"product_tag":[],"class_list":{"0":"post-1233","1":"product","2":"type-product","3":"status-publish","4":"has-post-thumbnail","6":"product_cat-cd","8":"first","9":"instock","10":"shipping-taxable","11":"purchasable","12":"product-type-simple"},"_links":{"self":[{"href":"https:\/\/webshop.hitrecords.hr\/index.php?rest_route=\/wp\/v2\/product\/1233","targetHints":{"allow":["GET"]}}],"collection":[{"href":"https:\/\/webshop.hitrecords.hr\/index.php?rest_route=\/wp\/v2\/product"}],"about":[{"href":"https:\/\/webshop.hitrecords.hr\/index.php?rest_route=\/wp\/v2\/types\/product"}],"replies":[{"embeddable":true,"href":"https:\/\/webshop.hitrecords.hr\/index.php?rest_route=%2Fwp%2Fv2%2Fcomments&post=1233"}],"wp:featuredmedia":[{"embeddable":true,"href":"https:\/\/webshop.hitrecords.hr\/index.php?rest_route=\/wp\/v2\/media\/1234"}],"wp:attachment":[{"href":"https:\/\/webshop.hitrecords.hr\/index.php?rest_route=%2Fwp%2Fv2%2Fmedia&parent=1233"}],"wp:term":[{"taxonomy":"product_brand","embeddable":true,"href":"https:\/\/webshop.hitrecords.hr\/index.php?rest_route=%2Fwp%2Fv2%2Fproduct_brand&post=1233"},{"taxonomy":"product_cat","embeddable":true,"href":"https:\/\/webshop.hitrecords.hr\/index.php?rest_route=%2Fwp%2Fv2%2Fproduct_cat&post=1233"},{"taxonomy":"product_tag","embeddable":true,"href":"https:\/\/webshop.hitrecords.hr\/index.php?rest_route=%2Fwp%2Fv2%2Fproduct_tag&post=1233"}],"curies":[{"name":"wp","href":"https:\/\/api.w.org\/{rel}","templated":true}]}}