{"id":1238,"date":"2026-02-01T14:41:25","date_gmt":"2026-02-01T13:41:25","guid":{"rendered":"http:\/\/hitrecords.digesthub.com\/proizvod\/mjesec-na-vratima\/"},"modified":"2026-02-01T14:41:25","modified_gmt":"2026-02-01T13:41:25","slug":"mjesec-na-vratima","status":"publish","type":"product","link":"https:\/\/webshop.hitrecords.hr\/?product=mjesec-na-vratima","title":{"rendered":"MJESEC NA VRATIMA"},"content":{"rendered":"<p>Popis pjesama:<br \/>\n1.\tOltar<br \/>\n2.\tUvek te \u0111avo na\u0111e lak\u0161e nego ja<br \/>\n3.\tTe no\u0107i smo se potukli zbog nje<br \/>\n4.\tBog vidi sve<br \/>\n5.\tNemirne no\u0107i<br \/>\n6.\tKako si lepa<br \/>\n7.\tDaleko bilo<br \/>\n8.\tNemam prava na to<br \/>\n9.\tMesec na vratima<br \/>\n10.\tKada sanjamo<br \/>\n11.\tKao ptica na mom dlanu<br \/>\n12.\tNeverna si<br \/>\n13.\tStrawberry wine<br \/>\n14.\tLies<\/p>\n","protected":false},"excerpt":{"rendered":"<p>Popis pjesama: 1. Oltar 2. Uvek te \u0111avo na\u0111e lak\u0161e nego ja 3. Te no\u0107i smo se potukli zbog nje 4. Bog vidi sve 5. Nemirne no\u0107i 6. Kako si lepa 7. Daleko bilo 8. Nemam prava na to 9. Mesec na vratima 10. Kada sanjamo 11. Kao ptica na mom dlanu 12. Neverna si [&hellip;]<\/p>\n","protected":false},"featured_media":1240,"comment_status":"open","ping_status":"closed","template":"","meta":[],"product_brand":[],"product_cat":[31],"product_tag":[],"class_list":{"0":"post-1238","1":"product","2":"type-product","3":"status-publish","4":"has-post-thumbnail","6":"product_cat-cd","8":"first","9":"instock","10":"shipping-taxable","11":"purchasable","12":"product-type-simple"},"_links":{"self":[{"href":"https:\/\/webshop.hitrecords.hr\/index.php?rest_route=\/wp\/v2\/product\/1238","targetHints":{"allow":["GET"]}}],"collection":[{"href":"https:\/\/webshop.hitrecords.hr\/index.php?rest_route=\/wp\/v2\/product"}],"about":[{"href":"https:\/\/webshop.hitrecords.hr\/index.php?rest_route=\/wp\/v2\/types\/product"}],"replies":[{"embeddable":true,"href":"https:\/\/webshop.hitrecords.hr\/index.php?rest_route=%2Fwp%2Fv2%2Fcomments&post=1238"}],"wp:featuredmedia":[{"embeddable":true,"href":"https:\/\/webshop.hitrecords.hr\/index.php?rest_route=\/wp\/v2\/media\/1240"}],"wp:attachment":[{"href":"https:\/\/webshop.hitrecords.hr\/index.php?rest_route=%2Fwp%2Fv2%2Fmedia&parent=1238"}],"wp:term":[{"taxonomy":"product_brand","embeddable":true,"href":"https:\/\/webshop.hitrecords.hr\/index.php?rest_route=%2Fwp%2Fv2%2Fproduct_brand&post=1238"},{"taxonomy":"product_cat","embeddable":true,"href":"https:\/\/webshop.hitrecords.hr\/index.php?rest_route=%2Fwp%2Fv2%2Fproduct_cat&post=1238"},{"taxonomy":"product_tag","embeddable":true,"href":"https:\/\/webshop.hitrecords.hr\/index.php?rest_route=%2Fwp%2Fv2%2Fproduct_tag&post=1238"}],"curies":[{"name":"wp","href":"https:\/\/api.w.org\/{rel}","templated":true}]}}