{"id":1243,"date":"2026-02-01T14:41:26","date_gmt":"2026-02-01T13:41:26","guid":{"rendered":"http:\/\/hitrecords.digesthub.com\/proizvod\/skalini-od-buze\/"},"modified":"2026-02-01T14:41:26","modified_gmt":"2026-02-01T13:41:26","slug":"skalini-od-buze","status":"publish","type":"product","link":"https:\/\/webshop.hitrecords.hr\/?product=skalini-od-buze","title":{"rendered":"SKALINI OD BU\u017dE"},"content":{"rendered":"<p>Popis pjesama:<br \/>\n1.\tSkalini od bu\u017ee<br \/>\n2.\tDalmatinske no\u0107i<br \/>\n3.\tMovi se barba<br \/>\n4.\tDalmatinac<br \/>\n5.\tKod ovako divne no\u0107i<br \/>\n6.\tEn ti malega mi\u0161a<br \/>\n7.\tNikad majko<br \/>\n8.\tPostelja je du\u0161a<br \/>\n9.\tEvo tvoga Dalmacijo sina<br \/>\n10.\tMala barka<\/p>\n","protected":false},"excerpt":{"rendered":"<p>Popis pjesama: 1. Skalini od bu\u017ee 2. Dalmatinske no\u0107i 3. Movi se barba 4. Dalmatinac 5. Kod ovako divne no\u0107i 6. En ti malega mi\u0161a 7. Nikad majko 8. Postelja je du\u0161a 9. Evo tvoga Dalmacijo sina 10. Mala barka<\/p>\n","protected":false},"featured_media":1245,"comment_status":"open","ping_status":"closed","template":"","meta":[],"product_brand":[],"product_cat":[31],"product_tag":[],"class_list":{"0":"post-1243","1":"product","2":"type-product","3":"status-publish","4":"has-post-thumbnail","6":"product_cat-cd","8":"first","9":"instock","10":"shipping-taxable","11":"purchasable","12":"product-type-simple"},"_links":{"self":[{"href":"https:\/\/webshop.hitrecords.hr\/index.php?rest_route=\/wp\/v2\/product\/1243","targetHints":{"allow":["GET"]}}],"collection":[{"href":"https:\/\/webshop.hitrecords.hr\/index.php?rest_route=\/wp\/v2\/product"}],"about":[{"href":"https:\/\/webshop.hitrecords.hr\/index.php?rest_route=\/wp\/v2\/types\/product"}],"replies":[{"embeddable":true,"href":"https:\/\/webshop.hitrecords.hr\/index.php?rest_route=%2Fwp%2Fv2%2Fcomments&post=1243"}],"wp:featuredmedia":[{"embeddable":true,"href":"https:\/\/webshop.hitrecords.hr\/index.php?rest_route=\/wp\/v2\/media\/1245"}],"wp:attachment":[{"href":"https:\/\/webshop.hitrecords.hr\/index.php?rest_route=%2Fwp%2Fv2%2Fmedia&parent=1243"}],"wp:term":[{"taxonomy":"product_brand","embeddable":true,"href":"https:\/\/webshop.hitrecords.hr\/index.php?rest_route=%2Fwp%2Fv2%2Fproduct_brand&post=1243"},{"taxonomy":"product_cat","embeddable":true,"href":"https:\/\/webshop.hitrecords.hr\/index.php?rest_route=%2Fwp%2Fv2%2Fproduct_cat&post=1243"},{"taxonomy":"product_tag","embeddable":true,"href":"https:\/\/webshop.hitrecords.hr\/index.php?rest_route=%2Fwp%2Fv2%2Fproduct_tag&post=1243"}],"curies":[{"name":"wp","href":"https:\/\/api.w.org\/{rel}","templated":true}]}}