{"id":1246,"date":"2026-02-01T14:41:26","date_gmt":"2026-02-01T13:41:26","guid":{"rendered":"http:\/\/hitrecords.digesthub.com\/proizvod\/gacka\/"},"modified":"2026-02-01T14:41:26","modified_gmt":"2026-02-01T13:41:26","slug":"gacka","status":"publish","type":"product","link":"https:\/\/webshop.hitrecords.hr\/?product=gacka","title":{"rendered":"GACKA"},"content":{"rendered":"<p>Popis pjesama:<br \/>\n1.\tGacka &#8211; Vladimir Paveli\u0107 Bubi<br \/>\n2.\tOto\u010dki be\u0107arac &#8211; Thompson Mate Buli\u0107 Zlatko Pejakovi\u0107 Danko Lju\u0161tina Vladimir Paveli\u0107 Bubi<br \/>\n3.\tLipa Kaja &#8211; Thompson<br \/>\n4.\tKapela &#8211; Mate Buli\u0107<br \/>\n5.\t\u010ca mi sad ne smi re\u0107 &#8211; Alen Vitasovi\u0107 i Zdenko Hr\u0161ak<br \/>\n6.\tOj livado ? &#8211; Danko Lju\u0161tina<br \/>\n7.\tSex, pe\u010denka, rakija &#8211; E.T.<br \/>\n8.\tTechno kukunje\u0161ce &#8211; Bubi i Darko Kranj\u010devi\u0107(kuterevka)<br \/>\n9.\tLipo \u02ddj\u02dd na\u0161e &#8211; Jadranka Kri\u0161tof<br \/>\n10.\tMoj dom &#8211; Suzana Fajdeti\u0107<\/p>\n","protected":false},"excerpt":{"rendered":"<p>Popis pjesama: 1. Gacka &#8211; Vladimir Paveli\u0107 Bubi 2. Oto\u010dki be\u0107arac &#8211; Thompson Mate Buli\u0107 Zlatko Pejakovi\u0107 Danko Lju\u0161tina Vladimir Paveli\u0107 Bubi 3. Lipa Kaja &#8211; Thompson 4. Kapela &#8211; Mate Buli\u0107 5. \u010ca mi sad ne smi re\u0107 &#8211; Alen Vitasovi\u0107 i Zdenko Hr\u0161ak 6. Oj livado ? &#8211; Danko Lju\u0161tina 7. Sex, pe\u010denka, [&hellip;]<\/p>\n","protected":false},"featured_media":1247,"comment_status":"open","ping_status":"closed","template":"","meta":[],"product_brand":[],"product_cat":[31],"product_tag":[],"class_list":{"0":"post-1246","1":"product","2":"type-product","3":"status-publish","4":"has-post-thumbnail","6":"product_cat-cd","8":"first","9":"instock","10":"shipping-taxable","11":"purchasable","12":"product-type-simple"},"_links":{"self":[{"href":"https:\/\/webshop.hitrecords.hr\/index.php?rest_route=\/wp\/v2\/product\/1246","targetHints":{"allow":["GET"]}}],"collection":[{"href":"https:\/\/webshop.hitrecords.hr\/index.php?rest_route=\/wp\/v2\/product"}],"about":[{"href":"https:\/\/webshop.hitrecords.hr\/index.php?rest_route=\/wp\/v2\/types\/product"}],"replies":[{"embeddable":true,"href":"https:\/\/webshop.hitrecords.hr\/index.php?rest_route=%2Fwp%2Fv2%2Fcomments&post=1246"}],"wp:featuredmedia":[{"embeddable":true,"href":"https:\/\/webshop.hitrecords.hr\/index.php?rest_route=\/wp\/v2\/media\/1247"}],"wp:attachment":[{"href":"https:\/\/webshop.hitrecords.hr\/index.php?rest_route=%2Fwp%2Fv2%2Fmedia&parent=1246"}],"wp:term":[{"taxonomy":"product_brand","embeddable":true,"href":"https:\/\/webshop.hitrecords.hr\/index.php?rest_route=%2Fwp%2Fv2%2Fproduct_brand&post=1246"},{"taxonomy":"product_cat","embeddable":true,"href":"https:\/\/webshop.hitrecords.hr\/index.php?rest_route=%2Fwp%2Fv2%2Fproduct_cat&post=1246"},{"taxonomy":"product_tag","embeddable":true,"href":"https:\/\/webshop.hitrecords.hr\/index.php?rest_route=%2Fwp%2Fv2%2Fproduct_tag&post=1246"}],"curies":[{"name":"wp","href":"https:\/\/api.w.org\/{rel}","templated":true}]}}