{"id":1250,"date":"2026-02-01T14:41:26","date_gmt":"2026-02-01T13:41:26","guid":{"rendered":"http:\/\/hitrecords.digesthub.com\/proizvod\/hit-records-party\/"},"modified":"2026-02-01T14:41:26","modified_gmt":"2026-02-01T13:41:26","slug":"hit-records-party","status":"publish","type":"product","link":"https:\/\/webshop.hitrecords.hr\/?product=hit-records-party","title":{"rendered":"HIT RECORDS PARTY"},"content":{"rendered":"<p>Popis pjesama:<br \/>\n1.\tLipa Kaja &#8211; Marko Perkovi\u0107 Thompson<br \/>\n2.\tTvoje o\u010di zelene &#8211; Dra\u017een Ze\u010di\u0107<br \/>\n3.\tLejla &#8211; Hari Mata Hari<br \/>\n4.\tNeka je \u0161arala &#8211; Jasmin Stavros<br \/>\n5.\tMene grije &#8211; Baruni<br \/>\n6.\tSkidam te pogledom &#8211; ITD Band<br \/>\n7.\t\u0160to si ti meni &#8211; Tony Cetinski<br \/>\n8.\tAko vara\u0161 &#8211; Leo<br \/>\n9.\tOvo nije moje vrijeme &#8211; Vesna Pisarovi\u0107<br \/>\n10.\tPrava ljubav &#8211; Lana Jur\u010devi\u0107 i Luka Ni\u017eeti\u0107<br \/>\n11.\tNa Bo\u017ei\u0107 sama &#8211; ET<br \/>\n12.\tObori me s nogu &#8211; Maja \u0160uput<br \/>\n13.\tOna je \u010disti zakon &#8211; Ruswaj<br \/>\n14.\tNemirna &#8211; Sandi Cenov<br \/>\n15.\tPrevari me samnom &#8211; Zorica Andrija\u0161evi\u0107<br \/>\n16.\tDobro do\u0161la tugo &#8211; SMS<br \/>\n17.\tJesenje li\u0161\u0107e &#8211; Blanka Do\u0161en<\/p>\n","protected":false},"excerpt":{"rendered":"<p>Popis pjesama: 1. Lipa Kaja &#8211; Marko Perkovi\u0107 Thompson 2. Tvoje o\u010di zelene &#8211; Dra\u017een Ze\u010di\u0107 3. Lejla &#8211; Hari Mata Hari 4. Neka je \u0161arala &#8211; Jasmin Stavros 5. Mene grije &#8211; Baruni 6. Skidam te pogledom &#8211; ITD Band 7. \u0160to si ti meni &#8211; Tony Cetinski 8. Ako vara\u0161 &#8211; Leo 9. [&hellip;]<\/p>\n","protected":false},"featured_media":1251,"comment_status":"open","ping_status":"closed","template":"","meta":[],"product_brand":[],"product_cat":[31],"product_tag":[],"class_list":{"0":"post-1250","1":"product","2":"type-product","3":"status-publish","4":"has-post-thumbnail","6":"product_cat-cd","8":"first","9":"instock","10":"shipping-taxable","11":"purchasable","12":"product-type-simple"},"_links":{"self":[{"href":"https:\/\/webshop.hitrecords.hr\/index.php?rest_route=\/wp\/v2\/product\/1250","targetHints":{"allow":["GET"]}}],"collection":[{"href":"https:\/\/webshop.hitrecords.hr\/index.php?rest_route=\/wp\/v2\/product"}],"about":[{"href":"https:\/\/webshop.hitrecords.hr\/index.php?rest_route=\/wp\/v2\/types\/product"}],"replies":[{"embeddable":true,"href":"https:\/\/webshop.hitrecords.hr\/index.php?rest_route=%2Fwp%2Fv2%2Fcomments&post=1250"}],"wp:featuredmedia":[{"embeddable":true,"href":"https:\/\/webshop.hitrecords.hr\/index.php?rest_route=\/wp\/v2\/media\/1251"}],"wp:attachment":[{"href":"https:\/\/webshop.hitrecords.hr\/index.php?rest_route=%2Fwp%2Fv2%2Fmedia&parent=1250"}],"wp:term":[{"taxonomy":"product_brand","embeddable":true,"href":"https:\/\/webshop.hitrecords.hr\/index.php?rest_route=%2Fwp%2Fv2%2Fproduct_brand&post=1250"},{"taxonomy":"product_cat","embeddable":true,"href":"https:\/\/webshop.hitrecords.hr\/index.php?rest_route=%2Fwp%2Fv2%2Fproduct_cat&post=1250"},{"taxonomy":"product_tag","embeddable":true,"href":"https:\/\/webshop.hitrecords.hr\/index.php?rest_route=%2Fwp%2Fv2%2Fproduct_tag&post=1250"}],"curies":[{"name":"wp","href":"https:\/\/api.w.org\/{rel}","templated":true}]}}