{"id":1252,"date":"2026-02-01T14:41:26","date_gmt":"2026-02-01T13:41:26","guid":{"rendered":"http:\/\/hitrecords.digesthub.com\/proizvod\/hit-records-party-2\/"},"modified":"2026-02-01T14:41:26","modified_gmt":"2026-02-01T13:41:26","slug":"hit-records-party-2","status":"publish","type":"product","link":"https:\/\/webshop.hitrecords.hr\/?product=hit-records-party-2","title":{"rendered":"HIT RECORDS PARTY 2"},"content":{"rendered":"<p>Popis pjesama:<br \/>\n1.\tVe\u017ei me za sebe &#8211; To\u0161e Proeski<br \/>\n2.\tZar je to jo\u0161 od nas ostalo &#8211; Hari Mata Hari<br \/>\n3.\tSvetinja &#8211; Miroslav \u0160koro<br \/>\n4.\tOkovi na srcu &#8211; Lana Jur\u010devi\u0107<br \/>\n5.\tSve je s tobom napokon na mjestu &#8211; Toni Cetinski<br \/>\n6.\tNeka ljudi govore &#8211; Vesna Pisarovi\u0107<br \/>\n7.\tHej, ljubavi stara &#8211; Leo<br \/>\n8.\tNakon svih ovih godina &#8211; Alen Islamovi\u0107<br \/>\n9.\tSamo je tvoje lice &#8211; ITD Band<br \/>\n10.\tZaboravi &#8211; Baruni<br \/>\n11.\tNe pitaj me &#8211; Dra\u017een Ze\u010di\u0107<br \/>\n12.\tJa sam kriv &#8211; Jasmin Stavros<br \/>\n13.\tSve je ona meni &#8211; Sandi Cenov<br \/>\n14.\tPredugo me ne voli\u0161 &#8211; Ruswaj<br \/>\n15.\tNeka meni nas &#8211; Sarr-E-Roma<br \/>\n16.\tAko te volim &#8211; E.T.<br \/>\n17.\tNetko mora re\u0107i dosta &#8211; Vlatka Pokos<br \/>\n18.\tTi &#8211; SMS<br \/>\n19.\tNemam koga volim najvi\u0161e &#8211; Maja \u0160uput<\/p>\n","protected":false},"excerpt":{"rendered":"<p>Popis pjesama: 1. Ve\u017ei me za sebe &#8211; To\u0161e Proeski 2. Zar je to jo\u0161 od nas ostalo &#8211; Hari Mata Hari 3. Svetinja &#8211; Miroslav \u0160koro 4. Okovi na srcu &#8211; Lana Jur\u010devi\u0107 5. Sve je s tobom napokon na mjestu &#8211; Toni Cetinski 6. Neka ljudi govore &#8211; Vesna Pisarovi\u0107 7. Hej, ljubavi [&hellip;]<\/p>\n","protected":false},"featured_media":1253,"comment_status":"open","ping_status":"closed","template":"","meta":[],"product_brand":[],"product_cat":[31],"product_tag":[],"class_list":{"0":"post-1252","1":"product","2":"type-product","3":"status-publish","4":"has-post-thumbnail","6":"product_cat-cd","8":"first","9":"instock","10":"shipping-taxable","11":"purchasable","12":"product-type-simple"},"_links":{"self":[{"href":"https:\/\/webshop.hitrecords.hr\/index.php?rest_route=\/wp\/v2\/product\/1252","targetHints":{"allow":["GET"]}}],"collection":[{"href":"https:\/\/webshop.hitrecords.hr\/index.php?rest_route=\/wp\/v2\/product"}],"about":[{"href":"https:\/\/webshop.hitrecords.hr\/index.php?rest_route=\/wp\/v2\/types\/product"}],"replies":[{"embeddable":true,"href":"https:\/\/webshop.hitrecords.hr\/index.php?rest_route=%2Fwp%2Fv2%2Fcomments&post=1252"}],"wp:featuredmedia":[{"embeddable":true,"href":"https:\/\/webshop.hitrecords.hr\/index.php?rest_route=\/wp\/v2\/media\/1253"}],"wp:attachment":[{"href":"https:\/\/webshop.hitrecords.hr\/index.php?rest_route=%2Fwp%2Fv2%2Fmedia&parent=1252"}],"wp:term":[{"taxonomy":"product_brand","embeddable":true,"href":"https:\/\/webshop.hitrecords.hr\/index.php?rest_route=%2Fwp%2Fv2%2Fproduct_brand&post=1252"},{"taxonomy":"product_cat","embeddable":true,"href":"https:\/\/webshop.hitrecords.hr\/index.php?rest_route=%2Fwp%2Fv2%2Fproduct_cat&post=1252"},{"taxonomy":"product_tag","embeddable":true,"href":"https:\/\/webshop.hitrecords.hr\/index.php?rest_route=%2Fwp%2Fv2%2Fproduct_tag&post=1252"}],"curies":[{"name":"wp","href":"https:\/\/api.w.org\/{rel}","templated":true}]}}