{"id":1254,"date":"2026-02-01T14:41:27","date_gmt":"2026-02-01T13:41:27","guid":{"rendered":"http:\/\/hitrecords.digesthub.com\/proizvod\/hitomanija-1\/"},"modified":"2026-02-01T14:41:27","modified_gmt":"2026-02-01T13:41:27","slug":"hitomanija-1","status":"publish","type":"product","link":"https:\/\/webshop.hitrecords.hr\/?product=hitomanija-1","title":{"rendered":"HITOMANIJA 1"},"content":{"rendered":"<p>Popis pjesama:<br \/>\n1.\tDolazak Hrvata &#8211; Thompson<br \/>\n2.\tSedam godina &#8211; Dra\u017een Ze\u010di\u0107<br \/>\n3.\tO more, more &#8211; Baruni<br \/>\n4.\tNarodno veselje &#8211; Mate Buli\u0107<br \/>\n5.\tJo\u0161 i danas teku suze jedne \u017eene &#8211; Mi\u0161o Kova\u010d<br \/>\n6.\tNakon svih ovih godina &#8211; Alen Islamovi\u0107<br \/>\n7.\tUmoran &#8211; Jasmin i Milo Stavros<br \/>\n8.\tA tko \u0107e pitat` ti\u0161inu &#8211; Miroslav Rus<br \/>\n9.\tNeka me cijeli svijet zaboravi &#8211; Vlado Kalember<br \/>\n10.\tPredugo me ne voli\u0161 &#8211; Ruswaj<br \/>\n11.\tTo vodu ne pije &#8211; Leo i Selma Bajrami<br \/>\n12.\tMajko da li zna\u0161 &#8211; Davor Radolfi<br \/>\n13.\tDovoljno dobar &#8211; Sandi Cenov<br \/>\n14.\tZlato &#8211; Maja \u0160uput &amp; Enjoy<br \/>\n15.\tNakon toliko godina &#8211; Boris Re\u017eak<br \/>\n16.\tOzdravi mi prijatelju moj &#8211; \u0110uka \u010cai\u0107<\/p>\n","protected":false},"excerpt":{"rendered":"<p>Popis pjesama: 1. Dolazak Hrvata &#8211; Thompson 2. Sedam godina &#8211; Dra\u017een Ze\u010di\u0107 3. O more, more &#8211; Baruni 4. Narodno veselje &#8211; Mate Buli\u0107 5. Jo\u0161 i danas teku suze jedne \u017eene &#8211; Mi\u0161o Kova\u010d 6. Nakon svih ovih godina &#8211; Alen Islamovi\u0107 7. Umoran &#8211; Jasmin i Milo Stavros 8. A tko \u0107e [&hellip;]<\/p>\n","protected":false},"featured_media":1255,"comment_status":"open","ping_status":"closed","template":"","meta":[],"product_brand":[],"product_cat":[31],"product_tag":[],"class_list":{"0":"post-1254","1":"product","2":"type-product","3":"status-publish","4":"has-post-thumbnail","6":"product_cat-cd","8":"first","9":"instock","10":"shipping-taxable","11":"purchasable","12":"product-type-simple"},"_links":{"self":[{"href":"https:\/\/webshop.hitrecords.hr\/index.php?rest_route=\/wp\/v2\/product\/1254","targetHints":{"allow":["GET"]}}],"collection":[{"href":"https:\/\/webshop.hitrecords.hr\/index.php?rest_route=\/wp\/v2\/product"}],"about":[{"href":"https:\/\/webshop.hitrecords.hr\/index.php?rest_route=\/wp\/v2\/types\/product"}],"replies":[{"embeddable":true,"href":"https:\/\/webshop.hitrecords.hr\/index.php?rest_route=%2Fwp%2Fv2%2Fcomments&post=1254"}],"wp:featuredmedia":[{"embeddable":true,"href":"https:\/\/webshop.hitrecords.hr\/index.php?rest_route=\/wp\/v2\/media\/1255"}],"wp:attachment":[{"href":"https:\/\/webshop.hitrecords.hr\/index.php?rest_route=%2Fwp%2Fv2%2Fmedia&parent=1254"}],"wp:term":[{"taxonomy":"product_brand","embeddable":true,"href":"https:\/\/webshop.hitrecords.hr\/index.php?rest_route=%2Fwp%2Fv2%2Fproduct_brand&post=1254"},{"taxonomy":"product_cat","embeddable":true,"href":"https:\/\/webshop.hitrecords.hr\/index.php?rest_route=%2Fwp%2Fv2%2Fproduct_cat&post=1254"},{"taxonomy":"product_tag","embeddable":true,"href":"https:\/\/webshop.hitrecords.hr\/index.php?rest_route=%2Fwp%2Fv2%2Fproduct_tag&post=1254"}],"curies":[{"name":"wp","href":"https:\/\/api.w.org\/{rel}","templated":true}]}}