{"id":1258,"date":"2026-02-01T14:41:27","date_gmt":"2026-02-01T13:41:27","guid":{"rendered":"http:\/\/hitrecords.digesthub.com\/proizvod\/hitomanija-3\/"},"modified":"2026-02-01T14:41:27","modified_gmt":"2026-02-01T13:41:27","slug":"hitomanija-3","status":"publish","type":"product","link":"https:\/\/webshop.hitrecords.hr\/?product=hitomanija-3","title":{"rendered":"HITOMANIJA 3"},"content":{"rendered":"<p>Popis pjesama:<br \/>\n1.\tTamo gdje su moji korijeni &#8211; Marko Perkovi\u0107 Thompson<br \/>\n2.\tPokidat \u0107u lance sve &#8211; Dra\u017een Ze\u010di\u0107<br \/>\n3.\tStrah me da te volim &#8211; Hari Mata Hari<br \/>\n4.\tSve si mi u ovom \u017eivotu &#8211; Baruni<br \/>\n5.\tDrugi joj raspli\u0107e kosu &#8211; Mi\u0161o Kova\u010d<br \/>\n6.\tZlatne niti na\u0161e sre\u0107e &#8211; Mate Buli\u0107<br \/>\n7.\tOvo nije moje vrijeme &#8211; Vesna Pisarovi\u0107<br \/>\n8.\t\u010covjek od leda &#8211; Tony Cetinski<br \/>\n9.\tNajbolja glumica &#8211; Lana<br \/>\n10.\tAko te volim jo\u0161 &#8211; E. T.<br \/>\n11.\tKao ti &#8211; Parni valjak<br \/>\n12.\tMoj bijeli labude &#8211; Prljavo kazali\u0161te<br \/>\n13.\tVojni\u010dka &#8211; ITD band<br \/>\n14.\tLipe cvatu &#8211; Alen Islamovi\u0107<br \/>\n15.\t\u017divim, ako to je \u017eivot &#8211; Ruswaj<br \/>\n16.\tHej, ljubavi stara &#8211; Leo<br \/>\n17.\tJavor &#8211; Zorica Andrija\u0161evi\u0107<\/p>\n","protected":false},"excerpt":{"rendered":"<p>Popis pjesama: 1. Tamo gdje su moji korijeni &#8211; Marko Perkovi\u0107 Thompson 2. Pokidat \u0107u lance sve &#8211; Dra\u017een Ze\u010di\u0107 3. Strah me da te volim &#8211; Hari Mata Hari 4. Sve si mi u ovom \u017eivotu &#8211; Baruni 5. Drugi joj raspli\u0107e kosu &#8211; Mi\u0161o Kova\u010d 6. Zlatne niti na\u0161e sre\u0107e &#8211; Mate Buli\u0107 [&hellip;]<\/p>\n","protected":false},"featured_media":1259,"comment_status":"open","ping_status":"closed","template":"","meta":[],"product_brand":[],"product_cat":[31],"product_tag":[],"class_list":{"0":"post-1258","1":"product","2":"type-product","3":"status-publish","4":"has-post-thumbnail","6":"product_cat-cd","8":"first","9":"instock","10":"shipping-taxable","11":"purchasable","12":"product-type-simple"},"_links":{"self":[{"href":"https:\/\/webshop.hitrecords.hr\/index.php?rest_route=\/wp\/v2\/product\/1258","targetHints":{"allow":["GET"]}}],"collection":[{"href":"https:\/\/webshop.hitrecords.hr\/index.php?rest_route=\/wp\/v2\/product"}],"about":[{"href":"https:\/\/webshop.hitrecords.hr\/index.php?rest_route=\/wp\/v2\/types\/product"}],"replies":[{"embeddable":true,"href":"https:\/\/webshop.hitrecords.hr\/index.php?rest_route=%2Fwp%2Fv2%2Fcomments&post=1258"}],"wp:featuredmedia":[{"embeddable":true,"href":"https:\/\/webshop.hitrecords.hr\/index.php?rest_route=\/wp\/v2\/media\/1259"}],"wp:attachment":[{"href":"https:\/\/webshop.hitrecords.hr\/index.php?rest_route=%2Fwp%2Fv2%2Fmedia&parent=1258"}],"wp:term":[{"taxonomy":"product_brand","embeddable":true,"href":"https:\/\/webshop.hitrecords.hr\/index.php?rest_route=%2Fwp%2Fv2%2Fproduct_brand&post=1258"},{"taxonomy":"product_cat","embeddable":true,"href":"https:\/\/webshop.hitrecords.hr\/index.php?rest_route=%2Fwp%2Fv2%2Fproduct_cat&post=1258"},{"taxonomy":"product_tag","embeddable":true,"href":"https:\/\/webshop.hitrecords.hr\/index.php?rest_route=%2Fwp%2Fv2%2Fproduct_tag&post=1258"}],"curies":[{"name":"wp","href":"https:\/\/api.w.org\/{rel}","templated":true}]}}