{"id":1265,"date":"2026-02-01T14:41:28","date_gmt":"2026-02-01T13:41:28","guid":{"rendered":"http:\/\/hitrecords.digesthub.com\/proizvod\/zapalit-cu-svijecu\/"},"modified":"2026-02-01T14:41:28","modified_gmt":"2026-02-01T13:41:28","slug":"zapalit-cu-svijecu","status":"publish","type":"product","link":"https:\/\/webshop.hitrecords.hr\/?product=zapalit-cu-svijecu","title":{"rendered":"ZAPALIT \u0106U SVIJE\u0106U"},"content":{"rendered":"<p>Popis pjesama:<br \/>\n1.\tHrvatska moja mala<br \/>\n2.\tMogli bi<br \/>\n3.\tZapalit \u0107u svije\u0107u (za hrvatsku sre\u0107u)<br \/>\n4.\tK\u0107eri moja jedina<br \/>\n5.\tOzdravi mi prijatelju moj<br \/>\n6.\tMiris makije<br \/>\n7.\tBo\u017ee hvala ti<br \/>\n8.\tHej livnjaci<br \/>\n9.\tTko ste vi da sudite o nama<br \/>\n10.\t\u0160ume lipe<\/p>\n","protected":false},"excerpt":{"rendered":"<p>Popis pjesama: 1. Hrvatska moja mala 2. Mogli bi 3. Zapalit \u0107u svije\u0107u (za hrvatsku sre\u0107u) 4. K\u0107eri moja jedina 5. Ozdravi mi prijatelju moj 6. Miris makije 7. Bo\u017ee hvala ti 8. Hej livnjaci 9. Tko ste vi da sudite o nama 10. \u0160ume lipe<\/p>\n","protected":false},"featured_media":1267,"comment_status":"open","ping_status":"closed","template":"","meta":[],"product_brand":[],"product_cat":[31],"product_tag":[],"class_list":{"0":"post-1265","1":"product","2":"type-product","3":"status-publish","4":"has-post-thumbnail","6":"product_cat-cd","8":"first","9":"instock","10":"shipping-taxable","11":"purchasable","12":"product-type-simple"},"_links":{"self":[{"href":"https:\/\/webshop.hitrecords.hr\/index.php?rest_route=\/wp\/v2\/product\/1265","targetHints":{"allow":["GET"]}}],"collection":[{"href":"https:\/\/webshop.hitrecords.hr\/index.php?rest_route=\/wp\/v2\/product"}],"about":[{"href":"https:\/\/webshop.hitrecords.hr\/index.php?rest_route=\/wp\/v2\/types\/product"}],"replies":[{"embeddable":true,"href":"https:\/\/webshop.hitrecords.hr\/index.php?rest_route=%2Fwp%2Fv2%2Fcomments&post=1265"}],"wp:featuredmedia":[{"embeddable":true,"href":"https:\/\/webshop.hitrecords.hr\/index.php?rest_route=\/wp\/v2\/media\/1267"}],"wp:attachment":[{"href":"https:\/\/webshop.hitrecords.hr\/index.php?rest_route=%2Fwp%2Fv2%2Fmedia&parent=1265"}],"wp:term":[{"taxonomy":"product_brand","embeddable":true,"href":"https:\/\/webshop.hitrecords.hr\/index.php?rest_route=%2Fwp%2Fv2%2Fproduct_brand&post=1265"},{"taxonomy":"product_cat","embeddable":true,"href":"https:\/\/webshop.hitrecords.hr\/index.php?rest_route=%2Fwp%2Fv2%2Fproduct_cat&post=1265"},{"taxonomy":"product_tag","embeddable":true,"href":"https:\/\/webshop.hitrecords.hr\/index.php?rest_route=%2Fwp%2Fv2%2Fproduct_tag&post=1265"}],"curies":[{"name":"wp","href":"https:\/\/api.w.org\/{rel}","templated":true}]}}