{"id":1268,"date":"2026-02-01T14:41:28","date_gmt":"2026-02-01T13:41:28","guid":{"rendered":"http:\/\/hitrecords.digesthub.com\/proizvod\/nebo-na-mojoj-strani\/"},"modified":"2026-02-01T14:41:28","modified_gmt":"2026-02-01T13:41:28","slug":"nebo-na-mojoj-strani","status":"publish","type":"product","link":"https:\/\/webshop.hitrecords.hr\/?product=nebo-na-mojoj-strani","title":{"rendered":"NEBO NA MOJOJ STRANI"},"content":{"rendered":"<p>Popis pjesama:<br \/>\n1.\tNebo na mojoj strani<br \/>\n2.\tOkovano srce<br \/>\n3.\tKamen na du\u0161i<br \/>\n4.\tPoljubac sre\u0107e<br \/>\n5.\tAko<br \/>\n6.\tNa ulazu<br \/>\n7.\tLijek za besane no\u0107i<br \/>\n8.\tNa tvojim usnama<br \/>\n9.\tPogledaj me<br \/>\n10.\tZagrli me<br \/>\n11.\tNa tvojim usnama (DJ Nole &amp; DJ Mika Remix)<br \/>\n12.\tNebo na mojoj strani feat. Emanuel<\/p>\n","protected":false},"excerpt":{"rendered":"<p>Popis pjesama: 1. Nebo na mojoj strani 2. Okovano srce 3. Kamen na du\u0161i 4. Poljubac sre\u0107e 5. Ako 6. Na ulazu 7. Lijek za besane no\u0107i 8. Na tvojim usnama 9. Pogledaj me 10. Zagrli me 11. Na tvojim usnama (DJ Nole &amp; DJ Mika Remix) 12. Nebo na mojoj strani feat. Emanuel<\/p>\n","protected":false},"featured_media":1269,"comment_status":"open","ping_status":"closed","template":"","meta":[],"product_brand":[],"product_cat":[31],"product_tag":[],"class_list":{"0":"post-1268","1":"product","2":"type-product","3":"status-publish","4":"has-post-thumbnail","6":"product_cat-cd","8":"first","9":"instock","10":"shipping-taxable","11":"purchasable","12":"product-type-simple"},"_links":{"self":[{"href":"https:\/\/webshop.hitrecords.hr\/index.php?rest_route=\/wp\/v2\/product\/1268","targetHints":{"allow":["GET"]}}],"collection":[{"href":"https:\/\/webshop.hitrecords.hr\/index.php?rest_route=\/wp\/v2\/product"}],"about":[{"href":"https:\/\/webshop.hitrecords.hr\/index.php?rest_route=\/wp\/v2\/types\/product"}],"replies":[{"embeddable":true,"href":"https:\/\/webshop.hitrecords.hr\/index.php?rest_route=%2Fwp%2Fv2%2Fcomments&post=1268"}],"wp:featuredmedia":[{"embeddable":true,"href":"https:\/\/webshop.hitrecords.hr\/index.php?rest_route=\/wp\/v2\/media\/1269"}],"wp:attachment":[{"href":"https:\/\/webshop.hitrecords.hr\/index.php?rest_route=%2Fwp%2Fv2%2Fmedia&parent=1268"}],"wp:term":[{"taxonomy":"product_brand","embeddable":true,"href":"https:\/\/webshop.hitrecords.hr\/index.php?rest_route=%2Fwp%2Fv2%2Fproduct_brand&post=1268"},{"taxonomy":"product_cat","embeddable":true,"href":"https:\/\/webshop.hitrecords.hr\/index.php?rest_route=%2Fwp%2Fv2%2Fproduct_cat&post=1268"},{"taxonomy":"product_tag","embeddable":true,"href":"https:\/\/webshop.hitrecords.hr\/index.php?rest_route=%2Fwp%2Fv2%2Fproduct_tag&post=1268"}],"curies":[{"name":"wp","href":"https:\/\/api.w.org\/{rel}","templated":true}]}}