{"id":1270,"date":"2026-02-01T14:41:28","date_gmt":"2026-02-01T13:41:28","guid":{"rendered":"http:\/\/hitrecords.digesthub.com\/proizvod\/luda-kuca\/"},"modified":"2026-02-01T14:41:28","modified_gmt":"2026-02-01T13:41:28","slug":"luda-kuca","status":"publish","type":"product","link":"https:\/\/webshop.hitrecords.hr\/?product=luda-kuca","title":{"rendered":"LUDA KU\u0106A"},"content":{"rendered":"<p>1.\tNEMA NATRAG FEAT. JASMIN STAVROS<br \/>\n2.\tNO\u0106I U BRAZILU FEAT. NEDA UKRADEN<br \/>\n3.\tNISAM JA TVOJA U\u010cITELJICA<br \/>\n4.\tGENERALE FEAT. SEVERINA<br \/>\n5.\tLUDA KU\u0106A<br \/>\n6.\t\u0160OK<br \/>\n7.\tDUNAV<br \/>\n8.\tAKO MI SE NE SPAVA FEAT. TARAPANA<br \/>\n9.\tKARAMELA<br \/>\n10.\tNA STANU<br \/>\n11.\tTAKO SE TO RADI FEAT. DJ MATEO<br \/>\n12.\tNA PRSTIMA<br \/>\n13.\t\u0160LAG<\/p>\n","protected":false},"excerpt":{"rendered":"<p>1. NEMA NATRAG FEAT. JASMIN STAVROS 2. NO\u0106I U BRAZILU FEAT. NEDA UKRADEN 3. NISAM JA TVOJA U\u010cITELJICA 4. GENERALE FEAT. SEVERINA 5. LUDA KU\u0106A 6. \u0160OK 7. DUNAV 8. AKO MI SE NE SPAVA FEAT. TARAPANA 9. KARAMELA 10. NA STANU 11. TAKO SE TO RADI FEAT. DJ MATEO 12. NA PRSTIMA 13. \u0160LAG<\/p>\n","protected":false},"featured_media":1271,"comment_status":"open","ping_status":"closed","template":"","meta":[],"product_brand":[],"product_cat":[31],"product_tag":[],"class_list":{"0":"post-1270","1":"product","2":"type-product","3":"status-publish","4":"has-post-thumbnail","6":"product_cat-cd","8":"first","9":"instock","10":"shipping-taxable","11":"purchasable","12":"product-type-simple"},"_links":{"self":[{"href":"https:\/\/webshop.hitrecords.hr\/index.php?rest_route=\/wp\/v2\/product\/1270","targetHints":{"allow":["GET"]}}],"collection":[{"href":"https:\/\/webshop.hitrecords.hr\/index.php?rest_route=\/wp\/v2\/product"}],"about":[{"href":"https:\/\/webshop.hitrecords.hr\/index.php?rest_route=\/wp\/v2\/types\/product"}],"replies":[{"embeddable":true,"href":"https:\/\/webshop.hitrecords.hr\/index.php?rest_route=%2Fwp%2Fv2%2Fcomments&post=1270"}],"wp:featuredmedia":[{"embeddable":true,"href":"https:\/\/webshop.hitrecords.hr\/index.php?rest_route=\/wp\/v2\/media\/1271"}],"wp:attachment":[{"href":"https:\/\/webshop.hitrecords.hr\/index.php?rest_route=%2Fwp%2Fv2%2Fmedia&parent=1270"}],"wp:term":[{"taxonomy":"product_brand","embeddable":true,"href":"https:\/\/webshop.hitrecords.hr\/index.php?rest_route=%2Fwp%2Fv2%2Fproduct_brand&post=1270"},{"taxonomy":"product_cat","embeddable":true,"href":"https:\/\/webshop.hitrecords.hr\/index.php?rest_route=%2Fwp%2Fv2%2Fproduct_cat&post=1270"},{"taxonomy":"product_tag","embeddable":true,"href":"https:\/\/webshop.hitrecords.hr\/index.php?rest_route=%2Fwp%2Fv2%2Fproduct_tag&post=1270"}],"curies":[{"name":"wp","href":"https:\/\/api.w.org\/{rel}","templated":true}]}}