{"id":1280,"date":"2026-02-01T14:41:29","date_gmt":"2026-02-01T13:41:29","guid":{"rendered":"http:\/\/hitrecords.digesthub.com\/proizvod\/3cd-box-hari-mata-hari-tose-proeski-zdravko-colic\/"},"modified":"2026-02-01T14:41:29","modified_gmt":"2026-02-01T13:41:29","slug":"3cd-box-hari-mata-hari-tose-proeski-zdravko-colic","status":"publish","type":"product","link":"https:\/\/webshop.hitrecords.hr\/?product=3cd-box-hari-mata-hari-tose-proeski-zdravko-colic","title":{"rendered":"3CD BOX Hari Mata Hari\/ To\u0161e Proeski\/ Zdravko \u010coli\u0107"},"content":{"rendered":"<p>Hari Mata Hari-Sre\u0107a<br \/>\nTo\u0161e Proeski-Ako me pogleda\u0161 u o\u010di<br \/>\nZdravko \u010coli\u0107-Kad pogleda\u0161 me preko ramena<\/p>\n","protected":false},"excerpt":{"rendered":"<p>Hari Mata Hari-Sre\u0107a To\u0161e Proeski-Ako me pogleda\u0161 u o\u010di Zdravko \u010coli\u0107-Kad pogleda\u0161 me preko ramena<\/p>\n","protected":false},"featured_media":1281,"comment_status":"open","ping_status":"closed","template":"","meta":[],"product_brand":[],"product_cat":[],"product_tag":[],"class_list":{"0":"post-1280","1":"product","2":"type-product","3":"status-publish","4":"has-post-thumbnail","7":"first","8":"instock","9":"shipping-taxable","10":"purchasable","11":"product-type-simple"},"_links":{"self":[{"href":"https:\/\/webshop.hitrecords.hr\/index.php?rest_route=\/wp\/v2\/product\/1280","targetHints":{"allow":["GET"]}}],"collection":[{"href":"https:\/\/webshop.hitrecords.hr\/index.php?rest_route=\/wp\/v2\/product"}],"about":[{"href":"https:\/\/webshop.hitrecords.hr\/index.php?rest_route=\/wp\/v2\/types\/product"}],"replies":[{"embeddable":true,"href":"https:\/\/webshop.hitrecords.hr\/index.php?rest_route=%2Fwp%2Fv2%2Fcomments&post=1280"}],"wp:featuredmedia":[{"embeddable":true,"href":"https:\/\/webshop.hitrecords.hr\/index.php?rest_route=\/wp\/v2\/media\/1281"}],"wp:attachment":[{"href":"https:\/\/webshop.hitrecords.hr\/index.php?rest_route=%2Fwp%2Fv2%2Fmedia&parent=1280"}],"wp:term":[{"taxonomy":"product_brand","embeddable":true,"href":"https:\/\/webshop.hitrecords.hr\/index.php?rest_route=%2Fwp%2Fv2%2Fproduct_brand&post=1280"},{"taxonomy":"product_cat","embeddable":true,"href":"https:\/\/webshop.hitrecords.hr\/index.php?rest_route=%2Fwp%2Fv2%2Fproduct_cat&post=1280"},{"taxonomy":"product_tag","embeddable":true,"href":"https:\/\/webshop.hitrecords.hr\/index.php?rest_route=%2Fwp%2Fv2%2Fproduct_tag&post=1280"}],"curies":[{"name":"wp","href":"https:\/\/api.w.org\/{rel}","templated":true}]}}