{"id":1286,"date":"2026-02-01T14:41:30","date_gmt":"2026-02-01T13:41:30","guid":{"rendered":"http:\/\/hitrecords.digesthub.com\/proizvod\/kao-u-snu\/"},"modified":"2026-02-01T14:41:30","modified_gmt":"2026-02-01T13:41:30","slug":"kao-u-snu","status":"publish","type":"product","link":"https:\/\/webshop.hitrecords.hr\/?product=kao-u-snu","title":{"rendered":"KAO U SNU"},"content":{"rendered":"<p>1.\tKAO U SNU<br \/>\n2.\t\u010cEKAM TE<br \/>\n3.\t\u010cUDU SE NADAM UZALUD<br \/>\n4.\tGENERAL BEZ \u010cINOVA<br \/>\n5.\tSVAKA TVOJA LA\u017d<br \/>\n6.\tJA NE ZNAM NIKOG BOLJEG OD TEBE<br \/>\n7.\tNEMAM SRE\u0106E S TOBOM<br \/>\n8.\tBLIZANAC<br \/>\n9.\tLJUBAV U KAMENU<br \/>\n10.\tLAKU NO\u0106<br \/>\n11.\tLU\u0110AK K`O JA<br \/>\n12.\tKRIK<br \/>\n13.\tMJESE\u010cAR<br \/>\n14.\tKAO U SNU (ACOUSTIC)<br \/>\n15.\tZABLUDA (feat. \u017deljko Joksimovi\u0107)<br \/>\n16.\tTUGO MOJA (feat. Jacques Houdek)<\/p>\n","protected":false},"excerpt":{"rendered":"<p>1. KAO U SNU 2. \u010cEKAM TE 3. \u010cUDU SE NADAM UZALUD 4. GENERAL BEZ \u010cINOVA 5. SVAKA TVOJA LA\u017d 6. JA NE ZNAM NIKOG BOLJEG OD TEBE 7. NEMAM SRE\u0106E S TOBOM 8. BLIZANAC 9. LJUBAV U KAMENU 10. LAKU NO\u0106 11. LU\u0110AK K`O JA 12. KRIK 13. MJESE\u010cAR 14. KAO U SNU (ACOUSTIC) [&hellip;]<\/p>\n","protected":false},"featured_media":1287,"comment_status":"open","ping_status":"closed","template":"","meta":[],"product_brand":[],"product_cat":[31],"product_tag":[],"class_list":{"0":"post-1286","1":"product","2":"type-product","3":"status-publish","4":"has-post-thumbnail","6":"product_cat-cd","8":"first","9":"instock","10":"shipping-taxable","11":"purchasable","12":"product-type-simple"},"_links":{"self":[{"href":"https:\/\/webshop.hitrecords.hr\/index.php?rest_route=\/wp\/v2\/product\/1286","targetHints":{"allow":["GET"]}}],"collection":[{"href":"https:\/\/webshop.hitrecords.hr\/index.php?rest_route=\/wp\/v2\/product"}],"about":[{"href":"https:\/\/webshop.hitrecords.hr\/index.php?rest_route=\/wp\/v2\/types\/product"}],"replies":[{"embeddable":true,"href":"https:\/\/webshop.hitrecords.hr\/index.php?rest_route=%2Fwp%2Fv2%2Fcomments&post=1286"}],"wp:featuredmedia":[{"embeddable":true,"href":"https:\/\/webshop.hitrecords.hr\/index.php?rest_route=\/wp\/v2\/media\/1287"}],"wp:attachment":[{"href":"https:\/\/webshop.hitrecords.hr\/index.php?rest_route=%2Fwp%2Fv2%2Fmedia&parent=1286"}],"wp:term":[{"taxonomy":"product_brand","embeddable":true,"href":"https:\/\/webshop.hitrecords.hr\/index.php?rest_route=%2Fwp%2Fv2%2Fproduct_brand&post=1286"},{"taxonomy":"product_cat","embeddable":true,"href":"https:\/\/webshop.hitrecords.hr\/index.php?rest_route=%2Fwp%2Fv2%2Fproduct_cat&post=1286"},{"taxonomy":"product_tag","embeddable":true,"href":"https:\/\/webshop.hitrecords.hr\/index.php?rest_route=%2Fwp%2Fv2%2Fproduct_tag&post=1286"}],"curies":[{"name":"wp","href":"https:\/\/api.w.org\/{rel}","templated":true}]}}